{"id":228,"date":"2025-09-01T13:15:00","date_gmt":"2025-09-01T13:15:00","guid":{"rendered":"https:\/\/zoomfrei.zoominsta.de\/privacy-policy\/"},"modified":"2025-09-04T12:41:27","modified_gmt":"2025-09-04T12:41:27","slug":"privacy-policy","status":"publish","type":"page","link":"https:\/\/zoomfrei.de\/es\/privacy-policy\/","title":{"rendered":"Pol\u00edtica de privacidad"},"content":{"rendered":"<section class=\"info2\">\n\n\n<p>Su privacidad en Internet es muy importante para el sitio web de Insta Zoom Anonym. Esta pol\u00edtica de privacidad tiene como objetivo informarle sobre la informaci\u00f3n que se obtiene de usted cuando visita el sitio web de Insta Zoom Anonym, c\u00f3mo se utiliza y divulga dicha informaci\u00f3n, y c\u00f3mo usted controla el uso y la divulgaci\u00f3n de informaci\u00f3n privada, y c\u00f3mo protegerla.<\/p>\n\n\n\n<p>T\u00f3mese un momento para familiarizarse con nuestras pr\u00e1cticas de privacidad y cont\u00e1ctenos si tiene alguna pregunta.<\/p>\n\n\n<\/section>\n<section class=\"info2\">\n\n\n<h2 class=\"wp-block-heading\">\u00bfQu\u00e9 informaci\u00f3n recopilamos?<\/h2>\n\n\n\n<h3 class=\"wp-block-heading\">1- Informaci\u00f3n de identificaci\u00f3n personal<\/h3>\n\n\n\n<p>Podemos recopilar informaci\u00f3n de identificaci\u00f3n personal de los Usuarios de diversas maneras, por ejemplo, cuando los Usuarios visitan nuestro sitio y completan un formulario en relaci\u00f3n con otras actividades, servicios, funciones o recursos que ponemos a disposici\u00f3n en nuestro Sitio. Los Usuarios pueden visitar nuestro Sitio de forma an\u00f3nima. Recopilaremos informaci\u00f3n de identificaci\u00f3n personal de los Usuarios solo si nos env\u00edan dicha informaci\u00f3n voluntariamente. Los Usuarios siempre pueden negarse a proporcionar informaci\u00f3n de identificaci\u00f3n personal, excepto que esto pueda impedirles participar en ciertas actividades relacionadas con el Sitio.<\/p>\n\n\n\n<h3 class=\"wp-block-heading\">2- Informaci\u00f3n de identificaci\u00f3n no personal<\/h3>\n\n\n\n<p>Podemos recopilar informaci\u00f3n de identificaci\u00f3n no personal sobre los Usuarios cada vez que interact\u00faan con nuestro Sitio. La informaci\u00f3n de identificaci\u00f3n no personal puede incluir el nombre del navegador, el tipo de computadora e informaci\u00f3n t\u00e9cnica sobre los medios de conexi\u00f3n de los Usuarios a nuestro Sitio, como el sistema operativo y los proveedores de servicios de Internet utilizados y otra informaci\u00f3n similar.<\/p>\n\n\n<\/section>\n<section class=\"info2\">\n\n\n<h2 class=\"wp-block-heading\">Tecnolog\u00edas de seguimiento y cookies<\/h2>\n\n\n\n<p>Utilizamos cookies y tecnolog\u00edas de seguimiento similares para rastrear la actividad en nuestro Servicio y almacenar cierta informaci\u00f3n. Las tecnolog\u00edas de seguimiento utilizadas son balizas, etiquetas y scripts para recopilar y rastrear informaci\u00f3n y para mejorar y analizar nuestro Servicio.<\/p>\n\n\n\n<p>Puede configurar su navegador para que rechace todas las cookies o para que le indique cu\u00e1ndo se env\u00eda una cookie. Sin embargo, si no acepta las cookies, es posible que no pueda utilizar algunas partes de nuestro Servicio.<\/p>\n\n\n\n<p>Las cookies pueden ser \u201cpersistentes\u201d o \u201cde sesi\u00f3n\u201d. Las cookies persistentes permanecen en su computadora personal o dispositivo m\u00f3vil cuando se desconecta, mientras que las cookies de sesi\u00f3n se eliminan tan pronto como cierra su navegador web.<\/p>\n\n\n\n<p>Utilizamos cookies tanto de sesi\u00f3n como persistentes para los fines que se detallan a continuaci\u00f3n:<\/p>\n\n\n\n<ul class=\"wp-block-list\">\n<li><strong>Cookies necesarias\/esenciales<\/strong>&nbsp;: \u201cCookies de sesi\u00f3n\u201d Estas cookies son esenciales para proporcionarle los servicios disponibles a trav\u00e9s del sitio web y permitirle utilizar algunas de sus funciones. Ayudan a autenticar a los usuarios y evitar el uso fraudulento. Sin estas cookies, no se pueden proporcionar los servicios que ha solicitado, y solo utilizamos estas cookies para proporcionarle esos servicios.<\/li>\n\n\n\n<li><strong>Pol\u00edtica de Cookies \/ Aviso Cookies de Aceptaci\u00f3n:&nbsp;<\/strong>&nbsp;\u201cCookies Persistentes\u201d Estas Cookies identifican si los usuarios han aceptado el uso de cookies en el Sitio Web.<\/li>\n\n\n\n<li><strong>Cookies de funcionalidad:<\/strong>&nbsp;&nbsp;\u201cCookies persistentes\u201d Estas cookies nos permiten recordar las opciones que usted elige cuando utiliza el sitio web, como la preferencia de idioma. El objetivo de estas cookies es proporcionarle una experiencia m\u00e1s personal y evitar que tenga que volver a introducir sus preferencias cada vez que utilice el sitio web.<\/li>\n\n\n\n<li><strong>Cookies de seguimiento y rendimiento:<\/strong>&nbsp;&nbsp;\u201cCookies persistentes\u201d Estas cookies se utilizan para realizar un seguimiento de la informaci\u00f3n sobre el tr\u00e1fico del sitio web y c\u00f3mo los usuarios lo utilizan. La informaci\u00f3n recopilada a trav\u00e9s de estas cookies puede identificarlo directa o indirectamente como visitante individual. Esto se debe a que la informaci\u00f3n recopilada generalmente est\u00e1 vinculada a un identificador seud\u00f3nimo asociado con el dispositivo que utiliza para acceder al sitio web. Tambi\u00e9n podemos utilizar estas cookies para probar nuevas p\u00e1ginas, caracter\u00edsticas o nuevas funcionalidades del sitio web para ver c\u00f3mo reaccionan nuestros usuarios a ellas.<\/li>\n\n\n\n<li><strong>Cookies de segmentaci\u00f3n y publicidad:<\/strong>&nbsp;&nbsp;\u201cCookies persistentes\u201d de terceros Finalidad: Estas cookies rastrean sus h\u00e1bitos de navegaci\u00f3n para permitirnos mostrarle publicidad que tenga m\u00e1s probabilidades de ser de su inter\u00e9s. Estas cookies utilizan informaci\u00f3n sobre su historial de navegaci\u00f3n para agruparlo con otros usuarios que tienen intereses similares. En funci\u00f3n de esa informaci\u00f3n, y con nuestro permiso, los anunciantes de terceros pueden colocar cookies para permitirles mostrar anuncios que creemos que ser\u00e1n relevantes para sus intereses mientras se encuentra en sitios web de terceros.<\/li>\n<\/ul>\n\n\n\n<p>Para obtener m\u00e1s informaci\u00f3n sobre las cookies que utilizamos y sus opciones con respecto a las cookies, visite nuestra&nbsp;&nbsp;<a href=\"https:\/\/zoomfrei.de\/es\/cookie-policy\/\" target=\"_blank\" rel=\"noreferrer noopener\">Pol\u00edtica de cookies<\/a>&nbsp;.<\/p>\n\n\n<\/section>\n<section class=\"info2\">\n\n\n<h2 class=\"wp-block-heading\">\u00bfQu\u00e9 hacemos con la informaci\u00f3n que recopilamos?<\/h2>\n\n\n\n<p>El sitio web Insta Zoom Anonym puede utilizar datos personales para los siguientes fines:<\/p>\n\n\n\n<ul class=\"wp-block-list\">\n<li>Para comunicarnos con usted: Para comunicarnos con usted por correo electr\u00f3nico u otras formas equivalentes de comunicaci\u00f3n electr\u00f3nica.<\/li>\n\n\n\n<li>Para brindarle noticias, ofertas especiales e informaci\u00f3n general sobre otros servicios y eventos que ofrecemos y que sean similares a aquellos sobre los que ha preguntado, a menos que haya optado por no recibir dicha informaci\u00f3n.<\/li>\n\n\n\n<li>Para gestionar sus solicitudes: Para atender y gestionar las solicitudes que nos realiza.<\/li>\n<\/ul>\n\n\n\n<p>Podemos compartir su informaci\u00f3n personal en las siguientes situaciones:<\/p>\n\n\n\n<ul class=\"wp-block-list\">\n<li>Con proveedores de servicios: podemos compartir su informaci\u00f3n personal con proveedores de servicios para monitorear y analizar el uso de nuestro Servicio, para mostrarle anuncios para ayudar a respaldar y mantener nuestro Servicio, para anunciarle en sitios web de terceros despu\u00e9s de que haya visitado nuestro Servicio, para contactarlo.<\/li>\n\n\n\n<li>Con afiliados: Podemos compartir su informaci\u00f3n con nuestros afiliados, en cuyo caso requeriremos que dichos afiliados respeten esta Pol\u00edtica de privacidad.<\/li>\n\n\n\n<li>Con socios comerciales: Podemos compartir su informaci\u00f3n con nuestros socios comerciales para ofrecerle ciertos productos, servicios o promociones.<\/li>\n\n\n\n<li>Con otros usuarios: cuando usted comparte informaci\u00f3n personal o interact\u00faa de otra manera en las \u00e1reas p\u00fablicas con otros usuarios, dicha informaci\u00f3n podr\u00e1 ser vista por todos los usuarios y podr\u00e1 distribuirse p\u00fablicamente en el exterior.<\/li>\n<\/ul>\n\n\n<\/section>\n<section class=\"info2\">\n\n\n<h2 class=\"wp-block-heading\">Conservaci\u00f3n de datos personales<\/h2>\n\n\n\n<p>El sitio web de Insta Zoom Anonym conservar\u00e1 sus datos personales solo durante el tiempo que sea necesario para los fines establecidos en esta Pol\u00edtica de privacidad. Conservaremos y utilizaremos sus datos personales en la medida necesaria para cumplir con nuestras obligaciones legales (por ejemplo, si estamos obligados a conservar sus datos para cumplir con las leyes aplicables), resolver disputas y hacer cumplir nuestros acuerdos y pol\u00edticas legales.<\/p>\n\n\n\n<p>Tambi\u00e9n conservaremos los Datos de uso para fines de an\u00e1lisis interno. Los Datos de uso generalmente se conservan durante un per\u00edodo de tiempo m\u00e1s corto, excepto cuando estos datos se utilizan para reforzar la seguridad o mejorar la funcionalidad de Nuestro Servicio, o estamos obligados legalmente a conservar estos datos durante per\u00edodos de tiempo m\u00e1s largos.<\/p>\n\n\n\n<p>Tomaremos todas las medidas razonablemente necesarias para garantizar que sus datos sean tratados de forma segura y de acuerdo con esta Pol\u00edtica de privacidad y no se realizar\u00e1 ninguna transferencia de sus datos personales a una organizaci\u00f3n o un pa\u00eds a menos que existan controles adecuados, incluida la seguridad de sus datos y otra informaci\u00f3n personal.<\/p>\n\n\n<\/section>\n<section class=\"info2\">\n\n\n<h2 class=\"wp-block-heading\">Divulgaci\u00f3n de datos personales<\/h2>\n\n\n\n<ul class=\"wp-block-list\">\n<li>Transacciones comerciales: si Insta Zoom Anonym participa en una fusi\u00f3n, adquisici\u00f3n o venta de activos, sus datos personales pueden ser transferidos. Le notificaremos antes de que sus datos personales sean transferidos y queden sujetos a una Pol\u00edtica de privacidad diferente.<\/li>\n\n\n\n<li>Cumplimiento de la ley: en determinadas circunstancias, es posible que Insta Zoom Anonym deba divulgar sus datos personales si as\u00ed lo exige la ley o en respuesta a solicitudes v\u00e1lidas de autoridades p\u00fablicas (por ejemplo, un tribunal o una agencia gubernamental).<\/li>\n\n\n\n<li>Otros requisitos legales: Cumplir con una obligaci\u00f3n legal, Prevenir o investigar posibles infracciones en relaci\u00f3n con el Servicio, Proteger contra responsabilidad legal, Seguridad de sus Datos Personales.<\/li>\n<\/ul>\n\n\n<\/section>\n<section class=\"info2\">\n\n\n<h2 class=\"wp-block-heading\">Seguridad<\/h2>\n\n\n\n<p>No vendemos ni intercambiamos ninguna informaci\u00f3n identificable cuyo propietario se haya ofrecido voluntariamente a presentarla en nuestro sitio web a ning\u00fan tercero sin el consentimiento previo de la persona. Sin embargo, podemos compartir cierta informaci\u00f3n del usuario para satisfacer sus necesidades. Toda informaci\u00f3n proporcionada por los usuarios de nuestro sitio se conserva con cuidado y seguridad y no se utiliza de ninguna otra manera que la especificada en esta pol\u00edtica de privacidad, o cualquier pol\u00edtica limitada a sitios espec\u00edficos, o de cualquier manera que usted haya aceptado expresamente. Utilizamos en nuestro sitio web \u201cInsta Zoom Anonym\u201d una variedad de tecnolog\u00edas y medidas de seguridad para proteger la informaci\u00f3n guardada en nuestro sistema de p\u00e9rdida, mal uso o acceso a ella sin autorizaci\u00f3n, divulgaci\u00f3n, modificaci\u00f3n o destrucci\u00f3n.<\/p>\n\n\n\n<p>Pero el sitio web \u201cInsta Zoom Anonym\u201d no asume ninguna responsabilidad por la seguridad de la informaci\u00f3n.<\/p>\n\n\n<\/section>\n<section class=\"info2\">\n\n\n<h2 class=\"wp-block-heading\">Informaci\u00f3n detallada sobre el tratamiento de datos personales<\/h2>\n\n\n\n<p>Los proveedores de servicios tienen acceso a sus datos personales \u00fanicamente para realizar sus tareas en nuestro nombre y est\u00e1n obligados a no divulgarlos ni utilizarlos para ning\u00fan otro prop\u00f3sito.<\/p>\n\n\n\n<ul class=\"wp-block-list\">\n<li>An\u00e1lisis: Podemos utilizar proveedores de servicios externos para supervisar y analizar el uso de nuestro Servicio. Por ejemplo, Google Analytics es un servicio de an\u00e1lisis web ofrecido por Google que rastrea y genera informes sobre el tr\u00e1fico del sitio web.<\/li>\n\n\n\n<li>Publicidad: Podemos utilizar proveedores de servicios para mostrarle anuncios para ayudar a respaldar y mantener nuestro Servicio.<\/li>\n\n\n\n<li>Marketing por correo electr\u00f3nico: Podemos utilizar sus datos personales para comunicarnos con usted con boletines informativos, materiales de marketing o promocionales y otra informaci\u00f3n que pueda ser de su inter\u00e9s.<\/li>\n\n\n\n<li>Uso, rendimiento y varios: Podemos utilizar proveedores de servicios externos para proporcionar una mejor mejora de nuestro Servicio. reCAPTCHA es operado por Google para recopilar informaci\u00f3n de usted y de su dispositivo con fines de seguridad.<\/li>\n<\/ul>\n\n\n<\/section>\n<section class=\"info2\">\n\n\n<h2 class=\"wp-block-heading\">Cambios en la Pol\u00edtica de Privacidad<\/h2>\n\n\n\n<p>Insta Zoom Anonym tiene plena autoridad para actualizar esta Pol\u00edtica de privacidad en cualquier momento. Le notificaremos cualquier cambio publicando la nueva Pol\u00edtica de privacidad en esta p\u00e1gina. Se recomienda revisar esta Pol\u00edtica de privacidad peri\u00f3dicamente para conocer los cambios y ver c\u00f3mo ayudamos a proteger la informaci\u00f3n personal que recopilamos. Usted reconoce y acepta que es su responsabilidad revisar esta Pol\u00edtica de privacidad peri\u00f3dicamente y conocer las modificaciones. Los cambios a esta Pol\u00edtica de privacidad entran en vigencia cuando se publican en esta p\u00e1gina.<\/p>\n\n\n<\/section>\n<section class=\"info2\">\n\n\n<h2 class=\"wp-block-heading\">Aceptaci\u00f3n de la pol\u00edtica de privacidad<\/h2>\n\n\n\n<p>Su uso de cualquier p\u00e1gina del sitio web significa su aceptaci\u00f3n incondicional de nuestra pol\u00edtica de privacidad y su compromiso con cualquier t\u00e9rmino que requiera que usted tome acci\u00f3n de su parte y, con base en lo que esta pol\u00edtica proporciona, si no est\u00e1 de acuerdo con los t\u00e9rminos de esta pol\u00edtica, debe abandonar las p\u00e1ginas del sitio web y dejar de usarlo inmediatamente.<\/p>\n\n\n<\/section>\n<section class=\"info2\">\n\n\n<h2 class=\"wp-block-heading\">Cont\u00e1ctenos<\/h2>\n\n\n\n<p>Si tiene alguna pregunta sobre esta Pol\u00edtica de privacidad, puede contactarnos: Visitando la&nbsp; p\u00e1gina&nbsp;<strong><a href=\"https:\/\/zoomfrei.de\/es\/contact-us\/\" target=\"_blank\" rel=\"noreferrer noopener\">Cont\u00e1ctenos<\/a><\/strong>&nbsp;&nbsp;en el sitio web.<\/p>\n\n\n<\/section>","protected":false},"excerpt":{"rendered":"<p>Su privacidad en Internet es muy importante para el sitio web de Insta Zoom Anonym. Esta pol\u00edtica de privacidad tiene como<a href=\"https:\/\/zoomfrei.de\/es\/privacy-policy\/\" rel=\"nofollow\">&#8230;see more<\/a><\/p>\n","protected":false},"author":2,"featured_media":0,"parent":0,"menu_order":0,"comment_status":"closed","ping_status":"closed","template":"","meta":{"footnotes":""},"class_list":["post-228","page","type-page","status-publish","hentry"],"yoast_head":"<!-- This site is optimized with the Yoast SEO plugin v26.9 - https:\/\/yoast.com\/product\/yoast-seo-wordpress\/ -->\n<title>Pol\u00edtica de privacidad: sus datos y seguridad | Insta Zoom Anonym<\/title>\n<meta name=\"description\" content=\"Lea la Pol\u00edtica de privacidad de Insta Zoom Anonym para comprender sus derechos en materia de datos y nuestro compromiso con la seguridad.\" \/>\n<meta name=\"robots\" content=\"index, follow, max-snippet:-1, max-image-preview:large, max-video-preview:-1\" \/>\n<link rel=\"canonical\" href=\"https:\/\/zoomfrei.de\/es\/privacy-policy\/\" \/>\n<meta property=\"og:locale\" content=\"es_ES\" \/>\n<meta property=\"og:type\" content=\"article\" \/>\n<meta property=\"og:title\" content=\"Pol\u00edtica de privacidad: sus datos y seguridad | Insta Zoom Anonym\" \/>\n<meta property=\"og:description\" content=\"Lea la Pol\u00edtica de privacidad de Insta Zoom Anonym para comprender sus derechos en materia de datos y nuestro compromiso con la seguridad.\" \/>\n<meta property=\"og:url\" content=\"https:\/\/zoomfrei.de\/es\/privacy-policy\/\" \/>\n<meta property=\"og:site_name\" content=\"Zoom Instagram\" \/>\n<meta property=\"article:modified_time\" content=\"2025-09-04T12:41:27+00:00\" \/>\n<meta name=\"twitter:card\" content=\"summary_large_image\" \/>\n<meta name=\"twitter:label1\" content=\"Tiempo de lectura\" \/>\n\t<meta name=\"twitter:data1\" content=\"8 minutos\" \/>\n<script type=\"application\/ld+json\" class=\"yoast-schema-graph\">{\"@context\":\"https:\/\/schema.org\",\"@graph\":[{\"@type\":\"WebPage\",\"@id\":\"https:\/\/zoomfrei.de\/es\/privacy-policy\/\",\"url\":\"https:\/\/zoomfrei.de\/es\/privacy-policy\/\",\"name\":\"Pol\u00edtica de privacidad: sus datos y seguridad | Insta Zoom Anonym\",\"isPartOf\":{\"@id\":\"https:\/\/zoomfrei.de\/es\/#website\"},\"datePublished\":\"2025-09-01T13:15:00+00:00\",\"dateModified\":\"2025-09-04T12:41:27+00:00\",\"description\":\"Lea la Pol\u00edtica de privacidad de Insta Zoom Anonym para comprender sus derechos en materia de datos y nuestro compromiso con la seguridad.\",\"breadcrumb\":{\"@id\":\"https:\/\/zoomfrei.de\/es\/privacy-policy\/#breadcrumb\"},\"inLanguage\":\"es\",\"potentialAction\":[{\"@type\":\"ReadAction\",\"target\":[\"https:\/\/zoomfrei.de\/es\/privacy-policy\/\"]}]},{\"@type\":\"BreadcrumbList\",\"@id\":\"https:\/\/zoomfrei.de\/es\/privacy-policy\/#breadcrumb\",\"itemListElement\":[{\"@type\":\"ListItem\",\"position\":1,\"name\":\"Home\",\"item\":\"https:\/\/zoomfrei.de\/es\/\"},{\"@type\":\"ListItem\",\"position\":2,\"name\":\"Pol\u00edtica de privacidad\"}]},{\"@type\":\"WebSite\",\"@id\":\"https:\/\/zoomfrei.de\/es\/#website\",\"url\":\"https:\/\/zoomfrei.de\/es\/\",\"name\":\"Zoom Instagram\",\"description\":\"\",\"publisher\":{\"@id\":\"https:\/\/zoomfrei.de\/es\/#organization\"},\"potentialAction\":[{\"@type\":\"SearchAction\",\"target\":{\"@type\":\"EntryPoint\",\"urlTemplate\":\"https:\/\/zoomfrei.de\/es\/?s={search_term_string}\"},\"query-input\":{\"@type\":\"PropertyValueSpecification\",\"valueRequired\":true,\"valueName\":\"search_term_string\"}}],\"inLanguage\":\"es\"},{\"@type\":\"Organization\",\"@id\":\"https:\/\/zoomfrei.de\/es\/#organization\",\"name\":\"Zoom Instagram\",\"url\":\"https:\/\/zoomfrei.de\/es\/\",\"logo\":{\"@type\":\"ImageObject\",\"inLanguage\":\"es\",\"@id\":\"https:\/\/zoomfrei.de\/es\/#\/schema\/logo\/image\/\",\"url\":\"https:\/\/zoomfrei.de\/wp-content\/uploads\/sites\/3\/2025\/09\/logo_new.png\",\"contentUrl\":\"https:\/\/zoomfrei.de\/wp-content\/uploads\/sites\/3\/2025\/09\/logo_new.png\",\"width\":512,\"height\":512,\"caption\":\"Zoom Instagram\"},\"image\":{\"@id\":\"https:\/\/zoomfrei.de\/es\/#\/schema\/logo\/image\/\"}}]}<\/script>\n<!-- \/ Yoast SEO plugin. -->","yoast_head_json":{"title":"Pol\u00edtica de privacidad: sus datos y seguridad | Insta Zoom Anonym","description":"Lea la Pol\u00edtica de privacidad de Insta Zoom Anonym para comprender sus derechos en materia de datos y nuestro compromiso con la seguridad.","robots":{"index":"index","follow":"follow","max-snippet":"max-snippet:-1","max-image-preview":"max-image-preview:large","max-video-preview":"max-video-preview:-1"},"canonical":"https:\/\/zoomfrei.de\/es\/privacy-policy\/","og_locale":"es_ES","og_type":"article","og_title":"Pol\u00edtica de privacidad: sus datos y seguridad | Insta Zoom Anonym","og_description":"Lea la Pol\u00edtica de privacidad de Insta Zoom Anonym para comprender sus derechos en materia de datos y nuestro compromiso con la seguridad.","og_url":"https:\/\/zoomfrei.de\/es\/privacy-policy\/","og_site_name":"Zoom Instagram","article_modified_time":"2025-09-04T12:41:27+00:00","twitter_card":"summary_large_image","twitter_misc":{"Tiempo de lectura":"8 minutos"},"schema":{"@context":"https:\/\/schema.org","@graph":[{"@type":"WebPage","@id":"https:\/\/zoomfrei.de\/es\/privacy-policy\/","url":"https:\/\/zoomfrei.de\/es\/privacy-policy\/","name":"Pol\u00edtica de privacidad: sus datos y seguridad | Insta Zoom Anonym","isPartOf":{"@id":"https:\/\/zoomfrei.de\/es\/#website"},"datePublished":"2025-09-01T13:15:00+00:00","dateModified":"2025-09-04T12:41:27+00:00","description":"Lea la Pol\u00edtica de privacidad de Insta Zoom Anonym para comprender sus derechos en materia de datos y nuestro compromiso con la seguridad.","breadcrumb":{"@id":"https:\/\/zoomfrei.de\/es\/privacy-policy\/#breadcrumb"},"inLanguage":"es","potentialAction":[{"@type":"ReadAction","target":["https:\/\/zoomfrei.de\/es\/privacy-policy\/"]}]},{"@type":"BreadcrumbList","@id":"https:\/\/zoomfrei.de\/es\/privacy-policy\/#breadcrumb","itemListElement":[{"@type":"ListItem","position":1,"name":"Home","item":"https:\/\/zoomfrei.de\/es\/"},{"@type":"ListItem","position":2,"name":"Pol\u00edtica de privacidad"}]},{"@type":"WebSite","@id":"https:\/\/zoomfrei.de\/es\/#website","url":"https:\/\/zoomfrei.de\/es\/","name":"Zoom Instagram","description":"","publisher":{"@id":"https:\/\/zoomfrei.de\/es\/#organization"},"potentialAction":[{"@type":"SearchAction","target":{"@type":"EntryPoint","urlTemplate":"https:\/\/zoomfrei.de\/es\/?s={search_term_string}"},"query-input":{"@type":"PropertyValueSpecification","valueRequired":true,"valueName":"search_term_string"}}],"inLanguage":"es"},{"@type":"Organization","@id":"https:\/\/zoomfrei.de\/es\/#organization","name":"Zoom Instagram","url":"https:\/\/zoomfrei.de\/es\/","logo":{"@type":"ImageObject","inLanguage":"es","@id":"https:\/\/zoomfrei.de\/es\/#\/schema\/logo\/image\/","url":"https:\/\/zoomfrei.de\/wp-content\/uploads\/sites\/3\/2025\/09\/logo_new.png","contentUrl":"https:\/\/zoomfrei.de\/wp-content\/uploads\/sites\/3\/2025\/09\/logo_new.png","width":512,"height":512,"caption":"Zoom Instagram"},"image":{"@id":"https:\/\/zoomfrei.de\/es\/#\/schema\/logo\/image\/"}}]}},"_links":{"self":[{"href":"https:\/\/zoomfrei.de\/es\/wp-json\/wp\/v2\/pages\/228","targetHints":{"allow":["GET"]}}],"collection":[{"href":"https:\/\/zoomfrei.de\/es\/wp-json\/wp\/v2\/pages"}],"about":[{"href":"https:\/\/zoomfrei.de\/es\/wp-json\/wp\/v2\/types\/page"}],"author":[{"embeddable":true,"href":"https:\/\/zoomfrei.de\/es\/wp-json\/wp\/v2\/users\/2"}],"replies":[{"embeddable":true,"href":"https:\/\/zoomfrei.de\/es\/wp-json\/wp\/v2\/comments?post=228"}],"version-history":[{"count":4,"href":"https:\/\/zoomfrei.de\/es\/wp-json\/wp\/v2\/pages\/228\/revisions"}],"predecessor-version":[{"id":1391,"href":"https:\/\/zoomfrei.de\/es\/wp-json\/wp\/v2\/pages\/228\/revisions\/1391"}],"wp:attachment":[{"href":"https:\/\/zoomfrei.de\/es\/wp-json\/wp\/v2\/media?parent=228"}],"curies":[{"name":"wp","href":"https:\/\/api.w.org\/{rel}","templated":true}]}}