{"id":249,"date":"2025-09-01T13:27:00","date_gmt":"2025-09-01T13:27:00","guid":{"rendered":"https:\/\/zoomfrei.zoominsta.de\/usage-policy\/"},"modified":"2025-09-04T12:46:50","modified_gmt":"2025-09-04T12:46:50","slug":"usage-policy","status":"publish","type":"page","link":"https:\/\/zoomfrei.de\/es\/usage-policy\/","title":{"rendered":"Pol\u00edtica de uso"},"content":{"rendered":"<section class=\"info2\">\n\n\n<p>Lea atentamente esta Pol\u00edtica de uso antes de acceder a nuestro sitio web. Nuestra Pol\u00edtica de uso puede cambiar de vez en cuando para estar en l\u00ednea con los desarrollos de nuestro sitio web y brindarles a nuestros valiosos usuarios la mayor satisfacci\u00f3n. Le recomendamos encarecidamente que lea los t\u00e9rminos y condiciones y las pol\u00edticas de privacidad de cualquier sitio web o servicio de terceros que visite.<\/p>\n\n\n<\/section>\n<section class=\"info2\">\n\n\n<h2 class=\"wp-block-heading\">Acceso al sitio web<\/h2>\n\n\n\n<p>Su acceso y uso del Servicio est\u00e1 sujeto a la aceptaci\u00f3n y cumplimiento de estos T\u00e9rminos y Condiciones. Estos T\u00e9rminos y Condiciones se aplican a todos los visitantes, usuarios y otras personas que accedan o utilicen el Servicio.<\/p>\n\n\n\n<p>Al acceder o utilizar el Servicio, usted acepta estar sujeto a estos T\u00e9rminos y condiciones. Si no est\u00e1 de acuerdo con alguna parte de estos T\u00e9rminos y condiciones, no podr\u00e1 acceder al Servicio.<\/p>\n\n\n\n<p>Su acceso al Servicio y su uso tambi\u00e9n est\u00e1n condicionados a su aceptaci\u00f3n y cumplimiento de la Pol\u00edtica de Privacidad de la Compa\u00f1\u00eda. Nuestra Pol\u00edtica de Privacidad describe Nuestras pol\u00edticas y procedimientos sobre la recopilaci\u00f3n, uso y divulgaci\u00f3n de Su informaci\u00f3n personal cuando Usted utiliza el Sitio Web y le informa sobre Sus derechos de privacidad y c\u00f3mo la ley lo protege. Lea atentamente Nuestra Pol\u00edtica de Privacidad antes de utilizar Nuestro Servicio.<\/p>\n\n\n<\/section>\n<section class=\"info2\">\n\n\n<h2 class=\"wp-block-heading\">Uso no autorizado<\/h2>\n\n\n\n<p>Usted podr\u00e1 utilizar este sitio web \u00fanicamente con fines legales. No podr\u00e1 utilizar el sitio web si su uso incluye alguno de los siguientes casos:<\/p>\n\n\n\n<ul class=\"wp-block-list\">\n<li>Cualquier incumplimiento en cualquier forma de cualquier ley o regulaci\u00f3n local, nacional o internacional aplicable.<\/li>\n\n\n\n<li>Utilizar el Sitio Web de manera ilegal o fraudulenta o para cualquier prop\u00f3sito o efecto ilegal o fraudulento.<\/li>\n\n\n\n<li>Utilizar el Sitio Web para difamar, publicar material obsceno u ofender de cualquier modo a cualquier persona.<\/li>\n\n\n\n<li>Promover cualquier material sexualmente expl\u00edcito o discriminaci\u00f3n de cualquier tipo; o transmitir o causar la transmisi\u00f3n de cualquier material publicitario o promocional no deseado o no autorizado o cualquier otra forma de material no deseado (spam).<\/li>\n<\/ul>\n\n\n<\/section>\n<section class=\"info2\">\n\n\n<h2 class=\"wp-block-heading\">Derechos de propiedad intelectual<\/h2>\n\n\n\n<ul class=\"wp-block-list\">\n<li>Todas las marcas comerciales mencionadas en el sitio son propiedad de sus due\u00f1os a menos que se indique lo contrario. Este sitio est\u00e1 protegido por derechos de autor, marcas comerciales, datos y derechos de propiedad intelectual, y usted debe reconocer que estos derechos son parte del sitio y que estos derechos siguen siendo propiedad nuestra o de nuestros licenciantes.<\/li>\n\n\n\n<li>No reclamaremos la propiedad de ning\u00fan contenido que usted ofrezca o proporcione en el sitio. Cualquier material que usted cargue en el sitio no se considera confidencial ni privado, y tenemos el derecho de usar, copiar, distribuir y divulgar este contenido a terceros para cualquier prop\u00f3sito.<\/li>\n<\/ul>\n\n\n<\/section>\n<section class=\"info2\">\n\n\n<h2 class=\"wp-block-heading\">Responsabilidad legal<\/h2>\n\n\n\n<ul class=\"wp-block-list\">\n<li>No seremos responsables de ninguna manera por ning\u00fan contenido, p\u00e9rdidas o da\u00f1os de ning\u00fan tipo que se produzcan como resultado del uso de cualquier contenido, ya sea publicado o enviado por correo electr\u00f3nico, transmitido o proporcionado en este sitio web de otra manera.<\/li>\n\n\n\n<li>Usted reconoce que no somos responsables de la seguridad o confidencialidad del sitio web ni de la informaci\u00f3n que usted proporcione al sitio. Usted es responsable de los riesgos asociados con el uso de Internet.<\/li>\n\n\n\n<li>No somos responsables del contenido de sus comentarios y publicaciones enviadas, y la responsabilidad legal y moral recae enteramente sobre usted.<\/li>\n<\/ul>\n\n\n<\/section>\n<section class=\"info2\">\n\n\n<h2 class=\"wp-block-heading\">Problema de derechos de autor<\/h2>\n\n\n\n<ul class=\"wp-block-list\">\n<li>Insta Zoom Anonym respeta los derechos de autor y cumple con las leyes y regulaciones de derechos de autor.<\/li>\n\n\n\n<li>Los usuarios son responsables del contenido que utilizan.<\/li>\n\n\n\n<li>Insta Zoom Anonym permite guardar fotos y v\u00eddeos de su cuenta o de cualquier cuenta p\u00fablica.<\/li>\n\n\n\n<li>Solo mostramos el contenido \u201ctal cual\u201d que los usuarios han publicado en Instagram. Los usuarios son responsables de garantizar que tienen el derecho legal de acuerdo con las leyes pertinentes y de garantizar sus propios derechos de propiedad intelectual en relaci\u00f3n con el contenido publicado.<\/li>\n\n\n\n<li>Insta Zoom Anonym no realiza copias de seguridad ni archiva el contenido de los usuarios por ning\u00fan motivo.<\/li>\n\n\n\n<li>Alentamos y agradecemos a quienes nos informen sobre cualquier sospecha de mal uso, tergiversaci\u00f3n, uso no autorizado, infracci\u00f3n e incumplimiento para nuestro manejo adecuado.<\/li>\n<\/ul>\n\n\n<\/section>\n<section class=\"info2\">\n\n\n<h2 class=\"wp-block-heading\">Exactitud del contenido y los materiales<\/h2>\n\n\n\n<p>El contenido y los materiales que aparecen en el sitio web de Insta Zoom Anonym pueden incluir errores t\u00e9cnicos, tipogr\u00e1ficos o fotogr\u00e1ficos. Insta Zoom Anonym no garantiza que el contenido y los materiales sean precisos, completos o actuales. Insta Zoom Anonym puede realizar cambios en el contenido y los materiales incluidos en su sitio web en cualquier momento sin previo aviso.<\/p>\n\n\n\n<h2 class=\"wp-block-heading\">Campo de golf<\/h2>\n\n\n\n<p>Insta Zoom Anonym no asume ninguna responsabilidad por ninguno de los sitios vinculados a su sitio web, ni por su contenido. La inclusi\u00f3n de cualquier enlace no implica la aprobaci\u00f3n por parte de Insta Zoom Anonym del sitio. El uso de dichos sitios web vinculados se realiza por cuenta y riesgo del Usuario.<\/p>\n\n\n\n<h2 class=\"wp-block-heading\">Privacidad<\/h2>\n\n\n\n<p>Operamos el sitio web Insta Zoom Anonym de conformidad con nuestros principios establecidos para garantizar que la confidencialidad de la informaci\u00f3n personal, incluida la informaci\u00f3n de nuestros usuarios, est\u00e9 protegida y se mantenga sin revelarla a terceros por ning\u00fan motivo. Puede ver la&nbsp; p\u00e1gina&nbsp;<a href=\"https:\/\/zoomfrei.de\/es\/privacy-policy\/\">de pol\u00edtica de privacidad<\/a>&nbsp;&nbsp;.<\/p>\n\n\n<\/section>\n<section class=\"info2\">\n\n\n<h2 class=\"wp-block-heading\">Descargo de responsabilidad<\/h2>\n\n\n\n<p>El contenido y los materiales del sitio web de Insta Zoom Anonym se proporcionan \u00abtal como est\u00e1n\u00bb. Insta Zoom Anonym no ofrece garant\u00edas, expresas o impl\u00edcitas, y por la presente renuncia y niega todas las dem\u00e1s garant\u00edas, incluidas, entre otras, las garant\u00edas o condiciones impl\u00edcitas de comerciabilidad, idoneidad para un prop\u00f3sito particular o no infracci\u00f3n de la propiedad intelectual u otra violaci\u00f3n de derechos. Adem\u00e1s, el sitio web de Insta Zoom Anonym no garantiza ni hace ninguna declaraci\u00f3n sobre la precisi\u00f3n, los resultados probables o la confiabilidad del uso del contenido y los materiales en su sitio web o de otro modo relacionados con dicho contenido y materiales o en cualquier sitio vinculado al sitio.<\/p>\n\n\n<\/section>\n<section class=\"info2\">\n\n\n<h2 class=\"wp-block-heading\">Condiciones generales<\/h2>\n\n\n\n<ul class=\"wp-block-list\">\n<li>El uso que usted hace del Servicio se realiza bajo su propio riesgo. El servicio se proporciona \u201ctal como est\u00e1\u201d y \u201cseg\u00fan disponibilidad\u201d.<\/li>\n\n\n\n<li>Llamamos la atenci\u00f3n de usuarios reales a tu feed, pero no podemos protegerte del spam ni de seguidores falsos e inactivos. No es posible detenerlos, pero puedes eliminar a los seguidores no deseados por tu cuenta o con servicios especiales.<\/li>\n\n\n\n<li>No podemos garantizar el funcionamiento continuo, ininterrumpido o libre de errores de los servicios.<\/li>\n\n\n\n<li>El soporte para los servicios Insta Zoom Anonym est\u00e1 disponible en varios idiomas por correo electr\u00f3nico.<\/li>\n\n\n\n<li>No debe modificar, adaptar o piratear el Servicio ni modificar otro sitio web de manera que d\u00e9 a entender falsamente que est\u00e1 asociado con los Servicios Insta Zoom Anonym.<\/li>\n\n\n\n<li>Usted comprende que Insta Zoom Anonym utiliza proveedores externos y socios de alojamiento para proporcionar el hardware, el software, la red, el almacenamiento y la tecnolog\u00eda relacionada necesarios para ejecutar el Servicio.<\/li>\n\n\n\n<li>El sitio web de Insta Zoom Anonym no garantiza que (i) el servicio cumplir\u00e1 con sus requisitos espec\u00edficos, (ii) el servicio ser\u00e1 ininterrumpido, oportuno, seguro o libre de errores, (iii) los resultados que puedan obtenerse del uso del servicio ser\u00e1n precisos o confiables, (iv) corregir\u00e1 cualquier error en el Servicio.<\/li>\n\n\n\n<li>Usted comprende y acepta expresamente que Insta Zoom Anonym no ser\u00e1 responsable de ning\u00fan da\u00f1o directo o indirecto.<\/li>\n\n\n\n<li>Es su exclusiva responsabilidad verificar si los T\u00e9rminos han cambiado.<\/li>\n<\/ul>\n\n\n<\/section>\n<section class=\"info2\">\n\n\n<h2 class=\"wp-block-heading\">Cambios en los T\u00e9rminos y Condiciones<\/h2>\n\n\n\n<p>Insta Zoom Anonym podr\u00e1 modificar estas pol\u00edticas de uso en cualquier momento. Haremos todos los esfuerzos razonables para notificar antes de que entren en vigor los nuevos t\u00e9rminos. Lo que constituye un cambio sustancial se determinar\u00e1 a nuestro exclusivo criterio.<\/p>\n\n\n\n<p>Si contin\u00faa accediendo o utilizando nuestro Servicio despu\u00e9s de que dichas revisiones entren en vigor, usted acepta estar sujeto a los t\u00e9rminos revisados. Si no acepta los nuevos t\u00e9rminos, en su totalidad o en parte, deje de utilizar el sitio web y el Servicio.<\/p>\n\n\n\n<h2 class=\"wp-block-heading\">Aceptaci\u00f3n de la pol\u00edtica de uso<\/h2>\n\n\n\n<p>Al acceder y utilizar nuestro sitio web, usted manifiesta su aceptaci\u00f3n de nuestra Pol\u00edtica de uso. Si no est\u00e1 de acuerdo con alg\u00fan contenido, no utilice nuestro sitio web. Su uso continuado de los Servicios despu\u00e9s de la publicaci\u00f3n de cambios a esta pol\u00edtica se considerar\u00e1 como su aceptaci\u00f3n de dichos cambios.<\/p>\n\n\n\n<h2 class=\"wp-block-heading\">Cont\u00e1ctenos<\/h2>\n\n\n\n<p>Si tiene alguna pregunta sobre estos T\u00e9rminos y Condiciones, puede&nbsp;&nbsp;<a href=\"https:\/\/zoomfrei.de\/es\/contact-us\/\" target=\"_blank\" rel=\"noreferrer noopener\">contactarnos .<\/a><\/p>\n\n\n<\/section>","protected":false},"excerpt":{"rendered":"<p>Lea atentamente esta Pol\u00edtica de uso antes de acceder a nuestro sitio web. Nuestra Pol\u00edtica de uso puede cambiar de vez<a href=\"https:\/\/zoomfrei.de\/es\/usage-policy\/\" rel=\"nofollow\">&#8230;see more<\/a><\/p>\n","protected":false},"author":2,"featured_media":0,"parent":0,"menu_order":0,"comment_status":"closed","ping_status":"closed","template":"","meta":{"footnotes":""},"class_list":["post-249","page","type-page","status-publish","hentry"],"yoast_head":"<!-- This site is optimized with the Yoast SEO plugin v26.9 - https:\/\/yoast.com\/product\/yoast-seo-wordpress\/ -->\n<title>Pol\u00edtica de uso - pautas para usar Insta Zoom Anonym<\/title>\n<meta name=\"description\" content=\"Lea nuestra Pol\u00edtica de uso para comprender las pautas para usar los servicios de Insta Zoom Anonym de manera segura y responsable.\" \/>\n<meta name=\"robots\" content=\"index, follow, max-snippet:-1, max-image-preview:large, max-video-preview:-1\" \/>\n<link rel=\"canonical\" href=\"https:\/\/zoomfrei.de\/es\/usage-policy\/\" \/>\n<meta property=\"og:locale\" content=\"es_ES\" \/>\n<meta property=\"og:type\" content=\"article\" \/>\n<meta property=\"og:title\" content=\"Pol\u00edtica de uso - pautas para usar Insta Zoom Anonym\" \/>\n<meta property=\"og:description\" content=\"Lea nuestra Pol\u00edtica de uso para comprender las pautas para usar los servicios de Insta Zoom Anonym de manera segura y responsable.\" \/>\n<meta property=\"og:url\" content=\"https:\/\/zoomfrei.de\/es\/usage-policy\/\" \/>\n<meta property=\"og:site_name\" content=\"Zoom Instagram\" \/>\n<meta property=\"article:modified_time\" content=\"2025-09-04T12:46:50+00:00\" \/>\n<meta name=\"twitter:card\" content=\"summary_large_image\" \/>\n<meta name=\"twitter:label1\" content=\"Tiempo de lectura\" \/>\n\t<meta name=\"twitter:data1\" content=\"6 minutos\" \/>\n<script type=\"application\/ld+json\" class=\"yoast-schema-graph\">{\"@context\":\"https:\/\/schema.org\",\"@graph\":[{\"@type\":\"WebPage\",\"@id\":\"https:\/\/zoomfrei.de\/es\/usage-policy\/\",\"url\":\"https:\/\/zoomfrei.de\/es\/usage-policy\/\",\"name\":\"Pol\u00edtica de uso - pautas para usar Insta Zoom Anonym\",\"isPartOf\":{\"@id\":\"https:\/\/zoomfrei.de\/es\/#website\"},\"datePublished\":\"2025-09-01T13:27:00+00:00\",\"dateModified\":\"2025-09-04T12:46:50+00:00\",\"description\":\"Lea nuestra Pol\u00edtica de uso para comprender las pautas para usar los servicios de Insta Zoom Anonym de manera segura y responsable.\",\"breadcrumb\":{\"@id\":\"https:\/\/zoomfrei.de\/es\/usage-policy\/#breadcrumb\"},\"inLanguage\":\"es\",\"potentialAction\":[{\"@type\":\"ReadAction\",\"target\":[\"https:\/\/zoomfrei.de\/es\/usage-policy\/\"]}]},{\"@type\":\"BreadcrumbList\",\"@id\":\"https:\/\/zoomfrei.de\/es\/usage-policy\/#breadcrumb\",\"itemListElement\":[{\"@type\":\"ListItem\",\"position\":1,\"name\":\"Home\",\"item\":\"https:\/\/zoomfrei.de\/es\/\"},{\"@type\":\"ListItem\",\"position\":2,\"name\":\"Pol\u00edtica de uso\"}]},{\"@type\":\"WebSite\",\"@id\":\"https:\/\/zoomfrei.de\/es\/#website\",\"url\":\"https:\/\/zoomfrei.de\/es\/\",\"name\":\"Zoom Instagram\",\"description\":\"\",\"publisher\":{\"@id\":\"https:\/\/zoomfrei.de\/es\/#organization\"},\"potentialAction\":[{\"@type\":\"SearchAction\",\"target\":{\"@type\":\"EntryPoint\",\"urlTemplate\":\"https:\/\/zoomfrei.de\/es\/?s={search_term_string}\"},\"query-input\":{\"@type\":\"PropertyValueSpecification\",\"valueRequired\":true,\"valueName\":\"search_term_string\"}}],\"inLanguage\":\"es\"},{\"@type\":\"Organization\",\"@id\":\"https:\/\/zoomfrei.de\/es\/#organization\",\"name\":\"Zoom Instagram\",\"url\":\"https:\/\/zoomfrei.de\/es\/\",\"logo\":{\"@type\":\"ImageObject\",\"inLanguage\":\"es\",\"@id\":\"https:\/\/zoomfrei.de\/es\/#\/schema\/logo\/image\/\",\"url\":\"https:\/\/zoomfrei.de\/wp-content\/uploads\/sites\/3\/2025\/09\/logo_new.png\",\"contentUrl\":\"https:\/\/zoomfrei.de\/wp-content\/uploads\/sites\/3\/2025\/09\/logo_new.png\",\"width\":512,\"height\":512,\"caption\":\"Zoom Instagram\"},\"image\":{\"@id\":\"https:\/\/zoomfrei.de\/es\/#\/schema\/logo\/image\/\"}}]}<\/script>\n<!-- \/ Yoast SEO plugin. -->","yoast_head_json":{"title":"Pol\u00edtica de uso - pautas para usar Insta Zoom Anonym","description":"Lea nuestra Pol\u00edtica de uso para comprender las pautas para usar los servicios de Insta Zoom Anonym de manera segura y responsable.","robots":{"index":"index","follow":"follow","max-snippet":"max-snippet:-1","max-image-preview":"max-image-preview:large","max-video-preview":"max-video-preview:-1"},"canonical":"https:\/\/zoomfrei.de\/es\/usage-policy\/","og_locale":"es_ES","og_type":"article","og_title":"Pol\u00edtica de uso - pautas para usar Insta Zoom Anonym","og_description":"Lea nuestra Pol\u00edtica de uso para comprender las pautas para usar los servicios de Insta Zoom Anonym de manera segura y responsable.","og_url":"https:\/\/zoomfrei.de\/es\/usage-policy\/","og_site_name":"Zoom Instagram","article_modified_time":"2025-09-04T12:46:50+00:00","twitter_card":"summary_large_image","twitter_misc":{"Tiempo de lectura":"6 minutos"},"schema":{"@context":"https:\/\/schema.org","@graph":[{"@type":"WebPage","@id":"https:\/\/zoomfrei.de\/es\/usage-policy\/","url":"https:\/\/zoomfrei.de\/es\/usage-policy\/","name":"Pol\u00edtica de uso - pautas para usar Insta Zoom Anonym","isPartOf":{"@id":"https:\/\/zoomfrei.de\/es\/#website"},"datePublished":"2025-09-01T13:27:00+00:00","dateModified":"2025-09-04T12:46:50+00:00","description":"Lea nuestra Pol\u00edtica de uso para comprender las pautas para usar los servicios de Insta Zoom Anonym de manera segura y responsable.","breadcrumb":{"@id":"https:\/\/zoomfrei.de\/es\/usage-policy\/#breadcrumb"},"inLanguage":"es","potentialAction":[{"@type":"ReadAction","target":["https:\/\/zoomfrei.de\/es\/usage-policy\/"]}]},{"@type":"BreadcrumbList","@id":"https:\/\/zoomfrei.de\/es\/usage-policy\/#breadcrumb","itemListElement":[{"@type":"ListItem","position":1,"name":"Home","item":"https:\/\/zoomfrei.de\/es\/"},{"@type":"ListItem","position":2,"name":"Pol\u00edtica de uso"}]},{"@type":"WebSite","@id":"https:\/\/zoomfrei.de\/es\/#website","url":"https:\/\/zoomfrei.de\/es\/","name":"Zoom Instagram","description":"","publisher":{"@id":"https:\/\/zoomfrei.de\/es\/#organization"},"potentialAction":[{"@type":"SearchAction","target":{"@type":"EntryPoint","urlTemplate":"https:\/\/zoomfrei.de\/es\/?s={search_term_string}"},"query-input":{"@type":"PropertyValueSpecification","valueRequired":true,"valueName":"search_term_string"}}],"inLanguage":"es"},{"@type":"Organization","@id":"https:\/\/zoomfrei.de\/es\/#organization","name":"Zoom Instagram","url":"https:\/\/zoomfrei.de\/es\/","logo":{"@type":"ImageObject","inLanguage":"es","@id":"https:\/\/zoomfrei.de\/es\/#\/schema\/logo\/image\/","url":"https:\/\/zoomfrei.de\/wp-content\/uploads\/sites\/3\/2025\/09\/logo_new.png","contentUrl":"https:\/\/zoomfrei.de\/wp-content\/uploads\/sites\/3\/2025\/09\/logo_new.png","width":512,"height":512,"caption":"Zoom Instagram"},"image":{"@id":"https:\/\/zoomfrei.de\/es\/#\/schema\/logo\/image\/"}}]}},"_links":{"self":[{"href":"https:\/\/zoomfrei.de\/es\/wp-json\/wp\/v2\/pages\/249","targetHints":{"allow":["GET"]}}],"collection":[{"href":"https:\/\/zoomfrei.de\/es\/wp-json\/wp\/v2\/pages"}],"about":[{"href":"https:\/\/zoomfrei.de\/es\/wp-json\/wp\/v2\/types\/page"}],"author":[{"embeddable":true,"href":"https:\/\/zoomfrei.de\/es\/wp-json\/wp\/v2\/users\/2"}],"replies":[{"embeddable":true,"href":"https:\/\/zoomfrei.de\/es\/wp-json\/wp\/v2\/comments?post=249"}],"version-history":[{"count":6,"href":"https:\/\/zoomfrei.de\/es\/wp-json\/wp\/v2\/pages\/249\/revisions"}],"predecessor-version":[{"id":1394,"href":"https:\/\/zoomfrei.de\/es\/wp-json\/wp\/v2\/pages\/249\/revisions\/1394"}],"wp:attachment":[{"href":"https:\/\/zoomfrei.de\/es\/wp-json\/wp\/v2\/media?parent=249"}],"curies":[{"name":"wp","href":"https:\/\/api.w.org\/{rel}","templated":true}]}}