{"id":257,"date":"2025-09-01T13:31:00","date_gmt":"2025-09-01T13:31:00","guid":{"rendered":"https:\/\/zoomfrei.zoominsta.de\/cookie-policy\/"},"modified":"2026-02-02T08:43:36","modified_gmt":"2026-02-02T08:43:36","slug":"cookie-policy","status":"publish","type":"page","link":"https:\/\/zoomfrei.de\/es\/cookie-policy\/","title":{"rendered":"Pol\u00edtica de cookies"},"content":{"rendered":"<section class=\"info2\">\n\n\n<h2 class=\"wp-block-heading\">Sobre esta pol\u00edtica de cookie<\/h2>\n\n\n\n<p>Esta Pol\u00edtica de Cookies detalla qu\u00e9 son las cookies y de qu\u00e9 manera las utilizamos, as\u00ed como los diferentes tipos de cookies que empleamos, es decir, la informaci\u00f3n que recopilamos a trav\u00e9s de estas y el uso que se le da a dicha informaci\u00f3n. Tambi\u00e9n se explica c\u00f3mo puede gestionar sus preferencias en relaci\u00f3n con las cookies. Para conocer m\u00e1s sobre c\u00f3mo manejamos, almacenamos y protegemos sus datos personales, le invitamos a revisar nuestra Pol\u00edtica de Privacidad. En cualquier momento, tiene la opci\u00f3n de modificar o revocar su consentimiento respecto a la Declaraci\u00f3n de Cookies en nuestro sitio web. Para m\u00e1s informaci\u00f3n sobre nuestra identidad, c\u00f3mo contactarnos y el tratamiento de datos personales, consulte nuestra Pol\u00edtica de Privacidad. Su consentimiento es v\u00e1lido para los siguientes dominios: <a href=\"https:\/\/zoomfrei.de\/es\/\">zoomfrei.de\/es\/<\/a>.<\/p>\n\n\n<\/section>\n<section class=\"info2\">\n\n\n<h3 class=\"wp-block-heading\">\u00bfQu\u00e9 son las cookie?<\/h3>\n\n\n\n<p>Las cookies son peque\u00f1os archivos de texto que se utilizan para almacenar fragmentos de informaci\u00f3n. Se almacenan en su dispositivo cuando se accede al sitio web a trav\u00e9s de su navegador. Estas cookies son esenciales para el correcto funcionamiento del sitio, mejoran su seguridad, proporcionan una experiencia de usuario m\u00e1s satisfactoria y permiten comprender c\u00f3mo opera el sitio, as\u00ed como evaluar qu\u00e9 elementos son eficaces y cu\u00e1les necesitan ser optimizados.<\/p>\n\n\n\n<h3 class=\"wp-block-heading\">C\u00f3mo usamos las cookies?<\/h3>\n\n\n\n<p>Al igual que la mayor\u00eda de los servicios en l\u00ednea, nuestro portal utiliza tanto cookies propias como de terceros con diversos fines. Las cookies de origen son principalmente esenciales para el correcto funcionamiento del sitio y no recogen informaci\u00f3n que pueda identificarlo personalmente. Por otro lado, las cookies de terceros que empleamos en nuestro sitio tienen como objetivo principal comprender el funcionamiento del mismo, analizar c\u00f3mo los usuarios interact\u00faan con \u00e9l, garantizar la seguridad de nuestros servicios, ofrecer anuncios que sean pertinentes para usted y, en general, proporcionarle una experiencia de usuario m\u00e1s satisfactoria y optimizada, facilitando as\u00ed sus futuras interacciones con nuestro sitio web.<\/p>\n\n\n<\/section>\n<section class=\"info2\">\n\n\n<h3 class=\"wp-block-heading\">\u00bfQu\u00e9 tipos de cookies utilizamos?<\/h3>\n\n\n\n<ul class=\"wp-block-list\">\n<li>Esenciales: algunas cookies son fundamentales para que pueda disfrutar de todas las funcionalidades de nuestro sitio web. Estas cookies nos permiten mantener las sesiones de los usuarios y proteger la seguridad del sitio. No recogen ni almacenan informaci\u00f3n personal. Por ejemplo, estas cookies facilitan el inicio de sesi\u00f3n en su cuenta, as\u00ed como la adici\u00f3n de productos a su carrito y el pago seguro.<\/li>\n\n\n\n<li>Estad\u00edsticas: estas cookies recopilan datos como el n\u00famero de visitantes del sitio, la cantidad de visitantes \u00fanicos, las p\u00e1ginas que han sido visitadas y la fuente de las visitas, entre otros. Esta informaci\u00f3n es crucial para que podamos entender y analizar el rendimiento del sitio web y determinar las \u00e1reas que requieren mejoras.<\/li>\n\n\n\n<li>Marketing: Nuestro sitio web presenta anuncios. Estas cookies se utilizan para personalizar los anuncios que le mostramos, asegurando que sean relevantes para usted. Adem\u00e1s, nos ayudan a monitorear la efectividad de nuestras campa\u00f1as publicitarias. La informaci\u00f3n que se almacena en estas cookies tambi\u00e9n puede ser utilizada por anunciantes de terceros para mostrarle anuncios en otros sitios web mientras navega.<\/li>\n\n\n\n<li>Funcionales: Estas son las cookies que permiten ciertas funcionalidades no esenciales en nuestro sitio. Estas caracter\u00edsticas incluyen la posibilidad de incrustar contenido como videos o compartir informaci\u00f3n del sitio en redes sociales.<\/li>\n\n\n\n<li>Preferencias: estas cookies nos permiten guardar sus configuraciones y preferencias de navegaci\u00f3n, como el idioma elegido, para que su experiencia en futuras visitas al sitio web sea m\u00e1s agradable y eficiente.<\/li>\n<\/ul>\n\n\n<\/section>\n<aside class=\"info2\">\n\n\n<h4 class=\"wp-block-heading\">\u00bfC\u00f3mo puedo controlar las preferencias de cookies?<\/h4>\n\n\n\n<p>Si decide cambiar sus preferencias m\u00e1s tarde a trav\u00e9s de su sesi\u00f3n de navegaci\u00f3n, puede hacer clic en la pesta\u00f1a \u00abPol\u00edtica de privacidad y cookies\u00bb en su pantalla. Esto mostrar\u00e1 el aviso de consentimiento nuevamente, lo que le permitir\u00e1 cambiar sus preferencias o retirar su consentimiento por completo. Adem\u00e1s de esto, los diferentes navegadores brindan diferentes m\u00e9todos para bloquear y eliminar las cookies utilizadas por los sitios web. Puede cambiar la configuraci\u00f3n de su navegador para bloquear\/eliminar las cookies. Para obtener m\u00e1s informaci\u00f3n sobre c\u00f3mo administrar y eliminar cookies, visite <a href=\"https:\/\/www.wikipedia.org\/\">wikipedia.org<\/a>, <a href=\"https:\/\/allaboutcookies.org\/\">www.allaboutcookies.org<\/a>.<\/p>\n\n\n<\/aside>","protected":false},"excerpt":{"rendered":"<p>Sobre esta pol\u00edtica de cookie Esta Pol\u00edtica de Cookies detalla qu\u00e9 son las cookies y de qu\u00e9 manera las utilizamos, as\u00ed<a href=\"https:\/\/zoomfrei.de\/es\/cookie-policy\/\" rel=\"nofollow\">&#8230;see more<\/a><\/p>\n","protected":false},"author":2,"featured_media":0,"parent":0,"menu_order":0,"comment_status":"closed","ping_status":"closed","template":"","meta":{"footnotes":""},"class_list":["post-257","page","type-page","status-publish","hentry"],"yoast_head":"<!-- This site is optimized with the Yoast SEO plugin v26.9 - https:\/\/yoast.com\/product\/yoast-seo-wordpress\/ -->\n<title>Pol\u00edtica de cookies - c\u00f3mo utilizamos las cookies | Zoom Insta<\/title>\n<meta name=\"description\" content=\"Obtenga m\u00e1s informaci\u00f3n sobre nuestra Pol\u00edtica de cookies, c\u00f3mo utilizamos las cookies para mejorar su experiencia en Zoom Insta.\" \/>\n<meta name=\"robots\" content=\"index, follow, max-snippet:-1, max-image-preview:large, max-video-preview:-1\" \/>\n<link rel=\"canonical\" href=\"https:\/\/zoomfrei.de\/es\/cookie-policy\/\" \/>\n<meta property=\"og:locale\" content=\"es_ES\" \/>\n<meta property=\"og:type\" content=\"article\" \/>\n<meta property=\"og:title\" content=\"Pol\u00edtica de cookies - c\u00f3mo utilizamos las cookies | Zoom Insta\" \/>\n<meta property=\"og:description\" content=\"Obtenga m\u00e1s informaci\u00f3n sobre nuestra Pol\u00edtica de cookies, c\u00f3mo utilizamos las cookies para mejorar su experiencia en Zoom Insta.\" \/>\n<meta property=\"og:url\" content=\"https:\/\/zoomfrei.de\/es\/cookie-policy\/\" \/>\n<meta property=\"og:site_name\" content=\"Zoom Instagram\" \/>\n<meta property=\"article:modified_time\" content=\"2026-02-02T08:43:36+00:00\" \/>\n<meta name=\"twitter:card\" content=\"summary_large_image\" \/>\n<meta name=\"twitter:label1\" content=\"Tiempo de lectura\" \/>\n\t<meta name=\"twitter:data1\" content=\"3 minutos\" \/>\n<script type=\"application\/ld+json\" class=\"yoast-schema-graph\">{\"@context\":\"https:\/\/schema.org\",\"@graph\":[{\"@type\":\"WebPage\",\"@id\":\"https:\/\/zoomfrei.de\/es\/cookie-policy\/\",\"url\":\"https:\/\/zoomfrei.de\/es\/cookie-policy\/\",\"name\":\"Pol\u00edtica de cookies - c\u00f3mo utilizamos las cookies | Zoom Insta\",\"isPartOf\":{\"@id\":\"https:\/\/zoomfrei.de\/es\/#website\"},\"datePublished\":\"2025-09-01T13:31:00+00:00\",\"dateModified\":\"2026-02-02T08:43:36+00:00\",\"description\":\"Obtenga m\u00e1s informaci\u00f3n sobre nuestra Pol\u00edtica de cookies, c\u00f3mo utilizamos las cookies para mejorar su experiencia en Zoom Insta.\",\"breadcrumb\":{\"@id\":\"https:\/\/zoomfrei.de\/es\/cookie-policy\/#breadcrumb\"},\"inLanguage\":\"es\",\"potentialAction\":[{\"@type\":\"ReadAction\",\"target\":[\"https:\/\/zoomfrei.de\/es\/cookie-policy\/\"]}]},{\"@type\":\"BreadcrumbList\",\"@id\":\"https:\/\/zoomfrei.de\/es\/cookie-policy\/#breadcrumb\",\"itemListElement\":[{\"@type\":\"ListItem\",\"position\":1,\"name\":\"Home\",\"item\":\"https:\/\/zoomfrei.de\/es\/\"},{\"@type\":\"ListItem\",\"position\":2,\"name\":\"Pol\u00edtica de cookies\"}]},{\"@type\":\"WebSite\",\"@id\":\"https:\/\/zoomfrei.de\/es\/#website\",\"url\":\"https:\/\/zoomfrei.de\/es\/\",\"name\":\"Zoom Instagram\",\"description\":\"\",\"publisher\":{\"@id\":\"https:\/\/zoomfrei.de\/es\/#organization\"},\"potentialAction\":[{\"@type\":\"SearchAction\",\"target\":{\"@type\":\"EntryPoint\",\"urlTemplate\":\"https:\/\/zoomfrei.de\/es\/?s={search_term_string}\"},\"query-input\":{\"@type\":\"PropertyValueSpecification\",\"valueRequired\":true,\"valueName\":\"search_term_string\"}}],\"inLanguage\":\"es\"},{\"@type\":\"Organization\",\"@id\":\"https:\/\/zoomfrei.de\/es\/#organization\",\"name\":\"Zoom Instagram\",\"url\":\"https:\/\/zoomfrei.de\/es\/\",\"logo\":{\"@type\":\"ImageObject\",\"inLanguage\":\"es\",\"@id\":\"https:\/\/zoomfrei.de\/es\/#\/schema\/logo\/image\/\",\"url\":\"https:\/\/zoomfrei.de\/wp-content\/uploads\/sites\/3\/2025\/09\/logo_new.png\",\"contentUrl\":\"https:\/\/zoomfrei.de\/wp-content\/uploads\/sites\/3\/2025\/09\/logo_new.png\",\"width\":512,\"height\":512,\"caption\":\"Zoom Instagram\"},\"image\":{\"@id\":\"https:\/\/zoomfrei.de\/es\/#\/schema\/logo\/image\/\"}}]}<\/script>\n<!-- \/ Yoast SEO plugin. -->","yoast_head_json":{"title":"Pol\u00edtica de cookies - c\u00f3mo utilizamos las cookies | Zoom Insta","description":"Obtenga m\u00e1s informaci\u00f3n sobre nuestra Pol\u00edtica de cookies, c\u00f3mo utilizamos las cookies para mejorar su experiencia en Zoom Insta.","robots":{"index":"index","follow":"follow","max-snippet":"max-snippet:-1","max-image-preview":"max-image-preview:large","max-video-preview":"max-video-preview:-1"},"canonical":"https:\/\/zoomfrei.de\/es\/cookie-policy\/","og_locale":"es_ES","og_type":"article","og_title":"Pol\u00edtica de cookies - c\u00f3mo utilizamos las cookies | Zoom Insta","og_description":"Obtenga m\u00e1s informaci\u00f3n sobre nuestra Pol\u00edtica de cookies, c\u00f3mo utilizamos las cookies para mejorar su experiencia en Zoom Insta.","og_url":"https:\/\/zoomfrei.de\/es\/cookie-policy\/","og_site_name":"Zoom Instagram","article_modified_time":"2026-02-02T08:43:36+00:00","twitter_card":"summary_large_image","twitter_misc":{"Tiempo de lectura":"3 minutos"},"schema":{"@context":"https:\/\/schema.org","@graph":[{"@type":"WebPage","@id":"https:\/\/zoomfrei.de\/es\/cookie-policy\/","url":"https:\/\/zoomfrei.de\/es\/cookie-policy\/","name":"Pol\u00edtica de cookies - c\u00f3mo utilizamos las cookies | Zoom Insta","isPartOf":{"@id":"https:\/\/zoomfrei.de\/es\/#website"},"datePublished":"2025-09-01T13:31:00+00:00","dateModified":"2026-02-02T08:43:36+00:00","description":"Obtenga m\u00e1s informaci\u00f3n sobre nuestra Pol\u00edtica de cookies, c\u00f3mo utilizamos las cookies para mejorar su experiencia en Zoom Insta.","breadcrumb":{"@id":"https:\/\/zoomfrei.de\/es\/cookie-policy\/#breadcrumb"},"inLanguage":"es","potentialAction":[{"@type":"ReadAction","target":["https:\/\/zoomfrei.de\/es\/cookie-policy\/"]}]},{"@type":"BreadcrumbList","@id":"https:\/\/zoomfrei.de\/es\/cookie-policy\/#breadcrumb","itemListElement":[{"@type":"ListItem","position":1,"name":"Home","item":"https:\/\/zoomfrei.de\/es\/"},{"@type":"ListItem","position":2,"name":"Pol\u00edtica de cookies"}]},{"@type":"WebSite","@id":"https:\/\/zoomfrei.de\/es\/#website","url":"https:\/\/zoomfrei.de\/es\/","name":"Zoom Instagram","description":"","publisher":{"@id":"https:\/\/zoomfrei.de\/es\/#organization"},"potentialAction":[{"@type":"SearchAction","target":{"@type":"EntryPoint","urlTemplate":"https:\/\/zoomfrei.de\/es\/?s={search_term_string}"},"query-input":{"@type":"PropertyValueSpecification","valueRequired":true,"valueName":"search_term_string"}}],"inLanguage":"es"},{"@type":"Organization","@id":"https:\/\/zoomfrei.de\/es\/#organization","name":"Zoom Instagram","url":"https:\/\/zoomfrei.de\/es\/","logo":{"@type":"ImageObject","inLanguage":"es","@id":"https:\/\/zoomfrei.de\/es\/#\/schema\/logo\/image\/","url":"https:\/\/zoomfrei.de\/wp-content\/uploads\/sites\/3\/2025\/09\/logo_new.png","contentUrl":"https:\/\/zoomfrei.de\/wp-content\/uploads\/sites\/3\/2025\/09\/logo_new.png","width":512,"height":512,"caption":"Zoom Instagram"},"image":{"@id":"https:\/\/zoomfrei.de\/es\/#\/schema\/logo\/image\/"}}]}},"_links":{"self":[{"href":"https:\/\/zoomfrei.de\/es\/wp-json\/wp\/v2\/pages\/257","targetHints":{"allow":["GET"]}}],"collection":[{"href":"https:\/\/zoomfrei.de\/es\/wp-json\/wp\/v2\/pages"}],"about":[{"href":"https:\/\/zoomfrei.de\/es\/wp-json\/wp\/v2\/types\/page"}],"author":[{"embeddable":true,"href":"https:\/\/zoomfrei.de\/es\/wp-json\/wp\/v2\/users\/2"}],"replies":[{"embeddable":true,"href":"https:\/\/zoomfrei.de\/es\/wp-json\/wp\/v2\/comments?post=257"}],"version-history":[{"count":6,"href":"https:\/\/zoomfrei.de\/es\/wp-json\/wp\/v2\/pages\/257\/revisions"}],"predecessor-version":[{"id":1905,"href":"https:\/\/zoomfrei.de\/es\/wp-json\/wp\/v2\/pages\/257\/revisions\/1905"}],"wp:attachment":[{"href":"https:\/\/zoomfrei.de\/es\/wp-json\/wp\/v2\/media?parent=257"}],"curies":[{"name":"wp","href":"https:\/\/api.w.org\/{rel}","templated":true}]}}