{"id":264,"date":"2025-09-01T13:32:00","date_gmt":"2025-09-01T13:32:00","guid":{"rendered":"https:\/\/zoomfrei.zoominsta.de\/contact-us\/"},"modified":"2026-02-19T06:54:12","modified_gmt":"2026-02-19T06:54:12","slug":"contact-us","status":"publish","type":"page","link":"https:\/\/zoomfrei.de\/es\/contact-us\/","title":{"rendered":"Cont\u00e1ctenos"},"content":{"rendered":"\n<header class=\"main-header-search\">\n\t<h1 class=\"main-search__title\">Cont\u00e1ctenos<\/h1>\n\t<p class=\"main-search__title-under\">Si tiene curiosidad acerca de nuestras funciones o necesita ayuda con nuestros servicios, nuestro equipo est\u00e1 aqu\u00ed para brindarle las respuestas que necesita sobre Insta Zoom Anonym.<\/p>\n<\/header>\n\n\n\n<section class=\"info\">\n    <div class=\"background-border\">\n        <div class=\"container\">\n            <div class=\"info__text-block\">\n                <h2 class=\"info__text-block-title-services\">Nos alegra saber de usted,<\/h2>\n                <p>\n                    En <a href=\"\/es\/\">Insta Zoom Anonym<\/a> , \u00a1estamos aqu\u00ed para ayudarte! Si tienes preguntas sobre nuestro servicio de zoom para fotos de perfil de Instagram, necesitas ayuda para ver historias o publicaciones, o has tenido un problema con nuestras herramientas, estamos aqu\u00ed para escucharte. Tus comentarios nos ayudan a mejorar y garantizan una experiencia perfecta. Completa el formulario a continuaci\u00f3n y nuestro equipo te responder\u00e1 a la brevedad.\n                <\/p>\n                <figure class=\"wp-block-image size-full is-resized\">\n                    <img loading=\"lazy\" decoding=\"async\" width=\"300\" height=\"80\" src=\"\/wp-content\/uploads\/sites\/3\/2025\/09\/support-email.png\" alt=\"support-email\" class=\"wp-image-361\" style=\"width:200px;height:50px\">\n                <\/figure>\n                \n<div class=\"wpcf7 no-js\" id=\"wpcf7-f385-o1\" lang=\"es-ES\" dir=\"ltr\" data-wpcf7-id=\"385\">\n<div class=\"screen-reader-response\"><p role=\"status\" aria-live=\"polite\" aria-atomic=\"true\"><\/p> <ul><\/ul><\/div>\n<form action=\"\/es\/wp-json\/wp\/v2\/pages\/264#wpcf7-f385-o1\" method=\"post\" class=\"wpcf7-form init\" aria-label=\"Formulario de contacto\" novalidate=\"novalidate\" data-status=\"init\">\n<fieldset class=\"hidden-fields-container\"><input type=\"hidden\" name=\"_wpcf7\" value=\"385\" \/><input type=\"hidden\" name=\"_wpcf7_version\" value=\"6.1.4\" \/><input type=\"hidden\" name=\"_wpcf7_locale\" value=\"es_ES\" \/><input type=\"hidden\" name=\"_wpcf7_unit_tag\" value=\"wpcf7-f385-o1\" \/><input type=\"hidden\" name=\"_wpcf7_container_post\" value=\"0\" \/><input type=\"hidden\" name=\"_wpcf7_posted_data_hash\" value=\"\" \/>\n<\/fieldset>\n<p><label> Tu Nombre<br \/>\n<span class=\"wpcf7-form-control-wrap\" data-name=\"your-name\"><input size=\"40\" maxlength=\"400\" class=\"wpcf7-form-control wpcf7-text wpcf7-validates-as-required\" autocomplete=\"name\" aria-required=\"true\" aria-invalid=\"false\" value=\"\" type=\"text\" name=\"your-name\" \/><\/span> <\/label>\n<\/p>\n<p><label> Tu correo electr\u00f3nico<br \/>\n<span class=\"wpcf7-form-control-wrap\" data-name=\"your-email\"><input size=\"40\" maxlength=\"400\" class=\"wpcf7-form-control wpcf7-email wpcf7-validates-as-required wpcf7-text wpcf7-validates-as-email\" autocomplete=\"email\" aria-required=\"true\" aria-invalid=\"false\" value=\"\" type=\"email\" name=\"your-email\" \/><\/span> <\/label>\n<\/p>\n<p><label> Asunto<br \/>\n<span class=\"wpcf7-form-control-wrap\" data-name=\"your-subject\"><input size=\"40\" maxlength=\"400\" class=\"wpcf7-form-control wpcf7-text wpcf7-validates-as-required\" aria-required=\"true\" aria-invalid=\"false\" value=\"\" type=\"text\" name=\"your-subject\" \/><\/span> <\/label>\n<\/p>\n<p><label> Tu mensaje (opcional)<br \/>\n<span class=\"wpcf7-form-control-wrap\" data-name=\"your-message\"><textarea cols=\"40\" rows=\"10\" maxlength=\"2000\" class=\"wpcf7-form-control wpcf7-textarea\" aria-invalid=\"false\" name=\"your-message\"><\/textarea><\/span> <\/label>\n<\/p>\n<p><input class=\"wpcf7-form-control wpcf7-submit has-spinner\" type=\"submit\" value=\"Enviar\" \/>\n<\/p><p style=\"display: none !important;\" class=\"akismet-fields-container\" data-prefix=\"_wpcf7_ak_\"><label>&#916;<textarea name=\"_wpcf7_ak_hp_textarea\" cols=\"45\" rows=\"8\" maxlength=\"100\"><\/textarea><\/label><input type=\"hidden\" id=\"ak_js_1\" name=\"_wpcf7_ak_js\" value=\"200\"\/><script>document.getElementById( \"ak_js_1\" ).setAttribute( \"value\", ( new Date() ).getTime() );<\/script><\/p><div class=\"wpcf7-response-output\" aria-hidden=\"true\"><\/div>\n<\/form>\n<\/div>\n\n            <\/div>\n        <\/div>\n    <\/div>\n<\/section>\n","protected":false},"excerpt":{"rendered":"<p>Cont\u00e1ctenos Si tiene curiosidad acerca de nuestras funciones o necesita ayuda con nuestros servicios, nuestro equipo est\u00e1 aqu\u00ed para brindarle las<a href=\"https:\/\/zoomfrei.de\/es\/contact-us\/\" rel=\"nofollow\">&#8230;see more<\/a><\/p>\n","protected":false},"author":2,"featured_media":0,"parent":0,"menu_order":0,"comment_status":"closed","ping_status":"closed","template":"","meta":{"footnotes":""},"class_list":["post-264","page","type-page","status-publish","hentry"],"yoast_head":"<!-- This site is optimized with the Yoast SEO plugin v26.9 - https:\/\/yoast.com\/product\/yoast-seo-wordpress\/ -->\n<title>Cont\u00e1ctenos - Soporte y asistencia | Insta Zoom Anonym<\/title>\n<meta name=\"description\" content=\"Cont\u00e1ctenos hoy para obtener ayuda con el zoom de fotos de perfil de Instagram, historias y m\u00e1s. Insta Zoom Anonym\" \/>\n<meta name=\"robots\" content=\"index, follow, max-snippet:-1, max-image-preview:large, max-video-preview:-1\" \/>\n<link rel=\"canonical\" href=\"https:\/\/zoomfrei.de\/es\/contact-us\/\" \/>\n<meta property=\"og:locale\" content=\"es_ES\" \/>\n<meta property=\"og:type\" content=\"article\" \/>\n<meta property=\"og:title\" content=\"Cont\u00e1ctenos - Soporte y asistencia | Insta Zoom Anonym\" \/>\n<meta property=\"og:description\" content=\"Cont\u00e1ctenos hoy para obtener ayuda con el zoom de fotos de perfil de Instagram, historias y m\u00e1s. Insta Zoom Anonym\" \/>\n<meta property=\"og:url\" content=\"https:\/\/zoomfrei.de\/es\/contact-us\/\" \/>\n<meta property=\"og:site_name\" content=\"Zoom Instagram\" \/>\n<meta property=\"article:modified_time\" content=\"2026-02-19T06:54:12+00:00\" \/>\n<meta name=\"twitter:card\" content=\"summary_large_image\" \/>\n<meta name=\"twitter:label1\" content=\"Tiempo de lectura\" \/>\n\t<meta name=\"twitter:data1\" content=\"1 minuto\" \/>\n<script type=\"application\/ld+json\" class=\"yoast-schema-graph\">{\"@context\":\"https:\/\/schema.org\",\"@graph\":[{\"@type\":\"WebPage\",\"@id\":\"https:\/\/zoomfrei.de\/es\/contact-us\/\",\"url\":\"https:\/\/zoomfrei.de\/es\/contact-us\/\",\"name\":\"Cont\u00e1ctenos - Soporte y asistencia | Insta Zoom Anonym\",\"isPartOf\":{\"@id\":\"https:\/\/zoomfrei.de\/es\/#website\"},\"datePublished\":\"2025-09-01T13:32:00+00:00\",\"dateModified\":\"2026-02-19T06:54:12+00:00\",\"description\":\"Cont\u00e1ctenos hoy para obtener ayuda con el zoom de fotos de perfil de Instagram, historias y m\u00e1s. Insta Zoom Anonym\",\"breadcrumb\":{\"@id\":\"https:\/\/zoomfrei.de\/es\/contact-us\/#breadcrumb\"},\"inLanguage\":\"es\",\"potentialAction\":[{\"@type\":\"ReadAction\",\"target\":[\"https:\/\/zoomfrei.de\/es\/contact-us\/\"]}]},{\"@type\":\"BreadcrumbList\",\"@id\":\"https:\/\/zoomfrei.de\/es\/contact-us\/#breadcrumb\",\"itemListElement\":[{\"@type\":\"ListItem\",\"position\":1,\"name\":\"Home\",\"item\":\"https:\/\/zoomfrei.de\/es\/\"},{\"@type\":\"ListItem\",\"position\":2,\"name\":\"Cont\u00e1ctenos\"}]},{\"@type\":\"WebSite\",\"@id\":\"https:\/\/zoomfrei.de\/es\/#website\",\"url\":\"https:\/\/zoomfrei.de\/es\/\",\"name\":\"Zoom Instagram\",\"description\":\"\",\"publisher\":{\"@id\":\"https:\/\/zoomfrei.de\/es\/#organization\"},\"potentialAction\":[{\"@type\":\"SearchAction\",\"target\":{\"@type\":\"EntryPoint\",\"urlTemplate\":\"https:\/\/zoomfrei.de\/es\/?s={search_term_string}\"},\"query-input\":{\"@type\":\"PropertyValueSpecification\",\"valueRequired\":true,\"valueName\":\"search_term_string\"}}],\"inLanguage\":\"es\"},{\"@type\":\"Organization\",\"@id\":\"https:\/\/zoomfrei.de\/es\/#organization\",\"name\":\"Zoom Instagram\",\"url\":\"https:\/\/zoomfrei.de\/es\/\",\"logo\":{\"@type\":\"ImageObject\",\"inLanguage\":\"es\",\"@id\":\"https:\/\/zoomfrei.de\/es\/#\/schema\/logo\/image\/\",\"url\":\"https:\/\/zoomfrei.de\/wp-content\/uploads\/sites\/3\/2025\/09\/logo_new.png\",\"contentUrl\":\"https:\/\/zoomfrei.de\/wp-content\/uploads\/sites\/3\/2025\/09\/logo_new.png\",\"width\":512,\"height\":512,\"caption\":\"Zoom Instagram\"},\"image\":{\"@id\":\"https:\/\/zoomfrei.de\/es\/#\/schema\/logo\/image\/\"}}]}<\/script>\n<!-- \/ Yoast SEO plugin. -->","yoast_head_json":{"title":"Cont\u00e1ctenos - Soporte y asistencia | Insta Zoom Anonym","description":"Cont\u00e1ctenos hoy para obtener ayuda con el zoom de fotos de perfil de Instagram, historias y m\u00e1s. Insta Zoom Anonym","robots":{"index":"index","follow":"follow","max-snippet":"max-snippet:-1","max-image-preview":"max-image-preview:large","max-video-preview":"max-video-preview:-1"},"canonical":"https:\/\/zoomfrei.de\/es\/contact-us\/","og_locale":"es_ES","og_type":"article","og_title":"Cont\u00e1ctenos - Soporte y asistencia | Insta Zoom Anonym","og_description":"Cont\u00e1ctenos hoy para obtener ayuda con el zoom de fotos de perfil de Instagram, historias y m\u00e1s. Insta Zoom Anonym","og_url":"https:\/\/zoomfrei.de\/es\/contact-us\/","og_site_name":"Zoom Instagram","article_modified_time":"2026-02-19T06:54:12+00:00","twitter_card":"summary_large_image","twitter_misc":{"Tiempo de lectura":"1 minuto"},"schema":{"@context":"https:\/\/schema.org","@graph":[{"@type":"WebPage","@id":"https:\/\/zoomfrei.de\/es\/contact-us\/","url":"https:\/\/zoomfrei.de\/es\/contact-us\/","name":"Cont\u00e1ctenos - Soporte y asistencia | Insta Zoom Anonym","isPartOf":{"@id":"https:\/\/zoomfrei.de\/es\/#website"},"datePublished":"2025-09-01T13:32:00+00:00","dateModified":"2026-02-19T06:54:12+00:00","description":"Cont\u00e1ctenos hoy para obtener ayuda con el zoom de fotos de perfil de Instagram, historias y m\u00e1s. Insta Zoom Anonym","breadcrumb":{"@id":"https:\/\/zoomfrei.de\/es\/contact-us\/#breadcrumb"},"inLanguage":"es","potentialAction":[{"@type":"ReadAction","target":["https:\/\/zoomfrei.de\/es\/contact-us\/"]}]},{"@type":"BreadcrumbList","@id":"https:\/\/zoomfrei.de\/es\/contact-us\/#breadcrumb","itemListElement":[{"@type":"ListItem","position":1,"name":"Home","item":"https:\/\/zoomfrei.de\/es\/"},{"@type":"ListItem","position":2,"name":"Cont\u00e1ctenos"}]},{"@type":"WebSite","@id":"https:\/\/zoomfrei.de\/es\/#website","url":"https:\/\/zoomfrei.de\/es\/","name":"Zoom Instagram","description":"","publisher":{"@id":"https:\/\/zoomfrei.de\/es\/#organization"},"potentialAction":[{"@type":"SearchAction","target":{"@type":"EntryPoint","urlTemplate":"https:\/\/zoomfrei.de\/es\/?s={search_term_string}"},"query-input":{"@type":"PropertyValueSpecification","valueRequired":true,"valueName":"search_term_string"}}],"inLanguage":"es"},{"@type":"Organization","@id":"https:\/\/zoomfrei.de\/es\/#organization","name":"Zoom Instagram","url":"https:\/\/zoomfrei.de\/es\/","logo":{"@type":"ImageObject","inLanguage":"es","@id":"https:\/\/zoomfrei.de\/es\/#\/schema\/logo\/image\/","url":"https:\/\/zoomfrei.de\/wp-content\/uploads\/sites\/3\/2025\/09\/logo_new.png","contentUrl":"https:\/\/zoomfrei.de\/wp-content\/uploads\/sites\/3\/2025\/09\/logo_new.png","width":512,"height":512,"caption":"Zoom Instagram"},"image":{"@id":"https:\/\/zoomfrei.de\/es\/#\/schema\/logo\/image\/"}}]}},"_links":{"self":[{"href":"https:\/\/zoomfrei.de\/es\/wp-json\/wp\/v2\/pages\/264","targetHints":{"allow":["GET"]}}],"collection":[{"href":"https:\/\/zoomfrei.de\/es\/wp-json\/wp\/v2\/pages"}],"about":[{"href":"https:\/\/zoomfrei.de\/es\/wp-json\/wp\/v2\/types\/page"}],"author":[{"embeddable":true,"href":"https:\/\/zoomfrei.de\/es\/wp-json\/wp\/v2\/users\/2"}],"replies":[{"embeddable":true,"href":"https:\/\/zoomfrei.de\/es\/wp-json\/wp\/v2\/comments?post=264"}],"version-history":[{"count":6,"href":"https:\/\/zoomfrei.de\/es\/wp-json\/wp\/v2\/pages\/264\/revisions"}],"predecessor-version":[{"id":1388,"href":"https:\/\/zoomfrei.de\/es\/wp-json\/wp\/v2\/pages\/264\/revisions\/1388"}],"wp:attachment":[{"href":"https:\/\/zoomfrei.de\/es\/wp-json\/wp\/v2\/media?parent=264"}],"curies":[{"name":"wp","href":"https:\/\/api.w.org\/{rel}","templated":true}]}}