{"id":226,"date":"2025-09-01T13:15:00","date_gmt":"2025-09-01T13:15:00","guid":{"rendered":"https:\/\/zoomfrei.zoominsta.de\/privacy-policy\/"},"modified":"2025-09-06T07:11:43","modified_gmt":"2025-09-06T07:11:43","slug":"privacy-policy","status":"publish","type":"page","link":"https:\/\/zoomfrei.de\/fr\/privacy-policy\/","title":{"rendered":"Politique de confidentialit\u00e9"},"content":{"rendered":"<section class=\"info2\">\n\n\n<p>Votre vie priv\u00e9e sur Internet est tr\u00e8s importante pour le site Web Insta Zoom Anonym. Cette politique de confidentialit\u00e9 vise \u00e0 vous informer sur les informations obtenues aupr\u00e8s de vous lorsque vous visitez le site Web Insta Zoom Anonym, sur la mani\u00e8re dont ces informations sont utilis\u00e9es et divulgu\u00e9es, sur la mani\u00e8re dont vous contr\u00f4lez l&rsquo;utilisation et la divulgation des informations priv\u00e9es et sur la mani\u00e8re de les prot\u00e9ger.<\/p>\n\n\n\n<p>Veuillez prendre un moment pour vous familiariser avec nos pratiques de confidentialit\u00e9 et contactez-nous si vous avez des questions.<\/p>\n\n\n<\/section>\n<section class=\"info2\">\n\n\n<h2 class=\"wp-block-heading\">Quelles informations collectons-nous ?<\/h2>\n\n\n\n<h3 class=\"wp-block-heading\">1- Informations d&rsquo;identification personnelle<\/h3>\n\n\n\n<p>Nous pouvons recueillir des informations d&rsquo;identification personnelle aupr\u00e8s des utilisateurs de diverses mani\u00e8res, par exemple lorsque les utilisateurs visitent notre site et remplissent un formulaire en rapport avec d&rsquo;autres activit\u00e9s, services, fonctionnalit\u00e9s ou ressources que nous mettons \u00e0 disposition sur notre site. Les utilisateurs peuvent visiter notre site de mani\u00e8re anonyme. Nous ne recueillerons des informations d&rsquo;identification personnelle aupr\u00e8s des utilisateurs que s&rsquo;ils nous soumettent volontairement ces informations. Les utilisateurs peuvent toujours refuser de fournir des informations d&rsquo;identification personnelle, sauf que cela peut les emp\u00eacher de participer \u00e0 certaines activit\u00e9s li\u00e9es au site.<\/p>\n\n\n\n<h3 class=\"wp-block-heading\">2- Informations d&rsquo;identification non personnelles<\/h3>\n\n\n\n<p>Nous pouvons collecter des informations d&rsquo;identification non personnelles sur les utilisateurs chaque fois qu&rsquo;ils interagissent avec notre site. Les informations d&rsquo;identification non personnelles peuvent inclure le nom du navigateur, le type d&rsquo;ordinateur et des informations techniques sur les moyens de connexion des utilisateurs \u00e0 notre site, tels que le syst\u00e8me d&rsquo;exploitation et les informations utilis\u00e9es par les fournisseurs de services Internet et autres informations similaires.<\/p>\n\n\n<\/section>\n<section class=\"info2\">\n\n\n<h2 class=\"wp-block-heading\">Technologies de suivi et cookies<\/h2>\n\n\n\n<p>Nous utilisons des cookies et des technologies de suivi similaires pour suivre l&rsquo;activit\u00e9 sur notre service et stocker certaines informations. Les technologies de suivi utilis\u00e9es sont des balises, des tags et des scripts pour collecter et suivre des informations et pour am\u00e9liorer et analyser notre service.<\/p>\n\n\n\n<p>Vous pouvez configurer votre navigateur pour qu&rsquo;il refuse tous les cookies ou pour vous avertir lorsqu&rsquo;un cookie est envoy\u00e9. Cependant, si vous n&rsquo;acceptez pas les cookies, vous ne pourrez peut-\u00eatre pas utiliser certaines parties de notre service.<\/p>\n\n\n\n<p>Les cookies peuvent \u00eatre des cookies \u00ab persistants \u00bb ou des cookies \u00ab de session \u00bb. Les cookies persistants restent sur votre ordinateur personnel ou votre appareil mobile lorsque vous vous d\u00e9connectez, tandis que les cookies de session sont supprim\u00e9s d\u00e8s que vous fermez votre navigateur Web.<\/p>\n\n\n\n<p>Nous utilisons des cookies de session et des cookies persistants aux fins d\u00e9crites ci-dessous&nbsp;:<\/p>\n\n\n\n<ul class=\"wp-block-list\">\n<li><strong>Cookies n\u00e9cessaires \/ essentiels<\/strong>&nbsp;: \u00ab Cookies de session \u00bb Ces cookies sont essentiels pour vous fournir les services disponibles sur le site Web et pour vous permettre d&rsquo;utiliser certaines de ses fonctionnalit\u00e9s. Ils aident \u00e0 authentifier les utilisateurs et \u00e0 pr\u00e9venir toute utilisation frauduleuse. Sans ces cookies, les services que vous avez demand\u00e9s ne peuvent pas \u00eatre fournis, et nous utilisons ces cookies uniquement pour vous fournir ces services.<\/li>\n\n\n\n<li><strong>Politique \/ Avis relatifs aux cookies Cookies d&rsquo;acceptation :&nbsp;<\/strong>&nbsp;\u00ab Cookies persistants \u00bb Ces cookies identifient si les utilisateurs ont accept\u00e9 l&rsquo;utilisation de cookies sur le site Web.<\/li>\n\n\n\n<li><strong>Cookies de fonctionnalit\u00e9 :<\/strong>&nbsp;&nbsp;\u00ab Cookies persistants \u00bb Ces cookies nous permettent de m\u00e9moriser les choix que vous faites lorsque vous utilisez le site Web, comme la pr\u00e9f\u00e9rence linguistique. Le but de ces cookies est de vous offrir une exp\u00e9rience plus personnelle et de vous \u00e9viter de devoir ressaisir vos pr\u00e9f\u00e9rences \u00e0 chaque fois que vous utilisez le site Web.<\/li>\n\n\n\n<li><strong>Cookies de suivi et de performance :<\/strong>&nbsp;&nbsp;\u00ab Cookies persistants \u00bb Ces cookies sont utilis\u00e9s pour suivre les informations sur le trafic vers le site Web et la mani\u00e8re dont les utilisateurs utilisent le site Web. Les informations recueillies via ces cookies peuvent vous identifier directement ou indirectement en tant que visiteur individuel. En effet, les informations collect\u00e9es sont g\u00e9n\u00e9ralement li\u00e9es \u00e0 un identifiant pseudonyme associ\u00e9 \u00e0 l&rsquo;appareil que vous utilisez pour acc\u00e9der au site Web. Nous pouvons \u00e9galement utiliser ces cookies pour tester de nouvelles pages, fonctionnalit\u00e9s ou nouvelles fonctionnalit\u00e9s du site Web afin de voir comment nos utilisateurs y r\u00e9agissent.<\/li>\n\n\n\n<li><strong>Cookies de ciblage et de publicit\u00e9 :<\/strong>&nbsp;&nbsp;\u00ab Cookies persistants \u00bb de tiers Finalit\u00e9 : Ces cookies suivent vos habitudes de navigation pour nous permettre d&rsquo;afficher des publicit\u00e9s susceptibles de vous int\u00e9resser. Ces cookies utilisent des informations sur votre historique de navigation pour vous regrouper avec d&rsquo;autres utilisateurs ayant des int\u00e9r\u00eats similaires. Sur la base de ces informations et avec notre permission, des annonceurs tiers peuvent placer des cookies pour leur permettre d&rsquo;afficher des publicit\u00e9s qui, selon nous, seront pertinentes pour vos int\u00e9r\u00eats lorsque vous \u00eates sur des sites Web tiers.<\/li>\n<\/ul>\n\n\n\n<p>Pour plus d&rsquo;informations sur les cookies que nous utilisons et vos choix concernant les cookies, veuillez consulter notre&nbsp;&nbsp;<a href=\"https:\/\/zoomfrei.de\/fr\/cookie-policy\/\" target=\"_blank\" rel=\"noreferrer noopener\">Politique de Cookies<\/a>&nbsp;.<\/p>\n\n\n<\/section>\n<section class=\"info2\">\n\n\n<h2 class=\"wp-block-heading\">Que faisons-nous des informations que nous collectons ?<\/h2>\n\n\n\n<p>Le site Web Insta Zoom Anonym peut utiliser des donn\u00e9es personnelles aux fins suivantes\u00a0:<\/p>\n\n\n\n<ul class=\"wp-block-list\">\n<li>Pour vous contacter : Pour vous contacter par courrier \u00e9lectronique ou par d\u2019autres formes \u00e9quivalentes de communication \u00e9lectronique.<\/li>\n\n\n\n<li>Pour vous fournir des nouvelles, des offres sp\u00e9ciales et des informations g\u00e9n\u00e9rales sur d\u2019autres services et \u00e9v\u00e9nements que nous proposons et qui sont similaires \u00e0 ceux sur lesquels vous avez demand\u00e9 des renseignements, sauf si vous avez choisi de ne pas recevoir ces informations.<\/li>\n\n\n\n<li>Pour g\u00e9rer vos demandes : Pour r\u00e9pondre et g\u00e9rer vos demandes aupr\u00e8s de nous.<\/li>\n<\/ul>\n\n\n\n<p>Nous pouvons partager vos informations personnelles dans les situations suivantes :<\/p>\n\n\n\n<ul class=\"wp-block-list\">\n<li>Avec les fournisseurs de services : nous pouvons partager vos informations personnelles avec les fournisseurs de services pour surveiller et analyser l&rsquo;utilisation de notre service, pour vous montrer des publicit\u00e9s afin de nous aider \u00e0 soutenir et \u00e0 maintenir notre service, pour vous faire de la publicit\u00e9 sur des sites Web tiers apr\u00e8s avoir visit\u00e9 notre service, pour vous contacter.<\/li>\n\n\n\n<li>Avec les affili\u00e9s : nous pouvons partager vos informations avec nos affili\u00e9s, auquel cas nous exigerons de ces affili\u00e9s qu&rsquo;ils respectent cette politique de confidentialit\u00e9.<\/li>\n\n\n\n<li>Avec des partenaires commerciaux : Nous pouvons partager vos informations avec nos partenaires commerciaux pour vous proposer certains produits, services ou promotions.<\/li>\n\n\n\n<li>Avec d\u2019autres utilisateurs : lorsque vous partagez des informations personnelles ou interagissez d\u2019une autre mani\u00e8re dans les espaces publics avec d\u2019autres utilisateurs, ces informations peuvent \u00eatre consult\u00e9es par tous les utilisateurs et peuvent \u00eatre diffus\u00e9es publiquement \u00e0 l\u2019ext\u00e9rieur.<\/li>\n<\/ul>\n\n\n<\/section>\n<section class=\"info2\">\n\n\n<h2 class=\"wp-block-heading\">Conservation des donn\u00e9es personnelles<\/h2>\n\n\n\n<p>Le site Web Insta Zoom Anonym conservera vos donn\u00e9es personnelles uniquement aussi longtemps que n\u00e9cessaire aux fins \u00e9nonc\u00e9es dans la pr\u00e9sente politique de confidentialit\u00e9. Nous conserverons et utiliserons vos donn\u00e9es personnelles dans la mesure n\u00e9cessaire pour nous conformer \u00e0 nos obligations l\u00e9gales (par exemple, si nous sommes tenus de conserver vos donn\u00e9es pour nous conformer aux lois applicables), r\u00e9soudre les litiges et appliquer nos accords et politiques juridiques.<\/p>\n\n\n\n<p>Nous conserverons \u00e9galement les donn\u00e9es d&rsquo;utilisation \u00e0 des fins d&rsquo;analyse interne. Les donn\u00e9es d&rsquo;utilisation sont g\u00e9n\u00e9ralement conserv\u00e9es pendant une p\u00e9riode plus courte, sauf lorsque ces donn\u00e9es sont utilis\u00e9es pour renforcer la s\u00e9curit\u00e9 ou pour am\u00e9liorer la fonctionnalit\u00e9 de notre service, ou lorsque nous sommes l\u00e9galement oblig\u00e9s de conserver ces donn\u00e9es pendant des p\u00e9riodes plus longues.<\/p>\n\n\n\n<p>Nous prendrons toutes les mesures raisonnablement n\u00e9cessaires pour garantir que vos donn\u00e9es soient trait\u00e9es en toute s\u00e9curit\u00e9 et conform\u00e9ment \u00e0 la pr\u00e9sente politique de confidentialit\u00e9 et aucun transfert de vos donn\u00e9es personnelles n&rsquo;aura lieu vers une organisation ou un pays \u00e0 moins que des contr\u00f4les ad\u00e9quats ne soient en place, y compris la s\u00e9curit\u00e9 de vos donn\u00e9es et autres informations personnelles.<\/p>\n\n\n<\/section>\n<section class=\"info2\">\n\n\n<h2 class=\"wp-block-heading\">Divulgation des donn\u00e9es personnelles<\/h2>\n\n\n\n<ul class=\"wp-block-list\">\n<li>Transactions commerciales : Si Insta Zoom Anonym est impliqu\u00e9 dans une fusion, une acquisition ou une vente d&rsquo;actifs, vos donn\u00e9es personnelles peuvent \u00eatre transf\u00e9r\u00e9es. Nous vous informerons avant que vos donn\u00e9es personnelles ne soient transf\u00e9r\u00e9es et ne soient soumises \u00e0 une politique de confidentialit\u00e9 diff\u00e9rente.<\/li>\n\n\n\n<li>Application de la loi : Dans certaines circonstances, Insta Zoom Anonym peut \u00eatre tenu de divulguer vos donn\u00e9es personnelles si la loi l&rsquo;exige ou en r\u00e9ponse \u00e0 des demandes valables des autorit\u00e9s publiques (par exemple, un tribunal ou une agence gouvernementale).<\/li>\n\n\n\n<li>Autres exigences l\u00e9gales : Se conformer \u00e0 une obligation l\u00e9gale, Pr\u00e9venir ou enqu\u00eater sur d&rsquo;\u00e9ventuels actes r\u00e9pr\u00e9hensibles en rapport avec le Service, Se prot\u00e9ger contre la responsabilit\u00e9 l\u00e9gale, S\u00e9curit\u00e9 de vos donn\u00e9es personnelles.<\/li>\n<\/ul>\n\n\n<\/section>\n<section class=\"info2\">\n\n\n<h2 class=\"wp-block-heading\">S\u00e9curit\u00e9<\/h2>\n\n\n\n<p>Nous ne vendons ni n&rsquo;\u00e9changeons aucune information identifiable dont le propri\u00e9taire a volontairement accept\u00e9 de la pr\u00e9senter sur notre site Web \u00e0 un tiers sans le consentement pr\u00e9alable de la personne. Cependant, nous pouvons partager certaines informations utilisateur pour r\u00e9pondre \u00e0 vos besoins. Toutes les informations fournies par les utilisateurs de notre site sont conserv\u00e9es avec soin et s\u00e9curit\u00e9 et ne sont utilis\u00e9es d&rsquo;aucune autre mani\u00e8re que celle sp\u00e9cifi\u00e9e dans la pr\u00e9sente politique de confidentialit\u00e9, ou dans toute politique limit\u00e9e \u00e0 des sites sp\u00e9cifiques, ou de toute mani\u00e8re que vous avez express\u00e9ment accept\u00e9e. Nous utilisons sur notre site Web \u00ab Insta Zoom Anonym \u00bb une vari\u00e9t\u00e9 de technologies et de mesures de s\u00e9curit\u00e9 pour prot\u00e9ger les informations conserv\u00e9es dans notre syst\u00e8me contre la perte, l&rsquo;utilisation abusive ou l&rsquo;acc\u00e8s \u00e0 celles-ci sans autorisation, divulgation, modification ou destruction.<\/p>\n\n\n\n<p>Mais le site Web \u00ab Insta Zoom Anonym \u00bb n\u2019assume aucune responsabilit\u00e9 en mati\u00e8re de s\u00e9curit\u00e9 des informations.<\/p>\n\n\n<\/section>\n<section class=\"info2\">\n\n\n<h2 class=\"wp-block-heading\">Informations d\u00e9taill\u00e9es sur le traitement des donn\u00e9es personnelles<\/h2>\n\n\n\n<p>Les prestataires de services ont acc\u00e8s \u00e0 vos donn\u00e9es personnelles uniquement pour effectuer leurs t\u00e2ches en notre nom et sont tenus de ne pas les divulguer ni de les utiliser \u00e0 d&rsquo;autres fins.<\/p>\n\n\n\n<ul class=\"wp-block-list\">\n<li>Analyses : nous pouvons faire appel \u00e0 des prestataires de services tiers pour surveiller et analyser l&rsquo;utilisation de notre service. Google Analytics, par exemple, est un service d&rsquo;analyse Web propos\u00e9 par Google qui suit et signale le trafic sur le site Web.<\/li>\n\n\n\n<li>Publicit\u00e9 : Nous pouvons faire appel \u00e0 des fournisseurs de services pour vous montrer des publicit\u00e9s afin de contribuer \u00e0 soutenir et \u00e0 maintenir notre service.<\/li>\n\n\n\n<li>Marketing par e-mail : nous pouvons utiliser vos donn\u00e9es personnelles pour vous contacter avec des newsletters, du mat\u00e9riel marketing ou promotionnel et d&rsquo;autres informations susceptibles de vous int\u00e9resser.<\/li>\n\n\n\n<li>Utilisation, performances et divers : nous pouvons utiliser des fournisseurs de services tiers pour am\u00e9liorer notre service. reCAPTCHA est exploit\u00e9 par Google pour collecter des informations aupr\u00e8s de vous et de votre appareil \u00e0 des fins de s\u00e9curit\u00e9.<\/li>\n<\/ul>\n\n\n<\/section>\n<section class=\"info2\">\n\n\n<h2 class=\"wp-block-heading\">Modifications de la politique de confidentialit\u00e9<\/h2>\n\n\n\n<p>Insta Zoom Anonym a toute autorit\u00e9 pour mettre \u00e0 jour cette politique de confidentialit\u00e9 \u00e0 tout moment. Nous vous informerons de tout changement en publiant la nouvelle politique de confidentialit\u00e9 sur cette page. Il vous est conseill\u00e9 de consulter r\u00e9guli\u00e8rement cette politique de confidentialit\u00e9 pour prendre connaissance de tout changement et de voir comment nous contribuons \u00e0 prot\u00e9ger les informations personnelles que nous collectons. Vous reconnaissez et acceptez qu&rsquo;il est de votre responsabilit\u00e9 de consulter r\u00e9guli\u00e8rement cette politique de confidentialit\u00e9 et de prendre connaissance des modifications. Les modifications apport\u00e9es \u00e0 cette politique de confidentialit\u00e9 entrent en vigueur d\u00e8s leur publication sur cette page.<\/p>\n\n\n<\/section>\n<section class=\"info2\">\n\n\n<h2 class=\"wp-block-heading\">Acceptation de la politique de confidentialit\u00e9<\/h2>\n\n\n\n<p>Votre utilisation de n&rsquo;importe quelle page du site Web signifie votre acceptation inconditionnelle de notre politique de confidentialit\u00e9 et votre engagement envers toutes les conditions qui vous obligent \u00e0 prendre des mesures de votre part et sur la base de ce que cette politique pr\u00e9voit si vous n&rsquo;acceptez pas les termes de cette politique, vous devez quitter les pages du site Web et cesser de l&rsquo;utiliser imm\u00e9diatement.<\/p>\n\n\n<\/section>\n<section class=\"info2\">\n\n\n<h2 class=\"wp-block-heading\">Contactez-nous<\/h2>\n\n\n\n<p>Si vous avez des questions sur cette politique de confidentialit\u00e9, vous pouvez nous contacter : En visitant la&nbsp; page&nbsp;<strong><a href=\"https:\/\/zoomfrei.de\/fr\/contact-us\/\" target=\"_blank\" rel=\"noreferrer noopener\">Contactez nous<\/a><\/strong>&nbsp;&nbsp;sur le site Web.<\/p>\n\n\n<\/section>","protected":false},"excerpt":{"rendered":"<p>Votre vie priv\u00e9e sur Internet est tr\u00e8s importante pour le site Web Insta Zoom Anonym. Cette politique de confidentialit\u00e9 vise \u00e0<a href=\"https:\/\/zoomfrei.de\/fr\/privacy-policy\/\" rel=\"nofollow\">&#8230;see more<\/a><\/p>\n","protected":false},"author":2,"featured_media":0,"parent":0,"menu_order":0,"comment_status":"closed","ping_status":"closed","template":"","meta":{"footnotes":""},"class_list":["post-226","page","type-page","status-publish","hentry"],"yoast_head":"<!-- This site is optimized with the Yoast SEO plugin v26.9 - https:\/\/yoast.com\/product\/yoast-seo-wordpress\/ -->\n<title>Politique de confidentialit\u00e9 - Insta Zoom Anonym<\/title>\n<meta name=\"description\" content=\"Lisez la politique de confidentialit\u00e9 de Insta Zoom Anonym pour comprendre vos droits en mati\u00e8re de donn\u00e9es et notre engagement en mati\u00e8re de s\u00e9curit\u00e9.\" \/>\n<meta name=\"robots\" content=\"index, follow, max-snippet:-1, max-image-preview:large, max-video-preview:-1\" \/>\n<link rel=\"canonical\" href=\"https:\/\/zoomfrei.de\/fr\/privacy-policy\/\" \/>\n<meta property=\"og:locale\" content=\"fr_FR\" \/>\n<meta property=\"og:type\" content=\"article\" \/>\n<meta property=\"og:title\" content=\"Politique de confidentialit\u00e9 - Insta Zoom Anonym\" \/>\n<meta property=\"og:description\" content=\"Lisez la politique de confidentialit\u00e9 de Insta Zoom Anonym pour comprendre vos droits en mati\u00e8re de donn\u00e9es et notre engagement en mati\u00e8re de s\u00e9curit\u00e9.\" \/>\n<meta property=\"og:url\" content=\"https:\/\/zoomfrei.de\/fr\/privacy-policy\/\" \/>\n<meta property=\"og:site_name\" content=\"Zoom Instagram\" \/>\n<meta property=\"article:modified_time\" content=\"2025-09-06T07:11:43+00:00\" \/>\n<meta name=\"twitter:card\" content=\"summary_large_image\" \/>\n<meta name=\"twitter:label1\" content=\"Dur\u00e9e de lecture estim\u00e9e\" \/>\n\t<meta name=\"twitter:data1\" content=\"9 minutes\" \/>\n<script type=\"application\/ld+json\" class=\"yoast-schema-graph\">{\"@context\":\"https:\/\/schema.org\",\"@graph\":[{\"@type\":\"WebPage\",\"@id\":\"https:\/\/zoomfrei.de\/fr\/privacy-policy\/\",\"url\":\"https:\/\/zoomfrei.de\/fr\/privacy-policy\/\",\"name\":\"Politique de confidentialit\u00e9 - Insta Zoom Anonym\",\"isPartOf\":{\"@id\":\"https:\/\/zoomfrei.de\/fr\/#website\"},\"datePublished\":\"2025-09-01T13:15:00+00:00\",\"dateModified\":\"2025-09-06T07:11:43+00:00\",\"description\":\"Lisez la politique de confidentialit\u00e9 de Insta Zoom Anonym pour comprendre vos droits en mati\u00e8re de donn\u00e9es et notre engagement en mati\u00e8re de s\u00e9curit\u00e9.\",\"breadcrumb\":{\"@id\":\"https:\/\/zoomfrei.de\/fr\/privacy-policy\/#breadcrumb\"},\"inLanguage\":\"fr-FR\",\"potentialAction\":[{\"@type\":\"ReadAction\",\"target\":[\"https:\/\/zoomfrei.de\/fr\/privacy-policy\/\"]}]},{\"@type\":\"BreadcrumbList\",\"@id\":\"https:\/\/zoomfrei.de\/fr\/privacy-policy\/#breadcrumb\",\"itemListElement\":[{\"@type\":\"ListItem\",\"position\":1,\"name\":\"Home\",\"item\":\"https:\/\/zoomfrei.de\/fr\/\"},{\"@type\":\"ListItem\",\"position\":2,\"name\":\"Politique de confidentialit\u00e9\"}]},{\"@type\":\"WebSite\",\"@id\":\"https:\/\/zoomfrei.de\/fr\/#website\",\"url\":\"https:\/\/zoomfrei.de\/fr\/\",\"name\":\"Zoom Instagram\",\"description\":\"\",\"publisher\":{\"@id\":\"https:\/\/zoomfrei.de\/fr\/#organization\"},\"potentialAction\":[{\"@type\":\"SearchAction\",\"target\":{\"@type\":\"EntryPoint\",\"urlTemplate\":\"https:\/\/zoomfrei.de\/fr\/?s={search_term_string}\"},\"query-input\":{\"@type\":\"PropertyValueSpecification\",\"valueRequired\":true,\"valueName\":\"search_term_string\"}}],\"inLanguage\":\"fr-FR\"},{\"@type\":\"Organization\",\"@id\":\"https:\/\/zoomfrei.de\/fr\/#organization\",\"name\":\"Zoom Instagram\",\"url\":\"https:\/\/zoomfrei.de\/fr\/\",\"logo\":{\"@type\":\"ImageObject\",\"inLanguage\":\"fr-FR\",\"@id\":\"https:\/\/zoomfrei.de\/fr\/#\/schema\/logo\/image\/\",\"url\":\"https:\/\/zoomfrei.de\/wp-content\/uploads\/sites\/3\/2025\/09\/logo_new.png\",\"contentUrl\":\"https:\/\/zoomfrei.de\/wp-content\/uploads\/sites\/3\/2025\/09\/logo_new.png\",\"width\":512,\"height\":512,\"caption\":\"Zoom Instagram\"},\"image\":{\"@id\":\"https:\/\/zoomfrei.de\/fr\/#\/schema\/logo\/image\/\"}}]}<\/script>\n<!-- \/ Yoast SEO plugin. -->","yoast_head_json":{"title":"Politique de confidentialit\u00e9 - Insta Zoom Anonym","description":"Lisez la politique de confidentialit\u00e9 de Insta Zoom Anonym pour comprendre vos droits en mati\u00e8re de donn\u00e9es et notre engagement en mati\u00e8re de s\u00e9curit\u00e9.","robots":{"index":"index","follow":"follow","max-snippet":"max-snippet:-1","max-image-preview":"max-image-preview:large","max-video-preview":"max-video-preview:-1"},"canonical":"https:\/\/zoomfrei.de\/fr\/privacy-policy\/","og_locale":"fr_FR","og_type":"article","og_title":"Politique de confidentialit\u00e9 - Insta Zoom Anonym","og_description":"Lisez la politique de confidentialit\u00e9 de Insta Zoom Anonym pour comprendre vos droits en mati\u00e8re de donn\u00e9es et notre engagement en mati\u00e8re de s\u00e9curit\u00e9.","og_url":"https:\/\/zoomfrei.de\/fr\/privacy-policy\/","og_site_name":"Zoom Instagram","article_modified_time":"2025-09-06T07:11:43+00:00","twitter_card":"summary_large_image","twitter_misc":{"Dur\u00e9e de lecture estim\u00e9e":"9 minutes"},"schema":{"@context":"https:\/\/schema.org","@graph":[{"@type":"WebPage","@id":"https:\/\/zoomfrei.de\/fr\/privacy-policy\/","url":"https:\/\/zoomfrei.de\/fr\/privacy-policy\/","name":"Politique de confidentialit\u00e9 - Insta Zoom Anonym","isPartOf":{"@id":"https:\/\/zoomfrei.de\/fr\/#website"},"datePublished":"2025-09-01T13:15:00+00:00","dateModified":"2025-09-06T07:11:43+00:00","description":"Lisez la politique de confidentialit\u00e9 de Insta Zoom Anonym pour comprendre vos droits en mati\u00e8re de donn\u00e9es et notre engagement en mati\u00e8re de s\u00e9curit\u00e9.","breadcrumb":{"@id":"https:\/\/zoomfrei.de\/fr\/privacy-policy\/#breadcrumb"},"inLanguage":"fr-FR","potentialAction":[{"@type":"ReadAction","target":["https:\/\/zoomfrei.de\/fr\/privacy-policy\/"]}]},{"@type":"BreadcrumbList","@id":"https:\/\/zoomfrei.de\/fr\/privacy-policy\/#breadcrumb","itemListElement":[{"@type":"ListItem","position":1,"name":"Home","item":"https:\/\/zoomfrei.de\/fr\/"},{"@type":"ListItem","position":2,"name":"Politique de confidentialit\u00e9"}]},{"@type":"WebSite","@id":"https:\/\/zoomfrei.de\/fr\/#website","url":"https:\/\/zoomfrei.de\/fr\/","name":"Zoom Instagram","description":"","publisher":{"@id":"https:\/\/zoomfrei.de\/fr\/#organization"},"potentialAction":[{"@type":"SearchAction","target":{"@type":"EntryPoint","urlTemplate":"https:\/\/zoomfrei.de\/fr\/?s={search_term_string}"},"query-input":{"@type":"PropertyValueSpecification","valueRequired":true,"valueName":"search_term_string"}}],"inLanguage":"fr-FR"},{"@type":"Organization","@id":"https:\/\/zoomfrei.de\/fr\/#organization","name":"Zoom Instagram","url":"https:\/\/zoomfrei.de\/fr\/","logo":{"@type":"ImageObject","inLanguage":"fr-FR","@id":"https:\/\/zoomfrei.de\/fr\/#\/schema\/logo\/image\/","url":"https:\/\/zoomfrei.de\/wp-content\/uploads\/sites\/3\/2025\/09\/logo_new.png","contentUrl":"https:\/\/zoomfrei.de\/wp-content\/uploads\/sites\/3\/2025\/09\/logo_new.png","width":512,"height":512,"caption":"Zoom Instagram"},"image":{"@id":"https:\/\/zoomfrei.de\/fr\/#\/schema\/logo\/image\/"}}]}},"_links":{"self":[{"href":"https:\/\/zoomfrei.de\/fr\/wp-json\/wp\/v2\/pages\/226","targetHints":{"allow":["GET"]}}],"collection":[{"href":"https:\/\/zoomfrei.de\/fr\/wp-json\/wp\/v2\/pages"}],"about":[{"href":"https:\/\/zoomfrei.de\/fr\/wp-json\/wp\/v2\/types\/page"}],"author":[{"embeddable":true,"href":"https:\/\/zoomfrei.de\/fr\/wp-json\/wp\/v2\/users\/2"}],"replies":[{"embeddable":true,"href":"https:\/\/zoomfrei.de\/fr\/wp-json\/wp\/v2\/comments?post=226"}],"version-history":[{"count":5,"href":"https:\/\/zoomfrei.de\/fr\/wp-json\/wp\/v2\/pages\/226\/revisions"}],"predecessor-version":[{"id":1401,"href":"https:\/\/zoomfrei.de\/fr\/wp-json\/wp\/v2\/pages\/226\/revisions\/1401"}],"wp:attachment":[{"href":"https:\/\/zoomfrei.de\/fr\/wp-json\/wp\/v2\/media?parent=226"}],"curies":[{"name":"wp","href":"https:\/\/api.w.org\/{rel}","templated":true}]}}