{"id":247,"date":"2025-09-01T13:27:00","date_gmt":"2025-09-01T13:27:00","guid":{"rendered":"https:\/\/zoomfrei.zoominsta.de\/usage-policy\/"},"modified":"2025-09-06T07:08:18","modified_gmt":"2025-09-06T07:08:18","slug":"usage-policy","status":"publish","type":"page","link":"https:\/\/zoomfrei.de\/fr\/usage-policy\/","title":{"rendered":"Politique d&rsquo;utilisation"},"content":{"rendered":"<section class=\"info2\">\n\n\n<p>Veuillez lire attentivement cette politique d&rsquo;utilisation avant d&rsquo;acc\u00e9der \u00e0 notre site Web. Notre politique d&rsquo;utilisation peut changer de temps \u00e0 autre pour s&rsquo;adapter aux d\u00e9veloppements de notre site Web afin de donner \u00e0 nos pr\u00e9cieux utilisateurs la plus grande satisfaction. Nous vous conseillons vivement de lire les conditions g\u00e9n\u00e9rales et les politiques de confidentialit\u00e9 de tout site Web ou service tiers que vous visitez.<\/p>\n\n\n<\/section>\n<section class=\"info2\">\n\n\n<h2 class=\"wp-block-heading\">Acc\u00e8s au site<\/h2>\n\n\n\n<p>Votre acc\u00e8s au Service et son utilisation sont conditionn\u00e9s par votre acceptation et votre respect des pr\u00e9sentes Conditions g\u00e9n\u00e9rales. Ces Conditions g\u00e9n\u00e9rales s&rsquo;appliquent \u00e0 tous les visiteurs, utilisateurs et autres personnes qui acc\u00e8dent au Service ou l&rsquo;utilisent.<\/p>\n\n\n\n<p>En acc\u00e9dant au Service ou en l&rsquo;utilisant, vous acceptez d&rsquo;\u00eatre li\u00e9 par les pr\u00e9sentes Conditions g\u00e9n\u00e9rales. Si vous n&rsquo;\u00eates pas d&rsquo;accord avec une quelconque partie de ces Conditions g\u00e9n\u00e9rales, vous ne pouvez pas acc\u00e9der au Service.<\/p>\n\n\n\n<p>Votre acc\u00e8s au Service et son utilisation sont \u00e9galement conditionn\u00e9s par votre acceptation et votre respect de la Politique de confidentialit\u00e9 de la Soci\u00e9t\u00e9. Notre Politique de confidentialit\u00e9 d\u00e9crit nos politiques et proc\u00e9dures sur la collecte, l&rsquo;utilisation et la divulgation de vos informations personnelles lorsque vous utilisez le site Web et vous informe de vos droits en mati\u00e8re de confidentialit\u00e9 et de la mani\u00e8re dont la loi vous prot\u00e8ge. Veuillez lire attentivement notre Politique de confidentialit\u00e9 avant d&rsquo;utiliser notre service.<\/p>\n\n\n<\/section>\n<section class=\"info2\">\n\n\n<h2 class=\"wp-block-heading\">Utilisation non autoris\u00e9e<\/h2>\n\n\n\n<p>Vous ne pouvez utiliser ce site Web qu&rsquo;\u00e0 des fins l\u00e9gales. Vous ne pouvez pas utiliser le site Web si l&rsquo;utilisation comprend l&rsquo;un des cas suivants :<\/p>\n\n\n\n<ul class=\"wp-block-list\">\n<li>Une violation de quelque mani\u00e8re que ce soit de toute loi ou r\u00e9glementation locale, nationale ou internationale applicable.<\/li>\n\n\n\n<li>Utiliser le site Web d\u2019une mani\u00e8re ill\u00e9gale ou frauduleuse ou \u00e0 des fins ou effets ill\u00e9gaux ou frauduleux.<\/li>\n\n\n\n<li>Utiliser le site Web pour diffamer, publier du contenu obsc\u00e8ne ou offenser quiconque de toute autre mani\u00e8re.<\/li>\n\n\n\n<li>Promouvoir tout mat\u00e9riel sexuellement explicite ou toute forme de discrimination ; ou transmettre ou provoquer la transmission de tout mat\u00e9riel publicitaire ou promotionnel ind\u00e9sirable ou non autoris\u00e9 ou de toute autre forme de mat\u00e9riel ind\u00e9sirable (spam).<\/li>\n<\/ul>\n\n\n<\/section>\n<section class=\"info2\">\n\n\n<h2 class=\"wp-block-heading\">Droits de propri\u00e9t\u00e9 intellectuelle<\/h2>\n\n\n\n<ul class=\"wp-block-list\">\n<li>Toutes les marques mentionn\u00e9es sur le site sont la propri\u00e9t\u00e9 de leurs propri\u00e9taires, sauf indication contraire. Ce site est prot\u00e9g\u00e9 par des droits d&rsquo;auteur, des marques d\u00e9pos\u00e9es, des donn\u00e9es et des droits de propri\u00e9t\u00e9 intellectuelle, et vous devez reconna\u00eetre que ces droits font partie du site et que ces droits restent avec nous ou nos conc\u00e9dants de licence.<\/li>\n\n\n\n<li>Nous ne revendiquons pas la propri\u00e9t\u00e9 du contenu que vous proposez ou fournissez sur le site. Tout mat\u00e9riel que vous t\u00e9l\u00e9chargez sur le site n&rsquo;est pas consid\u00e9r\u00e9 comme confidentiel ou priv\u00e9, et nous avons le droit d&rsquo;utiliser, de copier, de distribuer et de divulguer ce contenu \u00e0 des tiers \u00e0 toutes fins.<\/li>\n<\/ul>\n\n\n<\/section>\n<section class=\"info2\">\n\n\n<h2 class=\"wp-block-heading\">Responsabilit\u00e9 juridique<\/h2>\n\n\n\n<ul class=\"wp-block-list\">\n<li>Nous ne sommes en aucun cas responsables du contenu, des pertes ou des dommages de toute nature r\u00e9sultant de l&rsquo;utilisation de tout contenu, qu&rsquo;il soit publi\u00e9 ou envoy\u00e9 par courrier \u00e9lectronique, transmis ou fourni sur ce site Web d&rsquo;une autre mani\u00e8re.<\/li>\n\n\n\n<li>Vous reconnaissez que nous ne sommes pas responsables de la s\u00e9curit\u00e9 ou de la confidentialit\u00e9 du site Web et des informations que vous fournissez au site. Vous \u00eates responsable des risques li\u00e9s \u00e0 l&rsquo;utilisation d&rsquo;Internet.<\/li>\n\n\n\n<li>Nous ne sommes pas responsables du contenu de vos commentaires et publications envoy\u00e9s, et la responsabilit\u00e9 l\u00e9gale et morale vous incombe enti\u00e8rement.<\/li>\n<\/ul>\n\n\n<\/section>\n<section class=\"info2\">\n\n\n<h2 class=\"wp-block-heading\">Probl\u00e8me de droit d&rsquo;auteur<\/h2>\n\n\n\n<ul class=\"wp-block-list\">\n<li>Insta Zoom Anonym respecte les droits d&rsquo;auteur et se conforme aux lois et r\u00e9glementations sur le droit d&rsquo;auteur.<\/li>\n\n\n\n<li>Les utilisateurs sont responsables du contenu qu&rsquo;ils utilisent.<\/li>\n\n\n\n<li>Insta Zoom Anonym permet d&rsquo;enregistrer des photos et des vid\u00e9os depuis votre compte ou tout compte public.<\/li>\n\n\n\n<li>Nous affichons uniquement le contenu \u00ab tel quel \u00bb que les utilisateurs ont publi\u00e9 sur Instagram. Les utilisateurs sont responsables de s&rsquo;assurer qu&rsquo;ils disposent du droit l\u00e9gal conform\u00e9ment aux lois en vigueur et de garantir leurs propres droits de propri\u00e9t\u00e9 intellectuelle en relation avec le contenu tel que publi\u00e9.<\/li>\n\n\n\n<li>Insta Zoom Anonym ne sauvegarde\/archive pas le contenu des utilisateurs pour quelque raison que ce soit.<\/li>\n\n\n\n<li>Nous vous encourageons et vous remercions de nous informer de toute utilisation suspecte, fausse d\u00e9claration, utilisation non autoris\u00e9e, violation et non-conformit\u00e9 pour notre traitement appropri\u00e9.<\/li>\n<\/ul>\n\n\n<\/section>\n<section class=\"info2\">\n\n\n<h2 class=\"wp-block-heading\">Exactitude du contenu et des mat\u00e9riaux<\/h2>\n\n\n\n<p>Le contenu et les \u00e9l\u00e9ments figurant sur le site Web de Insta Zoom Anonym peuvent contenir des erreurs techniques, typographiques ou photographiques. Insta Zoom Anonym ne garantit pas que le contenu et les \u00e9l\u00e9ments sont exacts, complets ou \u00e0 jour. Insta Zoom Anonym peut apporter des modifications au contenu et aux \u00e9l\u00e9ments figurant sur son site Web \u00e0 tout moment sans pr\u00e9avis.<\/p>\n\n\n\n<h2 class=\"wp-block-heading\">Links<\/h2>\n\n\n\n<p>Insta Zoom Anonym n&rsquo;assume aucune responsabilit\u00e9 pour les sites li\u00e9s \u00e0 son site Web, ainsi que pour leur contenu. L&rsquo;inclusion d&rsquo;un lien n&rsquo;implique pas l&rsquo;approbation du site par Insta Zoom Anonym. L&rsquo;utilisation de tout site Web li\u00e9 se fait aux risques et p\u00e9rils de l&rsquo;utilisateur.<\/p>\n\n\n\n<h2 class=\"wp-block-heading\">Confidentialit\u00e9<\/h2>\n\n\n\n<p>Nous exploitons le site Web Insta Zoom Anonym conform\u00e9ment \u00e0 nos principes \u00e9tablis pour garantir que la confidentialit\u00e9 des informations personnelles, y compris les informations de nos utilisateurs, est prot\u00e9g\u00e9e et maintenue sans divulgation \u00e0 des tiers pour quelque raison que ce soit. Vous pouvez consulter la\u00a0 page\u00a0<a href=\"https:\/\/zoomfrei.de\/fr\/privacy-policy\/\">de politique de confidentialit\u00e9<\/a>\u00a0\u00a0.<\/p>\n\n\n<\/section>\n<section class=\"info2\">\n\n\n<h2 class=\"wp-block-heading\">Clause de non-responsabilit\u00e9<\/h2>\n\n\n\n<p>Le contenu et les \u00e9l\u00e9ments du site Web Insta Zoom Anonym sont fournis \u00ab tels quels \u00bb. Insta Zoom Anonym ne donne aucune garantie, expresse ou implicite, et d\u00e9cline et nie par la pr\u00e9sente toutes les autres garanties, y compris, sans limitation, les garanties ou conditions implicites de qualit\u00e9 marchande, d&rsquo;ad\u00e9quation \u00e0 un usage particulier ou de non-violation de la propri\u00e9t\u00e9 intellectuelle ou autre violation des droits. En outre, le site Web Insta Zoom Anonym ne garantit ni ne fait aucune d\u00e9claration concernant l&rsquo;exactitude, les r\u00e9sultats probables ou la fiabilit\u00e9 de l&rsquo;utilisation du contenu et des \u00e9l\u00e9ments sur son site Web ou concernant autrement ce contenu et ces \u00e9l\u00e9ments ou sur tout site li\u00e9 au site.<\/p>\n\n\n<\/section>\n<section class=\"info2\">\n\n\n<h2 class=\"wp-block-heading\">Conditions g\u00e9n\u00e9rales<\/h2>\n\n\n\n<ul class=\"wp-block-list\">\n<li>Vous utilisez le Service \u00e0 vos seuls risques et p\u00e9rils. Le service est fourni \u00ab tel quel \u00bb et \u00ab tel que disponible \u00bb.<\/li>\n\n\n\n<li>Nous attirons l&rsquo;attention des utilisateurs r\u00e9els sur votre flux, mais nous ne pouvons pas vous prot\u00e9ger du spam, des faux abonn\u00e9s et des abonn\u00e9s inactifs. Il n&rsquo;est pas possible de les arr\u00eater, mais vous pouvez supprimer les abonn\u00e9s ind\u00e9sirables par vous-m\u00eame ou \u00e0 l&rsquo;aide de services sp\u00e9ciaux.<\/li>\n\n\n\n<li>Nous ne pouvons pas garantir le fonctionnement continu, ininterrompu ou sans erreur des services.<\/li>\n\n\n\n<li>L&rsquo;assistance pour les services Insta Zoom Anonym est disponible en plusieurs langues par e-mail.<\/li>\n\n\n\n<li>Vous ne devez pas modifier, adapter ou pirater le Service ou modifier un autre site Web de mani\u00e8re \u00e0 laisser entendre \u00e0 tort qu&rsquo;il est associ\u00e9 aux Services Insta Zoom Anonym.<\/li>\n\n\n\n<li>Vous comprenez que Insta Zoom Anonym utilise des fournisseurs tiers et des partenaires d&rsquo;h\u00e9bergement pour fournir le mat\u00e9riel, les logiciels, le r\u00e9seau, le stockage et la technologie associ\u00e9e n\u00e9cessaires \u00e0 l&rsquo;ex\u00e9cution du Service.<\/li>\n\n\n\n<li>Le site Web Insta Zoom Anonym ne garantit pas que (i) le service r\u00e9pondra \u00e0 vos exigences sp\u00e9cifiques, (ii) le service sera ininterrompu, rapide, s\u00e9curis\u00e9 ou sans erreur, (iii) les r\u00e9sultats qui peuvent \u00eatre obtenus de l&rsquo;utilisation du service seront exacts ou fiables, (iv) corrigera toute erreur dans le Service.<\/li>\n\n\n\n<li>Vous comprenez et acceptez express\u00e9ment que Insta Zoom Anonym ne sera pas responsable de tout dommage direct ou indirect.<\/li>\n\n\n\n<li>Il est de votre seule responsabilit\u00e9 de v\u00e9rifier si les Conditions ont chang\u00e9.<\/li>\n<\/ul>\n\n\n<\/section>\n<section class=\"info2\">\n\n\n<h2 class=\"wp-block-heading\">Modifications des conditions g\u00e9n\u00e9rales<\/h2>\n\n\n\n<p>La pr\u00e9sente politique d&rsquo;utilisation peut \u00eatre modifi\u00e9e par Insta Zoom Anonym \u00e0 tout moment. Nous ferons des efforts raisonnables pour fournir un pr\u00e9avis avant l&rsquo;entr\u00e9e en vigueur de toute nouvelle condition. Ce qui constitue un changement important sera d\u00e9termin\u00e9 \u00e0 notre seule discr\u00e9tion.<\/p>\n\n\n\n<p>En continuant \u00e0 acc\u00e9der \u00e0 notre service ou \u00e0 l&rsquo;utiliser apr\u00e8s l&rsquo;entr\u00e9e en vigueur de ces r\u00e9visions, vous acceptez d&rsquo;\u00eatre li\u00e9 par les conditions r\u00e9vis\u00e9es. Si vous n&rsquo;acceptez pas les nouvelles conditions, en tout ou en partie, veuillez cesser d&rsquo;utiliser le site Web et le service.<\/p>\n\n\n\n<h2 class=\"wp-block-heading\">Acceptation de la politique d&rsquo;utilisation<\/h2>\n\n\n\n<p>En acc\u00e9dant \u00e0 notre site Web et en l&rsquo;utilisant, vous signifiez votre acceptation de notre politique d&rsquo;utilisation. Si vous n&rsquo;\u00eates pas d&rsquo;accord avec un contenu, veuillez ne pas utiliser notre site Web. Votre utilisation continue des services apr\u00e8s la publication des modifications apport\u00e9es \u00e0 cette politique sera consid\u00e9r\u00e9e comme votre acceptation de ces modifications.<\/p>\n\n\n\n<h2 class=\"wp-block-heading\">Contactez-nous<\/h2>\n\n\n\n<p>Si vous avez des questions sur ces termes et conditions, vous pouvez&nbsp;&nbsp;<a href=\"https:\/\/zoomfrei.de\/fr\/contact-us\/\" target=\"_blank\" rel=\"noreferrer noopener\">nous contacter<\/a><\/p>\n","protected":false},"excerpt":{"rendered":"<p>Veuillez lire attentivement cette politique d&rsquo;utilisation avant d&rsquo;acc\u00e9der \u00e0 notre site Web. Notre politique d&rsquo;utilisation peut changer de temps \u00e0 autre<a href=\"https:\/\/zoomfrei.de\/fr\/usage-policy\/\" rel=\"nofollow\">&#8230;see more<\/a><\/p>\n","protected":false},"author":2,"featured_media":0,"parent":0,"menu_order":0,"comment_status":"closed","ping_status":"closed","template":"","meta":{"footnotes":""},"class_list":["post-247","page","type-page","status-publish","hentry"],"yoast_head":"<!-- This site is optimized with the Yoast SEO plugin v26.9 - https:\/\/yoast.com\/product\/yoast-seo-wordpress\/ -->\n<title>Politique d&#039;utilisation de Insta Zoom Anonym<\/title>\n<meta name=\"description\" content=\"Lisez notre politique d&#039;utilisation pour comprendre les directives pour utiliser les services Insta Zoom Anonym de mani\u00e8re s\u00fbre et responsable.\" \/>\n<meta name=\"robots\" content=\"index, follow, max-snippet:-1, max-image-preview:large, max-video-preview:-1\" \/>\n<link rel=\"canonical\" href=\"https:\/\/zoomfrei.de\/fr\/usage-policy\/\" \/>\n<meta property=\"og:locale\" content=\"fr_FR\" \/>\n<meta property=\"og:type\" content=\"article\" \/>\n<meta property=\"og:title\" content=\"Politique d&#039;utilisation de Insta Zoom Anonym\" \/>\n<meta property=\"og:description\" content=\"Lisez notre politique d&#039;utilisation pour comprendre les directives pour utiliser les services Insta Zoom Anonym de mani\u00e8re s\u00fbre et responsable.\" \/>\n<meta property=\"og:url\" content=\"https:\/\/zoomfrei.de\/fr\/usage-policy\/\" \/>\n<meta property=\"og:site_name\" content=\"Zoom Instagram\" \/>\n<meta property=\"article:modified_time\" content=\"2025-09-06T07:08:18+00:00\" \/>\n<meta name=\"twitter:card\" content=\"summary_large_image\" \/>\n<meta name=\"twitter:label1\" content=\"Dur\u00e9e de lecture estim\u00e9e\" \/>\n\t<meta name=\"twitter:data1\" content=\"7 minutes\" \/>\n<script type=\"application\/ld+json\" class=\"yoast-schema-graph\">{\"@context\":\"https:\/\/schema.org\",\"@graph\":[{\"@type\":\"WebPage\",\"@id\":\"https:\/\/zoomfrei.de\/fr\/usage-policy\/\",\"url\":\"https:\/\/zoomfrei.de\/fr\/usage-policy\/\",\"name\":\"Politique d'utilisation de Insta Zoom Anonym\",\"isPartOf\":{\"@id\":\"https:\/\/zoomfrei.de\/fr\/#website\"},\"datePublished\":\"2025-09-01T13:27:00+00:00\",\"dateModified\":\"2025-09-06T07:08:18+00:00\",\"description\":\"Lisez notre politique d'utilisation pour comprendre les directives pour utiliser les services Insta Zoom Anonym de mani\u00e8re s\u00fbre et responsable.\",\"breadcrumb\":{\"@id\":\"https:\/\/zoomfrei.de\/fr\/usage-policy\/#breadcrumb\"},\"inLanguage\":\"fr-FR\",\"potentialAction\":[{\"@type\":\"ReadAction\",\"target\":[\"https:\/\/zoomfrei.de\/fr\/usage-policy\/\"]}]},{\"@type\":\"BreadcrumbList\",\"@id\":\"https:\/\/zoomfrei.de\/fr\/usage-policy\/#breadcrumb\",\"itemListElement\":[{\"@type\":\"ListItem\",\"position\":1,\"name\":\"Home\",\"item\":\"https:\/\/zoomfrei.de\/fr\/\"},{\"@type\":\"ListItem\",\"position\":2,\"name\":\"Politique d&#8217;utilisation\"}]},{\"@type\":\"WebSite\",\"@id\":\"https:\/\/zoomfrei.de\/fr\/#website\",\"url\":\"https:\/\/zoomfrei.de\/fr\/\",\"name\":\"Zoom Instagram\",\"description\":\"\",\"publisher\":{\"@id\":\"https:\/\/zoomfrei.de\/fr\/#organization\"},\"potentialAction\":[{\"@type\":\"SearchAction\",\"target\":{\"@type\":\"EntryPoint\",\"urlTemplate\":\"https:\/\/zoomfrei.de\/fr\/?s={search_term_string}\"},\"query-input\":{\"@type\":\"PropertyValueSpecification\",\"valueRequired\":true,\"valueName\":\"search_term_string\"}}],\"inLanguage\":\"fr-FR\"},{\"@type\":\"Organization\",\"@id\":\"https:\/\/zoomfrei.de\/fr\/#organization\",\"name\":\"Zoom Instagram\",\"url\":\"https:\/\/zoomfrei.de\/fr\/\",\"logo\":{\"@type\":\"ImageObject\",\"inLanguage\":\"fr-FR\",\"@id\":\"https:\/\/zoomfrei.de\/fr\/#\/schema\/logo\/image\/\",\"url\":\"https:\/\/zoomfrei.de\/wp-content\/uploads\/sites\/3\/2025\/09\/logo_new.png\",\"contentUrl\":\"https:\/\/zoomfrei.de\/wp-content\/uploads\/sites\/3\/2025\/09\/logo_new.png\",\"width\":512,\"height\":512,\"caption\":\"Zoom Instagram\"},\"image\":{\"@id\":\"https:\/\/zoomfrei.de\/fr\/#\/schema\/logo\/image\/\"}}]}<\/script>\n<!-- \/ Yoast SEO plugin. -->","yoast_head_json":{"title":"Politique d'utilisation de Insta Zoom Anonym","description":"Lisez notre politique d'utilisation pour comprendre les directives pour utiliser les services Insta Zoom Anonym de mani\u00e8re s\u00fbre et responsable.","robots":{"index":"index","follow":"follow","max-snippet":"max-snippet:-1","max-image-preview":"max-image-preview:large","max-video-preview":"max-video-preview:-1"},"canonical":"https:\/\/zoomfrei.de\/fr\/usage-policy\/","og_locale":"fr_FR","og_type":"article","og_title":"Politique d'utilisation de Insta Zoom Anonym","og_description":"Lisez notre politique d'utilisation pour comprendre les directives pour utiliser les services Insta Zoom Anonym de mani\u00e8re s\u00fbre et responsable.","og_url":"https:\/\/zoomfrei.de\/fr\/usage-policy\/","og_site_name":"Zoom Instagram","article_modified_time":"2025-09-06T07:08:18+00:00","twitter_card":"summary_large_image","twitter_misc":{"Dur\u00e9e de lecture estim\u00e9e":"7 minutes"},"schema":{"@context":"https:\/\/schema.org","@graph":[{"@type":"WebPage","@id":"https:\/\/zoomfrei.de\/fr\/usage-policy\/","url":"https:\/\/zoomfrei.de\/fr\/usage-policy\/","name":"Politique d'utilisation de Insta Zoom Anonym","isPartOf":{"@id":"https:\/\/zoomfrei.de\/fr\/#website"},"datePublished":"2025-09-01T13:27:00+00:00","dateModified":"2025-09-06T07:08:18+00:00","description":"Lisez notre politique d'utilisation pour comprendre les directives pour utiliser les services Insta Zoom Anonym de mani\u00e8re s\u00fbre et responsable.","breadcrumb":{"@id":"https:\/\/zoomfrei.de\/fr\/usage-policy\/#breadcrumb"},"inLanguage":"fr-FR","potentialAction":[{"@type":"ReadAction","target":["https:\/\/zoomfrei.de\/fr\/usage-policy\/"]}]},{"@type":"BreadcrumbList","@id":"https:\/\/zoomfrei.de\/fr\/usage-policy\/#breadcrumb","itemListElement":[{"@type":"ListItem","position":1,"name":"Home","item":"https:\/\/zoomfrei.de\/fr\/"},{"@type":"ListItem","position":2,"name":"Politique d&#8217;utilisation"}]},{"@type":"WebSite","@id":"https:\/\/zoomfrei.de\/fr\/#website","url":"https:\/\/zoomfrei.de\/fr\/","name":"Zoom Instagram","description":"","publisher":{"@id":"https:\/\/zoomfrei.de\/fr\/#organization"},"potentialAction":[{"@type":"SearchAction","target":{"@type":"EntryPoint","urlTemplate":"https:\/\/zoomfrei.de\/fr\/?s={search_term_string}"},"query-input":{"@type":"PropertyValueSpecification","valueRequired":true,"valueName":"search_term_string"}}],"inLanguage":"fr-FR"},{"@type":"Organization","@id":"https:\/\/zoomfrei.de\/fr\/#organization","name":"Zoom Instagram","url":"https:\/\/zoomfrei.de\/fr\/","logo":{"@type":"ImageObject","inLanguage":"fr-FR","@id":"https:\/\/zoomfrei.de\/fr\/#\/schema\/logo\/image\/","url":"https:\/\/zoomfrei.de\/wp-content\/uploads\/sites\/3\/2025\/09\/logo_new.png","contentUrl":"https:\/\/zoomfrei.de\/wp-content\/uploads\/sites\/3\/2025\/09\/logo_new.png","width":512,"height":512,"caption":"Zoom Instagram"},"image":{"@id":"https:\/\/zoomfrei.de\/fr\/#\/schema\/logo\/image\/"}}]}},"_links":{"self":[{"href":"https:\/\/zoomfrei.de\/fr\/wp-json\/wp\/v2\/pages\/247","targetHints":{"allow":["GET"]}}],"collection":[{"href":"https:\/\/zoomfrei.de\/fr\/wp-json\/wp\/v2\/pages"}],"about":[{"href":"https:\/\/zoomfrei.de\/fr\/wp-json\/wp\/v2\/types\/page"}],"author":[{"embeddable":true,"href":"https:\/\/zoomfrei.de\/fr\/wp-json\/wp\/v2\/users\/2"}],"replies":[{"embeddable":true,"href":"https:\/\/zoomfrei.de\/fr\/wp-json\/wp\/v2\/comments?post=247"}],"version-history":[{"count":5,"href":"https:\/\/zoomfrei.de\/fr\/wp-json\/wp\/v2\/pages\/247\/revisions"}],"predecessor-version":[{"id":1399,"href":"https:\/\/zoomfrei.de\/fr\/wp-json\/wp\/v2\/pages\/247\/revisions\/1399"}],"wp:attachment":[{"href":"https:\/\/zoomfrei.de\/fr\/wp-json\/wp\/v2\/media?parent=247"}],"curies":[{"name":"wp","href":"https:\/\/api.w.org\/{rel}","templated":true}]}}