{"id":262,"date":"2025-09-01T13:32:00","date_gmt":"2025-09-01T13:32:00","guid":{"rendered":"https:\/\/zoomfrei.zoominsta.de\/contact-us\/"},"modified":"2026-02-19T06:53:32","modified_gmt":"2026-02-19T06:53:32","slug":"contact-us","status":"publish","type":"page","link":"https:\/\/zoomfrei.de\/fr\/contact-us\/","title":{"rendered":"Nous contacter"},"content":{"rendered":"\n<header class=\"main-header-search\">\n\t<h1 class=\"main-search__title\">Nous contacter<\/h1>\n\t<p class=\"main-search__title-under\">Si vous \u00eates curieux de conna\u00eetre nos fonctionnalit\u00e9s ou avez besoin d&rsquo;aide avec nos services, notre \u00e9quipe est l\u00e0 pour vous fournir les r\u00e9ponses dont vous avez besoin sur Insta Zoom Anonym.<\/p>\n<\/header>\n\n\n\n<section class=\"info\">\n    <div class=\"background-border\">\n        <div class=\"container\">\n            <div class=\"info__text-block\">\n                <h2 class=\"info__text-block-title-services\">Nous sommes heureux de vous entendre,<\/h2>\n                <p>\n                    Chez <a href=\"\/fr\/\">Insta Zoom Anonym<\/a> , nous sommes l\u00e0 pour vous aider ! Que vous ayez des questions sur notre service Zoom pour les photos de profil Instagram, que vous ayez besoin d&rsquo;aide pour visualiser des stories ou des publications, ou que vous ayez rencontr\u00e9 un probl\u00e8me avec nos outils, nous sommes \u00e0 votre \u00e9coute. Vos commentaires nous aident \u00e0 nous am\u00e9liorer et garantissent une exp\u00e9rience fluide. Remplissez le formulaire ci-dessous et notre \u00e9quipe vous r\u00e9pondra rapidement !\n\n                <\/p>\n                <figure class=\"wp-block-image size-full is-resized\">\n                    <img loading=\"lazy\" decoding=\"async\" width=\"300\" height=\"80\" src=\"\/wp-content\/uploads\/sites\/3\/2025\/09\/support-email.png\" alt=\"support-email\" class=\"wp-image-361\" style=\"width:200px;height:50px\">\n                <\/figure>\n                \n<div class=\"wpcf7 no-js\" id=\"wpcf7-f383-o1\" lang=\"fr-FR\" dir=\"ltr\" data-wpcf7-id=\"383\">\n<div class=\"screen-reader-response\"><p role=\"status\" aria-live=\"polite\" aria-atomic=\"true\"><\/p> <ul><\/ul><\/div>\n<form action=\"\/fr\/wp-json\/wp\/v2\/pages\/262#wpcf7-f383-o1\" method=\"post\" class=\"wpcf7-form init\" aria-label=\"Formulaire de contact\" novalidate=\"novalidate\" data-status=\"init\">\n<fieldset class=\"hidden-fields-container\"><input type=\"hidden\" name=\"_wpcf7\" value=\"383\" \/><input type=\"hidden\" name=\"_wpcf7_version\" value=\"6.1.4\" \/><input type=\"hidden\" name=\"_wpcf7_locale\" value=\"fr_FR\" \/><input type=\"hidden\" name=\"_wpcf7_unit_tag\" value=\"wpcf7-f383-o1\" \/><input type=\"hidden\" name=\"_wpcf7_container_post\" value=\"0\" \/><input type=\"hidden\" name=\"_wpcf7_posted_data_hash\" value=\"\" \/>\n<\/fieldset>\n<p><label> Nom<br \/>\n<span class=\"wpcf7-form-control-wrap\" data-name=\"your-name\"><input size=\"40\" maxlength=\"400\" class=\"wpcf7-form-control wpcf7-text wpcf7-validates-as-required\" autocomplete=\"name\" aria-required=\"true\" aria-invalid=\"false\" value=\"\" type=\"text\" name=\"your-name\" \/><\/span> <\/label>\n<\/p>\n<p><label> Your email<br \/>\n<span class=\"wpcf7-form-control-wrap\" data-name=\"your-email\"><input size=\"40\" maxlength=\"400\" class=\"wpcf7-form-control wpcf7-email wpcf7-validates-as-required wpcf7-text wpcf7-validates-as-email\" autocomplete=\"email\" aria-required=\"true\" aria-invalid=\"false\" value=\"\" type=\"email\" name=\"your-email\" \/><\/span> <\/label>\n<\/p>\n<p><label> Objet<br \/>\n<span class=\"wpcf7-form-control-wrap\" data-name=\"your-subject\"><input size=\"40\" maxlength=\"400\" class=\"wpcf7-form-control wpcf7-text wpcf7-validates-as-required\" aria-required=\"true\" aria-invalid=\"false\" value=\"\" type=\"text\" name=\"your-subject\" \/><\/span> <\/label>\n<\/p>\n<p><label> Votre message (facultatif)<br \/>\n<span class=\"wpcf7-form-control-wrap\" data-name=\"your-message\"><textarea cols=\"40\" rows=\"10\" maxlength=\"2000\" class=\"wpcf7-form-control wpcf7-textarea\" aria-invalid=\"false\" name=\"your-message\"><\/textarea><\/span> <\/label>\n<\/p>\n<p><input class=\"wpcf7-form-control wpcf7-submit has-spinner\" type=\"submit\" value=\"Envoyer\" \/>\n<\/p><p style=\"display: none !important;\" class=\"akismet-fields-container\" data-prefix=\"_wpcf7_ak_\"><label>&#916;<textarea name=\"_wpcf7_ak_hp_textarea\" cols=\"45\" rows=\"8\" maxlength=\"100\"><\/textarea><\/label><input type=\"hidden\" id=\"ak_js_1\" name=\"_wpcf7_ak_js\" value=\"157\"\/><script>document.getElementById( \"ak_js_1\" ).setAttribute( \"value\", ( new Date() ).getTime() );<\/script><\/p><div class=\"wpcf7-response-output\" aria-hidden=\"true\"><\/div>\n<\/form>\n<\/div>\n\n            <\/div>\n        <\/div>\n    <\/div>\n<\/section>\n","protected":false},"excerpt":{"rendered":"<p>Nous contacter Si vous \u00eates curieux de conna\u00eetre nos fonctionnalit\u00e9s ou avez besoin d&rsquo;aide avec nos services, notre \u00e9quipe est l\u00e0<a href=\"https:\/\/zoomfrei.de\/fr\/contact-us\/\" rel=\"nofollow\">&#8230;see more<\/a><\/p>\n","protected":false},"author":2,"featured_media":0,"parent":0,"menu_order":0,"comment_status":"closed","ping_status":"closed","template":"","meta":{"footnotes":""},"class_list":["post-262","page","type-page","status-publish","hentry"],"yoast_head":"<!-- This site is optimized with the Yoast SEO plugin v26.9 - https:\/\/yoast.com\/product\/yoast-seo-wordpress\/ -->\n<title>Nous contacter - Assistance et support Insta Zoom | Zoom Insta<\/title>\n<meta name=\"description\" content=\"Nous contacter d\u00e8s aujourd&#039;hui pour obtenir de l&#039;aide sur le zoom des photos de profil, des stories Instagram et plus encore.\" \/>\n<meta name=\"robots\" content=\"index, follow, max-snippet:-1, max-image-preview:large, max-video-preview:-1\" \/>\n<link rel=\"canonical\" href=\"https:\/\/zoomfrei.de\/fr\/contact-us\/\" \/>\n<meta property=\"og:locale\" content=\"fr_FR\" \/>\n<meta property=\"og:type\" content=\"article\" \/>\n<meta property=\"og:title\" content=\"Nous contacter - Assistance et support Insta Zoom | Zoom Insta\" \/>\n<meta property=\"og:description\" content=\"Nous contacter d\u00e8s aujourd&#039;hui pour obtenir de l&#039;aide sur le zoom des photos de profil, des stories Instagram et plus encore.\" \/>\n<meta property=\"og:url\" content=\"https:\/\/zoomfrei.de\/fr\/contact-us\/\" \/>\n<meta property=\"og:site_name\" content=\"Zoom Instagram\" \/>\n<meta property=\"article:modified_time\" content=\"2026-02-19T06:53:32+00:00\" \/>\n<meta name=\"twitter:card\" content=\"summary_large_image\" \/>\n<meta name=\"twitter:label1\" content=\"Dur\u00e9e de lecture estim\u00e9e\" \/>\n\t<meta name=\"twitter:data1\" content=\"1 minute\" \/>\n<script type=\"application\/ld+json\" class=\"yoast-schema-graph\">{\"@context\":\"https:\/\/schema.org\",\"@graph\":[{\"@type\":\"WebPage\",\"@id\":\"https:\/\/zoomfrei.de\/fr\/contact-us\/\",\"url\":\"https:\/\/zoomfrei.de\/fr\/contact-us\/\",\"name\":\"Nous contacter - Assistance et support Insta Zoom | Zoom Insta\",\"isPartOf\":{\"@id\":\"https:\/\/zoomfrei.de\/fr\/#website\"},\"datePublished\":\"2025-09-01T13:32:00+00:00\",\"dateModified\":\"2026-02-19T06:53:32+00:00\",\"description\":\"Nous contacter d\u00e8s aujourd'hui pour obtenir de l'aide sur le zoom des photos de profil, des stories Instagram et plus encore.\",\"breadcrumb\":{\"@id\":\"https:\/\/zoomfrei.de\/fr\/contact-us\/#breadcrumb\"},\"inLanguage\":\"fr-FR\",\"potentialAction\":[{\"@type\":\"ReadAction\",\"target\":[\"https:\/\/zoomfrei.de\/fr\/contact-us\/\"]}]},{\"@type\":\"BreadcrumbList\",\"@id\":\"https:\/\/zoomfrei.de\/fr\/contact-us\/#breadcrumb\",\"itemListElement\":[{\"@type\":\"ListItem\",\"position\":1,\"name\":\"Home\",\"item\":\"https:\/\/zoomfrei.de\/fr\/\"},{\"@type\":\"ListItem\",\"position\":2,\"name\":\"Nous contacter\"}]},{\"@type\":\"WebSite\",\"@id\":\"https:\/\/zoomfrei.de\/fr\/#website\",\"url\":\"https:\/\/zoomfrei.de\/fr\/\",\"name\":\"Zoom Instagram\",\"description\":\"\",\"publisher\":{\"@id\":\"https:\/\/zoomfrei.de\/fr\/#organization\"},\"potentialAction\":[{\"@type\":\"SearchAction\",\"target\":{\"@type\":\"EntryPoint\",\"urlTemplate\":\"https:\/\/zoomfrei.de\/fr\/?s={search_term_string}\"},\"query-input\":{\"@type\":\"PropertyValueSpecification\",\"valueRequired\":true,\"valueName\":\"search_term_string\"}}],\"inLanguage\":\"fr-FR\"},{\"@type\":\"Organization\",\"@id\":\"https:\/\/zoomfrei.de\/fr\/#organization\",\"name\":\"Zoom Instagram\",\"url\":\"https:\/\/zoomfrei.de\/fr\/\",\"logo\":{\"@type\":\"ImageObject\",\"inLanguage\":\"fr-FR\",\"@id\":\"https:\/\/zoomfrei.de\/fr\/#\/schema\/logo\/image\/\",\"url\":\"https:\/\/zoomfrei.de\/wp-content\/uploads\/sites\/3\/2025\/09\/logo_new.png\",\"contentUrl\":\"https:\/\/zoomfrei.de\/wp-content\/uploads\/sites\/3\/2025\/09\/logo_new.png\",\"width\":512,\"height\":512,\"caption\":\"Zoom Instagram\"},\"image\":{\"@id\":\"https:\/\/zoomfrei.de\/fr\/#\/schema\/logo\/image\/\"}}]}<\/script>\n<!-- \/ Yoast SEO plugin. -->","yoast_head_json":{"title":"Nous contacter - Assistance et support Insta Zoom | Zoom Insta","description":"Nous contacter d\u00e8s aujourd'hui pour obtenir de l'aide sur le zoom des photos de profil, des stories Instagram et plus encore.","robots":{"index":"index","follow":"follow","max-snippet":"max-snippet:-1","max-image-preview":"max-image-preview:large","max-video-preview":"max-video-preview:-1"},"canonical":"https:\/\/zoomfrei.de\/fr\/contact-us\/","og_locale":"fr_FR","og_type":"article","og_title":"Nous contacter - Assistance et support Insta Zoom | Zoom Insta","og_description":"Nous contacter d\u00e8s aujourd'hui pour obtenir de l'aide sur le zoom des photos de profil, des stories Instagram et plus encore.","og_url":"https:\/\/zoomfrei.de\/fr\/contact-us\/","og_site_name":"Zoom Instagram","article_modified_time":"2026-02-19T06:53:32+00:00","twitter_card":"summary_large_image","twitter_misc":{"Dur\u00e9e de lecture estim\u00e9e":"1 minute"},"schema":{"@context":"https:\/\/schema.org","@graph":[{"@type":"WebPage","@id":"https:\/\/zoomfrei.de\/fr\/contact-us\/","url":"https:\/\/zoomfrei.de\/fr\/contact-us\/","name":"Nous contacter - Assistance et support Insta Zoom | Zoom Insta","isPartOf":{"@id":"https:\/\/zoomfrei.de\/fr\/#website"},"datePublished":"2025-09-01T13:32:00+00:00","dateModified":"2026-02-19T06:53:32+00:00","description":"Nous contacter d\u00e8s aujourd'hui pour obtenir de l'aide sur le zoom des photos de profil, des stories Instagram et plus encore.","breadcrumb":{"@id":"https:\/\/zoomfrei.de\/fr\/contact-us\/#breadcrumb"},"inLanguage":"fr-FR","potentialAction":[{"@type":"ReadAction","target":["https:\/\/zoomfrei.de\/fr\/contact-us\/"]}]},{"@type":"BreadcrumbList","@id":"https:\/\/zoomfrei.de\/fr\/contact-us\/#breadcrumb","itemListElement":[{"@type":"ListItem","position":1,"name":"Home","item":"https:\/\/zoomfrei.de\/fr\/"},{"@type":"ListItem","position":2,"name":"Nous contacter"}]},{"@type":"WebSite","@id":"https:\/\/zoomfrei.de\/fr\/#website","url":"https:\/\/zoomfrei.de\/fr\/","name":"Zoom Instagram","description":"","publisher":{"@id":"https:\/\/zoomfrei.de\/fr\/#organization"},"potentialAction":[{"@type":"SearchAction","target":{"@type":"EntryPoint","urlTemplate":"https:\/\/zoomfrei.de\/fr\/?s={search_term_string}"},"query-input":{"@type":"PropertyValueSpecification","valueRequired":true,"valueName":"search_term_string"}}],"inLanguage":"fr-FR"},{"@type":"Organization","@id":"https:\/\/zoomfrei.de\/fr\/#organization","name":"Zoom Instagram","url":"https:\/\/zoomfrei.de\/fr\/","logo":{"@type":"ImageObject","inLanguage":"fr-FR","@id":"https:\/\/zoomfrei.de\/fr\/#\/schema\/logo\/image\/","url":"https:\/\/zoomfrei.de\/wp-content\/uploads\/sites\/3\/2025\/09\/logo_new.png","contentUrl":"https:\/\/zoomfrei.de\/wp-content\/uploads\/sites\/3\/2025\/09\/logo_new.png","width":512,"height":512,"caption":"Zoom Instagram"},"image":{"@id":"https:\/\/zoomfrei.de\/fr\/#\/schema\/logo\/image\/"}}]}},"_links":{"self":[{"href":"https:\/\/zoomfrei.de\/fr\/wp-json\/wp\/v2\/pages\/262","targetHints":{"allow":["GET"]}}],"collection":[{"href":"https:\/\/zoomfrei.de\/fr\/wp-json\/wp\/v2\/pages"}],"about":[{"href":"https:\/\/zoomfrei.de\/fr\/wp-json\/wp\/v2\/types\/page"}],"author":[{"embeddable":true,"href":"https:\/\/zoomfrei.de\/fr\/wp-json\/wp\/v2\/users\/2"}],"replies":[{"embeddable":true,"href":"https:\/\/zoomfrei.de\/fr\/wp-json\/wp\/v2\/comments?post=262"}],"version-history":[{"count":7,"href":"https:\/\/zoomfrei.de\/fr\/wp-json\/wp\/v2\/pages\/262\/revisions"}],"predecessor-version":[{"id":1385,"href":"https:\/\/zoomfrei.de\/fr\/wp-json\/wp\/v2\/pages\/262\/revisions\/1385"}],"wp:attachment":[{"href":"https:\/\/zoomfrei.de\/fr\/wp-json\/wp\/v2\/media?parent=262"}],"curies":[{"name":"wp","href":"https:\/\/api.w.org\/{rel}","templated":true}]}}