{"id":227,"date":"2025-09-01T13:15:00","date_gmt":"2025-09-01T13:15:00","guid":{"rendered":"https:\/\/zoomfrei.zoominsta.de\/privacy-policy\/"},"modified":"2025-09-04T12:37:37","modified_gmt":"2025-09-04T12:37:37","slug":"privacy-policy","status":"publish","type":"page","link":"https:\/\/zoomfrei.de\/pt-pt\/privacy-policy\/","title":{"rendered":"Pol\u00edtica de Privacidade"},"content":{"rendered":"<section class=\"info2\">\n\n\n<p>Sua privacidade na Internet \u00e9 muito importante para o site Insta Zoom Anonym. Esta pol\u00edtica de privacidade tem como objetivo inform\u00e1-lo sobre as informa\u00e7\u00f5es que s\u00e3o obtidas de voc\u00ea quando voc\u00ea visita o site Insta Zoom Anonym, como as informa\u00e7\u00f5es s\u00e3o usadas e divulgadas, e como voc\u00ea controla o uso e a divulga\u00e7\u00e3o de informa\u00e7\u00f5es privadas, e como proteg\u00ea-las.<\/p>\n\n\n\n<p>Reserve um momento para se familiarizar com nossas pr\u00e1ticas de privacidade e entre em contato conosco se tiver alguma d\u00favida.<\/p>\n\n\n<\/section>\n<section class=\"info2\">\n\n\n<h2 class=\"wp-block-heading\">Quais informa\u00e7\u00f5es coletamos?<\/h2>\n\n\n\n<h3 class=\"wp-block-heading\">1- Informa\u00e7\u00f5es de identifica\u00e7\u00e3o pessoal<\/h3>\n\n\n\n<p>Podemos coletar informa\u00e7\u00f5es de identifica\u00e7\u00e3o pessoal dos Usu\u00e1rios de v\u00e1rias maneiras, por exemplo, quando os Usu\u00e1rios visitam nosso site e preenchem um formul\u00e1rio em conex\u00e3o com outras atividades, servi\u00e7os, recursos ou funcionalidades que disponibilizamos em nosso Site. Os Usu\u00e1rios podem visitar nosso Site anonimamente. Coletaremos informa\u00e7\u00f5es de identifica\u00e7\u00e3o pessoal dos Usu\u00e1rios somente se eles voluntariamente nos enviarem tais informa\u00e7\u00f5es. Os Usu\u00e1rios sempre podem se recusar a fornecer informa\u00e7\u00f5es de identifica\u00e7\u00e3o pessoal, exceto que isso pode impedi-los de se envolver em certas atividades relacionadas ao Site.<\/p>\n\n\n\n<h3 class=\"wp-block-heading\">2- Informa\u00e7\u00f5es de identifica\u00e7\u00e3o n\u00e3o pessoais<\/h3>\n\n\n\n<p>Podemos coletar informa\u00e7\u00f5es de identifica\u00e7\u00e3o n\u00e3o pessoais sobre Usu\u00e1rios sempre que eles interagem com nosso Site. Informa\u00e7\u00f5es de identifica\u00e7\u00e3o n\u00e3o pessoais podem incluir o nome do navegador, o tipo de computador e informa\u00e7\u00f5es t\u00e9cnicas sobre os meios de conex\u00e3o dos Usu\u00e1rios com nosso Site, como o sistema operacional e os provedores de servi\u00e7os de Internet utilizados e outras informa\u00e7\u00f5es semelhantes.<\/p>\n\n\n<\/section>\n<section class=\"info2\">\n\n\n<h2 class=\"wp-block-heading\">Tecnologias de rastreamento e cookies<\/h2>\n\n\n\n<p>Usamos Cookies e tecnologias de rastreamento semelhantes para rastrear a atividade em Nosso Servi\u00e7o e armazenar certas informa\u00e7\u00f5es. As tecnologias de rastreamento usadas s\u00e3o beacons, tags e scripts para coletar e rastrear informa\u00e7\u00f5es e para melhorar e analisar Nosso Servi\u00e7o.<\/p>\n\n\n\n<p>Voc\u00ea pode instruir seu navegador a recusar todos os Cookies ou a indicar quando um Cookie est\u00e1 sendo enviado. No entanto, se voc\u00ea n\u00e3o aceitar Cookies, Voc\u00ea pode n\u00e3o conseguir usar algumas partes do nosso Servi\u00e7o.<\/p>\n\n\n\n<p>Os cookies podem ser Cookies \u201cPersistentes\u201d ou \u201cDe Sess\u00e3o\u201d. Os Cookies Persistentes permanecem no seu computador pessoal ou dispositivo m\u00f3vel quando voc\u00ea fica offline, enquanto os Cookies de Sess\u00e3o s\u00e3o exclu\u00eddos assim que voc\u00ea fecha o seu navegador da web.<\/p>\n\n\n\n<p>Utilizamos cookies de sess\u00e3o e persistentes para os prop\u00f3sitos definidos abaixo:<\/p>\n\n\n\n<ul class=\"wp-block-list\">\n<li><strong>Cookies Necess\u00e1rios\/Essenciais<\/strong>&nbsp;: \u201cCookies de Sess\u00e3o\u201d Esses Cookies s\u00e3o essenciais para fornecer a voc\u00ea servi\u00e7os dispon\u00edveis por meio do Site e para permitir que voc\u00ea use alguns de seus recursos. Eles ajudam a autenticar usu\u00e1rios e evitar uso fraudulento. Sem esses Cookies, os servi\u00e7os que voc\u00ea solicitou n\u00e3o podem ser fornecidos, e n\u00f3s apenas usamos esses Cookies para fornecer a voc\u00ea esses servi\u00e7os.<\/li>\n\n\n\n<li><strong>Pol\u00edtica de Cookies \/ Aviso de Aceita\u00e7\u00e3o Cookies:&nbsp;<\/strong>&nbsp;\u201cCookies Persistentes\u201d Estes Cookies identificam se os utilizadores aceitaram a utiliza\u00e7\u00e3o de cookies no Website.<\/li>\n\n\n\n<li><strong>Cookies de Funcionalidade:<\/strong>&nbsp;&nbsp;\u201cCookies Persistentes\u201d Esses Cookies nos permitem lembrar as escolhas que voc\u00ea faz quando usa o Website, como prefer\u00eancia de idioma. O prop\u00f3sito desses Cookies \u00e9 fornecer a voc\u00ea uma experi\u00eancia mais pessoal e evitar que voc\u00ea tenha que inserir novamente suas prefer\u00eancias toda vez que usar o Website.<\/li>\n\n\n\n<li><strong>Cookies de Rastreamento e Desempenho:<\/strong>&nbsp;&nbsp;\u201cCookies Persistentes\u201d Esses Cookies s\u00e3o usados \u200b\u200bpara rastrear informa\u00e7\u00f5es sobre o tr\u00e1fego para o Site e como os usu\u00e1rios usam o Site. As informa\u00e7\u00f5es coletadas por meio desses Cookies podem identific\u00e1-lo direta ou indiretamente como um visitante individual. Isso ocorre porque as informa\u00e7\u00f5es coletadas s\u00e3o normalmente vinculadas a um identificador pseud\u00f4nimo associado ao dispositivo que voc\u00ea usa para acessar o Site. Tamb\u00e9m podemos usar esses Cookies para testar novas p\u00e1ginas, recursos ou novas funcionalidades do Site para ver como nossos usu\u00e1rios reagem a eles.<\/li>\n\n\n\n<li><strong>Cookies de segmenta\u00e7\u00e3o e publicidade:<\/strong>&nbsp;&nbsp;\u201cCookies persistentes\u201d de terceiros Finalidade: Esses cookies rastreiam seus h\u00e1bitos de navega\u00e7\u00e3o para nos permitir mostrar an\u00fancios que provavelmente sejam do seu interesse. Esses cookies usam informa\u00e7\u00f5es sobre seu hist\u00f3rico de navega\u00e7\u00e3o para agrup\u00e1-lo com outros usu\u00e1rios que tenham interesses semelhantes. Com base nessas informa\u00e7\u00f5es, e com nossa permiss\u00e3o, anunciantes terceirizados podem colocar cookies para permitir que eles mostrem an\u00fancios que achamos que ser\u00e3o relevantes para seus interesses enquanto voc\u00ea estiver em sites de terceiros.<\/li>\n<\/ul>\n\n\n\n<p>Para obter mais informa\u00e7\u00f5es sobre os cookies que usamos e suas escolhas em rela\u00e7\u00e3o aos cookies, visite nossa&nbsp;&nbsp;<a href=\"https:\/\/zoomfrei.de\/pt-pt\/cookie-policy\/\" target=\"_blank\" rel=\"noreferrer noopener\">Pol\u00edtica de Cookies<\/a>&nbsp;.<\/p>\n\n\n<\/section>\n<section class=\"info2\">\n\n\n<h2 class=\"wp-block-heading\">O que fazemos com as informa\u00e7\u00f5es que coletamos?<\/h2>\n\n\n\n<p>O site Insta Zoom Anonym pode usar Dados Pessoais para os seguintes prop\u00f3sitos:<\/p>\n\n\n\n<ul class=\"wp-block-list\">\n<li>Para entrar em contato com voc\u00ea: Para entrar em contato com voc\u00ea por e-mail ou outras formas equivalentes de comunica\u00e7\u00e3o eletr\u00f4nica.<\/li>\n\n\n\n<li>Para lhe fornecer not\u00edcias, ofertas especiais e informa\u00e7\u00f5es gerais sobre outros servi\u00e7os e eventos que oferecemos e que sejam semelhantes aos que voc\u00ea solicitou, a menos que voc\u00ea tenha optado por n\u00e3o receber tais informa\u00e7\u00f5es.<\/li>\n\n\n\n<li>Para gerenciar suas solicita\u00e7\u00f5es: Para atender e gerenciar suas solicita\u00e7\u00f5es para n\u00f3s.<\/li>\n<\/ul>\n\n\n\n<p>Podemos compartilhar suas informa\u00e7\u00f5es pessoais nas seguintes situa\u00e7\u00f5es:<\/p>\n\n\n\n<ul class=\"wp-block-list\">\n<li>Com Provedores de Servi\u00e7os: Podemos compartilhar Suas informa\u00e7\u00f5es pessoais com Provedores de Servi\u00e7os para monitorar e analisar o uso do nosso Servi\u00e7o, para mostrar an\u00fancios a Voc\u00ea para ajudar a dar suporte e manter Nosso Servi\u00e7o, para anunciar em sites de terceiros para Voc\u00ea depois que Voc\u00ea visitar nosso Servi\u00e7o, para entrar em contato com Voc\u00ea.<\/li>\n\n\n\n<li>Com afiliados: podemos compartilhar suas informa\u00e7\u00f5es com nossos afiliados e, nesse caso, exigiremos que esses afiliados honrem esta Pol\u00edtica de Privacidade.<\/li>\n\n\n\n<li>Com parceiros comerciais: Podemos compartilhar suas informa\u00e7\u00f5es com nossos parceiros comerciais para lhe oferecer determinados produtos, servi\u00e7os ou promo\u00e7\u00f5es.<\/li>\n\n\n\n<li>Com outros usu\u00e1rios: quando voc\u00ea compartilha informa\u00e7\u00f5es pessoais ou interage de outra forma nas \u00e1reas p\u00fablicas com outros usu\u00e1rios, essas informa\u00e7\u00f5es podem ser visualizadas por todos os usu\u00e1rios e podem ser distribu\u00eddas publicamente fora.<\/li>\n<\/ul>\n\n\n<\/section>\n<section class=\"info2\">\n\n\n<h2 class=\"wp-block-heading\">Reten\u00e7\u00e3o de Dados Pessoais<\/h2>\n\n\n\n<p>O site Insta Zoom Anonym reter\u00e1 Seus Dados Pessoais apenas pelo tempo necess\u00e1rio para os prop\u00f3sitos definidos nesta Pol\u00edtica de Privacidade. Reteremos e usaremos Seus Dados Pessoais na medida necess\u00e1ria para cumprir com nossas obriga\u00e7\u00f5es legais (por exemplo, se formos obrigados a reter seus dados para cumprir com as leis aplic\u00e1veis), resolver disputas e aplicar nossos acordos e pol\u00edticas legais.<\/p>\n\n\n\n<p>Tamb\u00e9m reteremos Dados de Uso para fins de an\u00e1lise interna. Os Dados de Uso s\u00e3o geralmente retidos por um per\u00edodo de tempo mais curto, exceto quando esses dados s\u00e3o usados \u200b\u200bpara fortalecer a seguran\u00e7a ou para melhorar a funcionalidade do Nosso Servi\u00e7o, ou somos legalmente obrigados a reter esses dados por per\u00edodos de tempo mais longos.<\/p>\n\n\n\n<p>Tomaremos todas as medidas razoavelmente necess\u00e1rias para garantir que Seus dados sejam tratados com seguran\u00e7a e de acordo com esta Pol\u00edtica de Privacidade e nenhuma transfer\u00eancia de Seus Dados Pessoais ocorrer\u00e1 para uma organiza\u00e7\u00e3o ou um pa\u00eds, a menos que haja controles adequados em vigor, incluindo a seguran\u00e7a de Seus dados e outras informa\u00e7\u00f5es pessoais.<\/p>\n\n\n<\/section>\n<section class=\"info2\">\n\n\n<h2 class=\"wp-block-heading\">Divulga\u00e7\u00e3o de Dados Pessoais<\/h2>\n\n\n\n<ul class=\"wp-block-list\">\n<li>Transa\u00e7\u00f5es Comerciais: Se o Insta Zoom Anonym estiver envolvido em uma fus\u00e3o, aquisi\u00e7\u00e3o ou venda de ativos, Seus Dados Pessoais podem ser transferidos. N\u00f3s forneceremos um aviso antes que Seus Dados Pessoais sejam transferidos e se tornem sujeitos a uma Pol\u00edtica de Privacidade diferente.<\/li>\n\n\n\n<li>Aplica\u00e7\u00e3o da lei: sob certas circunst\u00e2ncias, o Insta Zoom Anonym pode ser obrigado a divulgar seus Dados Pessoais se exigido por lei ou em resposta a solicita\u00e7\u00f5es v\u00e1lidas de autoridades p\u00fablicas (por exemplo, um tribunal ou uma ag\u00eancia governamental).<\/li>\n\n\n\n<li>Outros requisitos legais: Cumprir uma obriga\u00e7\u00e3o legal, Prevenir ou investigar poss\u00edveis irregularidades relacionadas ao Servi\u00e7o, Proteger contra responsabilidade legal, Seguran\u00e7a dos seus Dados Pessoais.<\/li>\n<\/ul>\n\n\n<\/section>\n<section class=\"info2\">\n\n\n<h2 class=\"wp-block-heading\">Seguran\u00e7a<\/h2>\n\n\n\n<p>N\u00e3o vendemos ou trocamos nenhuma informa\u00e7\u00e3o identific\u00e1vel cujo propriet\u00e1rio tenha se voluntariado para apresent\u00e1-la em nosso site a terceiros sem o consentimento pr\u00e9vio da pessoa. No entanto, podemos compartilhar algumas informa\u00e7\u00f5es do usu\u00e1rio para atender \u00e0s suas necessidades. Qualquer informa\u00e7\u00e3o fornecida pelos usu\u00e1rios do nosso site \u00e9 mantida com cuidado e seguran\u00e7a e n\u00e3o \u00e9 usada de nenhuma outra forma que n\u00e3o a especificada nesta pol\u00edtica de privacidade, ou quaisquer pol\u00edticas limitadas a sites espec\u00edficos, ou de qualquer maneira que voc\u00ea tenha expressamente concordado. Usamos em nosso site \u201cInsta Zoom Anonym\u201d uma variedade de tecnologias e medidas de seguran\u00e7a para proteger as informa\u00e7\u00f5es mantidas em nosso sistema contra perda, uso indevido ou acesso a elas sem autoriza\u00e7\u00e3o, divulga\u00e7\u00e3o, modifica\u00e7\u00e3o ou destrui\u00e7\u00e3o.<\/p>\n\n\n\n<p>Mas o site \u201cInsta Zoom Anonym\u201d n\u00e3o se responsabiliza pela seguran\u00e7a da informa\u00e7\u00e3o.<\/p>\n\n\n<\/section>\n<section class=\"info2\">\n\n\n<h2 class=\"wp-block-heading\">Informa\u00e7\u00f5es detalhadas sobre o processamento de dados pessoais<\/h2>\n\n\n\n<p>Os Provedores de Servi\u00e7os t\u00eam acesso aos Seus Dados Pessoais somente para executar suas tarefas em nosso nome e s\u00e3o obrigados a n\u00e3o divulg\u00e1-los ou us\u00e1-los para qualquer outra finalidade.<\/p>\n\n\n\n<ul class=\"wp-block-list\">\n<li>Analytics: Podemos usar provedores de servi\u00e7os terceirizados para monitorar e analisar o uso do nosso Servi\u00e7o. Como o Google Analytics, \u00e9 um servi\u00e7o de an\u00e1lise da web oferecido pelo Google que rastreia e relata o tr\u00e1fego do site.<\/li>\n\n\n\n<li>Publicidade: Podemos usar provedores de servi\u00e7os para mostrar an\u00fancios a voc\u00ea para ajudar a dar suporte e manter nosso servi\u00e7o.<\/li>\n\n\n\n<li>Marketing por e-mail: podemos usar seus dados pessoais para entrar em contato com voc\u00ea com boletins informativos, materiais de marketing ou promocionais e outras informa\u00e7\u00f5es que possam ser do seu interesse.<\/li>\n\n\n\n<li>Uso, desempenho e diversos: podemos usar provedores de servi\u00e7os terceirizados para fornecer melhor melhoria do nosso servi\u00e7o. O reCAPTCHA \u00e9 operado pelo Google para coletar informa\u00e7\u00f5es suas e do seu dispositivo para fins de seguran\u00e7a.<\/li>\n<\/ul>\n\n\n<\/section>\n<section class=\"info2\">\n\n\n<h2 class=\"wp-block-heading\">Altera\u00e7\u00f5es na Pol\u00edtica de Privacidade<\/h2>\n\n\n\n<p>O Insta Zoom Anonym tem autoridade total para atualizar esta Pol\u00edtica de Privacidade a qualquer momento. N\u00f3s o notificaremos sobre quaisquer altera\u00e7\u00f5es publicando a nova Pol\u00edtica de Privacidade nesta p\u00e1gina. \u00c9 aconselh\u00e1vel que voc\u00ea revise esta Pol\u00edtica de Privacidade periodicamente para quaisquer altera\u00e7\u00f5es e para ver como estamos ajudando a proteger as informa\u00e7\u00f5es pessoais que coletamos. Voc\u00ea reconhece e concorda que \u00e9 sua responsabilidade revisar esta Pol\u00edtica de Privacidade periodicamente e tomar conhecimento das modifica\u00e7\u00f5es. As altera\u00e7\u00f5es a esta Pol\u00edtica de Privacidade entram em vigor quando s\u00e3o publicadas nesta p\u00e1gina.<\/p>\n\n\n<\/section>\n<section class=\"info2\">\n\n\n<h2 class=\"wp-block-heading\">Aceita\u00e7\u00e3o da pol\u00edtica de privacidade<\/h2>\n\n\n\n<p>O uso de qualquer p\u00e1gina do site significa sua aceita\u00e7\u00e3o incondicional de nossa pol\u00edtica de privacidade e seu comprometimento com quaisquer termos que exijam que voc\u00ea tome medidas de sua parte e, com base no que esta pol\u00edtica prev\u00ea, se voc\u00ea n\u00e3o concordar com os termos desta pol\u00edtica, voc\u00ea deve sair das p\u00e1ginas do site e parar de us\u00e1-lo imediatamente.<\/p>\n\n\n<\/section>\n<section class=\"info2\">\n\n\n<h2 class=\"wp-block-heading\">Contate-nos<\/h2>\n\n\n\n<p>Se voc\u00ea tiver alguma d\u00favida sobre esta Pol\u00edtica de Privacidade, entre em contato conosco: Visitando a&nbsp; p\u00e1gina&nbsp;<strong><a href=\"https:\/\/zoomfrei.de\/pt-pt\/contact-us\/\" target=\"_blank\" rel=\"noreferrer noopener\">Fale Conosco<\/a><\/strong>&nbsp;&nbsp;no site.<\/p>\n\n\n<\/section>","protected":false},"excerpt":{"rendered":"<p>Sua privacidade na Internet \u00e9 muito importante para o site Insta Zoom Anonym. Esta pol\u00edtica de privacidade tem como objetivo inform\u00e1-lo<a href=\"https:\/\/zoomfrei.de\/pt-pt\/privacy-policy\/\" rel=\"nofollow\">&#8230;see more<\/a><\/p>\n","protected":false},"author":2,"featured_media":0,"parent":0,"menu_order":0,"comment_status":"closed","ping_status":"closed","template":"","meta":{"footnotes":""},"class_list":["post-227","page","type-page","status-publish","hentry"],"yoast_head":"<!-- This site is optimized with the Yoast SEO plugin v26.9 - https:\/\/yoast.com\/product\/yoast-seo-wordpress\/ -->\n<title>Pol\u00edtica de Privacidade - Seus Dados e Seguran\u00e7a | Insta Zoom<\/title>\n<meta name=\"description\" content=\"Leia a Pol\u00edtica de Privacidade do Insta Zoom para entender seus direitos de dados e nosso compromisso com a seguran\u00e7a.\" \/>\n<meta name=\"robots\" content=\"index, follow, max-snippet:-1, max-image-preview:large, max-video-preview:-1\" \/>\n<link rel=\"canonical\" href=\"https:\/\/zoomfrei.de\/pt-pt\/privacy-policy\/\" \/>\n<meta property=\"og:locale\" content=\"pt_PT\" \/>\n<meta property=\"og:type\" content=\"article\" \/>\n<meta property=\"og:title\" content=\"Pol\u00edtica de Privacidade - Seus Dados e Seguran\u00e7a | Insta Zoom\" \/>\n<meta property=\"og:description\" content=\"Leia a Pol\u00edtica de Privacidade do Insta Zoom para entender seus direitos de dados e nosso compromisso com a seguran\u00e7a.\" \/>\n<meta property=\"og:url\" content=\"https:\/\/zoomfrei.de\/pt-pt\/privacy-policy\/\" \/>\n<meta property=\"og:site_name\" content=\"Zoom Instagram\" \/>\n<meta property=\"article:modified_time\" content=\"2025-09-04T12:37:37+00:00\" \/>\n<meta name=\"twitter:card\" content=\"summary_large_image\" \/>\n<script type=\"application\/ld+json\" class=\"yoast-schema-graph\">{\"@context\":\"https:\/\/schema.org\",\"@graph\":[{\"@type\":\"WebPage\",\"@id\":\"https:\/\/zoomfrei.de\/pt-pt\/privacy-policy\/\",\"url\":\"https:\/\/zoomfrei.de\/pt-pt\/privacy-policy\/\",\"name\":\"Pol\u00edtica de Privacidade - Seus Dados e Seguran\u00e7a | Insta Zoom\",\"isPartOf\":{\"@id\":\"https:\/\/zoomfrei.de\/pt-pt\/#website\"},\"datePublished\":\"2025-09-01T13:15:00+00:00\",\"dateModified\":\"2025-09-04T12:37:37+00:00\",\"description\":\"Leia a Pol\u00edtica de Privacidade do Insta Zoom para entender seus direitos de dados e nosso compromisso com a seguran\u00e7a.\",\"breadcrumb\":{\"@id\":\"https:\/\/zoomfrei.de\/pt-pt\/privacy-policy\/#breadcrumb\"},\"inLanguage\":\"pt-PT\",\"potentialAction\":[{\"@type\":\"ReadAction\",\"target\":[\"https:\/\/zoomfrei.de\/pt-pt\/privacy-policy\/\"]}]},{\"@type\":\"BreadcrumbList\",\"@id\":\"https:\/\/zoomfrei.de\/pt-pt\/privacy-policy\/#breadcrumb\",\"itemListElement\":[{\"@type\":\"ListItem\",\"position\":1,\"name\":\"Home\",\"item\":\"https:\/\/zoomfrei.de\/pt-pt\/\"},{\"@type\":\"ListItem\",\"position\":2,\"name\":\"Pol\u00edtica de Privacidade\"}]},{\"@type\":\"WebSite\",\"@id\":\"https:\/\/zoomfrei.de\/pt-pt\/#website\",\"url\":\"https:\/\/zoomfrei.de\/pt-pt\/\",\"name\":\"Zoom Instagram\",\"description\":\"\",\"publisher\":{\"@id\":\"https:\/\/zoomfrei.de\/pt-pt\/#organization\"},\"potentialAction\":[{\"@type\":\"SearchAction\",\"target\":{\"@type\":\"EntryPoint\",\"urlTemplate\":\"https:\/\/zoomfrei.de\/pt-pt\/?s={search_term_string}\"},\"query-input\":{\"@type\":\"PropertyValueSpecification\",\"valueRequired\":true,\"valueName\":\"search_term_string\"}}],\"inLanguage\":\"pt-PT\"},{\"@type\":\"Organization\",\"@id\":\"https:\/\/zoomfrei.de\/pt-pt\/#organization\",\"name\":\"Zoom Instagram\",\"url\":\"https:\/\/zoomfrei.de\/pt-pt\/\",\"logo\":{\"@type\":\"ImageObject\",\"inLanguage\":\"pt-PT\",\"@id\":\"https:\/\/zoomfrei.de\/pt-pt\/#\/schema\/logo\/image\/\",\"url\":\"https:\/\/zoomfrei.de\/wp-content\/uploads\/sites\/3\/2025\/09\/logo_new.png\",\"contentUrl\":\"https:\/\/zoomfrei.de\/wp-content\/uploads\/sites\/3\/2025\/09\/logo_new.png\",\"width\":512,\"height\":512,\"caption\":\"Zoom Instagram\"},\"image\":{\"@id\":\"https:\/\/zoomfrei.de\/pt-pt\/#\/schema\/logo\/image\/\"}}]}<\/script>\n<!-- \/ Yoast SEO plugin. -->","yoast_head_json":{"title":"Pol\u00edtica de Privacidade - Seus Dados e Seguran\u00e7a | Insta Zoom","description":"Leia a Pol\u00edtica de Privacidade do Insta Zoom para entender seus direitos de dados e nosso compromisso com a seguran\u00e7a.","robots":{"index":"index","follow":"follow","max-snippet":"max-snippet:-1","max-image-preview":"max-image-preview:large","max-video-preview":"max-video-preview:-1"},"canonical":"https:\/\/zoomfrei.de\/pt-pt\/privacy-policy\/","og_locale":"pt_PT","og_type":"article","og_title":"Pol\u00edtica de Privacidade - Seus Dados e Seguran\u00e7a | Insta Zoom","og_description":"Leia a Pol\u00edtica de Privacidade do Insta Zoom para entender seus direitos de dados e nosso compromisso com a seguran\u00e7a.","og_url":"https:\/\/zoomfrei.de\/pt-pt\/privacy-policy\/","og_site_name":"Zoom Instagram","article_modified_time":"2025-09-04T12:37:37+00:00","twitter_card":"summary_large_image","schema":{"@context":"https:\/\/schema.org","@graph":[{"@type":"WebPage","@id":"https:\/\/zoomfrei.de\/pt-pt\/privacy-policy\/","url":"https:\/\/zoomfrei.de\/pt-pt\/privacy-policy\/","name":"Pol\u00edtica de Privacidade - Seus Dados e Seguran\u00e7a | Insta Zoom","isPartOf":{"@id":"https:\/\/zoomfrei.de\/pt-pt\/#website"},"datePublished":"2025-09-01T13:15:00+00:00","dateModified":"2025-09-04T12:37:37+00:00","description":"Leia a Pol\u00edtica de Privacidade do Insta Zoom para entender seus direitos de dados e nosso compromisso com a seguran\u00e7a.","breadcrumb":{"@id":"https:\/\/zoomfrei.de\/pt-pt\/privacy-policy\/#breadcrumb"},"inLanguage":"pt-PT","potentialAction":[{"@type":"ReadAction","target":["https:\/\/zoomfrei.de\/pt-pt\/privacy-policy\/"]}]},{"@type":"BreadcrumbList","@id":"https:\/\/zoomfrei.de\/pt-pt\/privacy-policy\/#breadcrumb","itemListElement":[{"@type":"ListItem","position":1,"name":"Home","item":"https:\/\/zoomfrei.de\/pt-pt\/"},{"@type":"ListItem","position":2,"name":"Pol\u00edtica de Privacidade"}]},{"@type":"WebSite","@id":"https:\/\/zoomfrei.de\/pt-pt\/#website","url":"https:\/\/zoomfrei.de\/pt-pt\/","name":"Zoom Instagram","description":"","publisher":{"@id":"https:\/\/zoomfrei.de\/pt-pt\/#organization"},"potentialAction":[{"@type":"SearchAction","target":{"@type":"EntryPoint","urlTemplate":"https:\/\/zoomfrei.de\/pt-pt\/?s={search_term_string}"},"query-input":{"@type":"PropertyValueSpecification","valueRequired":true,"valueName":"search_term_string"}}],"inLanguage":"pt-PT"},{"@type":"Organization","@id":"https:\/\/zoomfrei.de\/pt-pt\/#organization","name":"Zoom Instagram","url":"https:\/\/zoomfrei.de\/pt-pt\/","logo":{"@type":"ImageObject","inLanguage":"pt-PT","@id":"https:\/\/zoomfrei.de\/pt-pt\/#\/schema\/logo\/image\/","url":"https:\/\/zoomfrei.de\/wp-content\/uploads\/sites\/3\/2025\/09\/logo_new.png","contentUrl":"https:\/\/zoomfrei.de\/wp-content\/uploads\/sites\/3\/2025\/09\/logo_new.png","width":512,"height":512,"caption":"Zoom Instagram"},"image":{"@id":"https:\/\/zoomfrei.de\/pt-pt\/#\/schema\/logo\/image\/"}}]}},"_links":{"self":[{"href":"https:\/\/zoomfrei.de\/pt-pt\/wp-json\/wp\/v2\/pages\/227","targetHints":{"allow":["GET"]}}],"collection":[{"href":"https:\/\/zoomfrei.de\/pt-pt\/wp-json\/wp\/v2\/pages"}],"about":[{"href":"https:\/\/zoomfrei.de\/pt-pt\/wp-json\/wp\/v2\/types\/page"}],"author":[{"embeddable":true,"href":"https:\/\/zoomfrei.de\/pt-pt\/wp-json\/wp\/v2\/users\/2"}],"replies":[{"embeddable":true,"href":"https:\/\/zoomfrei.de\/pt-pt\/wp-json\/wp\/v2\/comments?post=227"}],"version-history":[{"count":7,"href":"https:\/\/zoomfrei.de\/pt-pt\/wp-json\/wp\/v2\/pages\/227\/revisions"}],"predecessor-version":[{"id":1389,"href":"https:\/\/zoomfrei.de\/pt-pt\/wp-json\/wp\/v2\/pages\/227\/revisions\/1389"}],"wp:attachment":[{"href":"https:\/\/zoomfrei.de\/pt-pt\/wp-json\/wp\/v2\/media?parent=227"}],"curies":[{"name":"wp","href":"https:\/\/api.w.org\/{rel}","templated":true}]}}