{"id":248,"date":"2025-09-01T13:27:00","date_gmt":"2025-09-01T13:27:00","guid":{"rendered":"https:\/\/zoomfrei.zoominsta.de\/usage-policy\/"},"modified":"2025-09-04T12:14:32","modified_gmt":"2025-09-04T12:14:32","slug":"usage-policy","status":"publish","type":"page","link":"https:\/\/zoomfrei.de\/pt-pt\/usage-policy\/","title":{"rendered":"Pol\u00edtica de uso"},"content":{"rendered":"<section class=\"info2\">\n\n\n<p>Por favor, leia esta Pol\u00edtica de Uso cuidadosamente antes de acessar nosso site. Nossa Pol\u00edtica de Uso pode mudar de tempos em tempos para estar em linha com os desenvolvimentos de nosso site para dar aos nossos valiosos usu\u00e1rios a mais alta satisfa\u00e7\u00e3o. N\u00f3s recomendamos fortemente que Voc\u00ea leia os termos e condi\u00e7\u00f5es e as pol\u00edticas de privacidade de quaisquer sites ou servi\u00e7os de terceiros que Voc\u00ea visitar.<\/p>\n\n\n<\/section>\n<section class=\"info2\">\n\n\n<h2 class=\"wp-block-heading\">Acesso ao site<\/h2>\n\n\n\n<p>Seu acesso e uso do Servi\u00e7o est\u00e3o condicionados \u00e0 Sua aceita\u00e7\u00e3o e conformidade com estes Termos e Condi\u00e7\u00f5es. Estes Termos e Condi\u00e7\u00f5es se aplicam a todos os visitantes, usu\u00e1rios e outros que acessam ou usam o Servi\u00e7o.<\/p>\n\n\n\n<p>Ao acessar ou usar o Servi\u00e7o, Voc\u00ea concorda em ficar vinculado a estes Termos e Condi\u00e7\u00f5es. Se Voc\u00ea discordar de qualquer parte destes Termos e Condi\u00e7\u00f5es, ent\u00e3o Voc\u00ea n\u00e3o poder\u00e1 acessar o Servi\u00e7o.<\/p>\n\n\n\n<p>Seu acesso ao Servi\u00e7o e seu uso tamb\u00e9m est\u00e3o condicionados \u00e0 Sua aceita\u00e7\u00e3o e conformidade com a Pol\u00edtica de Privacidade da Empresa. Nossa Pol\u00edtica de Privacidade descreve Nossas pol\u00edticas e procedimentos sobre a coleta, uso e divulga\u00e7\u00e3o de Suas informa\u00e7\u00f5es pessoais quando Voc\u00ea usa o Site e informa a Voc\u00ea sobre Seus direitos de privacidade e como a lei O protege. Leia Nossa Pol\u00edtica de Privacidade cuidadosamente antes de usar Nosso Servi\u00e7o.<\/p>\n\n\n<\/section>\n<section class=\"info2\">\n\n\n<h2 class=\"wp-block-heading\">Uso n\u00e3o autorizado<\/h2>\n\n\n\n<p>Voc\u00ea pode usar este site somente para prop\u00f3sitos legais. Voc\u00ea n\u00e3o pode usar o site se o uso incluir qualquer um dos seguintes casos:<\/p>\n\n\n\n<ul class=\"wp-block-list\">\n<li>Uma viola\u00e7\u00e3o de qualquer forma de qualquer lei ou regulamento local, nacional ou internacional aplic\u00e1vel.<\/li>\n\n\n\n<li>Usar o Site de maneira ilegal ou fraudulenta ou para qualquer prop\u00f3sito ou efeito ilegal ou fraudulento.<\/li>\n\n\n\n<li>Use o Site para difamar, publicar conte\u00fado obsceno ou ofender algu\u00e9m.<\/li>\n\n\n\n<li>Promover qualquer material sexualmente expl\u00edcito ou discrimina\u00e7\u00e3o de qualquer tipo; Ou transmitir ou causar a transmiss\u00e3o de qualquer material publicit\u00e1rio ou promocional indesejado ou n\u00e3o autorizado ou qualquer outra forma de material indesejado (spam).<\/li>\n<\/ul>\n\n\n<\/section>\n<section class=\"info2\">\n\n\n<h2 class=\"wp-block-heading\">Direitos de Propriedade Intelectual<\/h2>\n\n\n\n<ul class=\"wp-block-list\">\n<li>Todas as marcas registradas mencionadas no site s\u00e3o de propriedade de seus donos, a menos que seja anunciado de outra forma. Este site \u00e9 protegido por direitos autorais, marcas registradas, dados e direitos de propriedade intelectual, e voc\u00ea deve reconhecer que esses direitos s\u00e3o parte do site e esses direitos permanecem conosco ou com nossos licenciadores.<\/li>\n\n\n\n<li>N\u00e3o reivindicaremos a propriedade de nenhum conte\u00fado que voc\u00ea ofere\u00e7a ou forne\u00e7a no site. Qualquer material que voc\u00ea carregue no site n\u00e3o \u00e9 considerado confidencial ou privado, e temos o direito de usar, copiar, distribuir e divulgar esse conte\u00fado a terceiros para qualquer prop\u00f3sito.<\/li>\n<\/ul>\n\n\n<\/section>\n<section class=\"info2\">\n\n\n<h2 class=\"wp-block-heading\">Responsabilidade legal<\/h2>\n\n\n\n<ul class=\"wp-block-list\">\n<li>N\u00e3o somos respons\u00e1veis \u200b\u200bde forma alguma por qualquer conte\u00fado, perdas ou danos de qualquer tipo incorridos como resultado do uso de qualquer conte\u00fado, seja ele publicado ou enviado por e-mail, transmitido ou fornecido neste site de outra forma.<\/li>\n\n\n\n<li>Voc\u00ea reconhece que n\u00e3o somos respons\u00e1veis \u200b\u200bpela seguran\u00e7a ou confidencialidade do site e de qualquer informa\u00e7\u00e3o que voc\u00ea fornecer ao site. Voc\u00ea \u00e9 respons\u00e1vel pelos riscos associados ao uso da Internet.<\/li>\n\n\n\n<li>N\u00e3o somos respons\u00e1veis \u200b\u200bpelo conte\u00fado dos seus coment\u00e1rios e postagens enviadas, e a responsabilidade legal e moral \u00e9 inteiramente sua.<\/li>\n<\/ul>\n\n\n<\/section>\n<section class=\"info2\">\n\n\n<h2 class=\"wp-block-heading\">Problema de direitos autorais<\/h2>\n\n\n\n<ul class=\"wp-block-list\">\n<li>O Insta Zoom Anonym respeita os direitos autorais e cumpre as leis e regulamentos de direitos autorais.<\/li>\n\n\n\n<li>Os usu\u00e1rios s\u00e3o respons\u00e1veis \u200b\u200bpelo conte\u00fado que voc\u00ea usa.<\/li>\n\n\n\n<li>O Insta Zoom Anonym permite salvar fotos e v\u00eddeos da sua conta ou de qualquer conta p\u00fablica.<\/li>\n\n\n\n<li>N\u00f3s apenas exibimos o conte\u00fado \u201ccomo est\u00e1\u201d que os usu\u00e1rios postaram no Instagram. Os usu\u00e1rios s\u00e3o respons\u00e1veis \u200b\u200bpor garantir que t\u00eam o direito legal de acordo com as leis relevantes e garantir seus pr\u00f3prios direitos de propriedade intelectual em rela\u00e7\u00e3o ao conte\u00fado conforme postado.<\/li>\n\n\n\n<li>O Insta Zoom Anonym n\u00e3o faz backup\/arquivamento do conte\u00fado dos usu\u00e1rios por nenhum motivo.<\/li>\n\n\n\n<li>Incentivamos e agradecemos a voc\u00ea que nos informa sobre qualquer suspeita de uso indevido, deturpa\u00e7\u00e3o, uso n\u00e3o autorizado, viola\u00e7\u00e3o e n\u00e3o conformidade com nosso tratamento adequado.<\/li>\n<\/ul>\n\n\n<\/section>\n<section class=\"info2\">\n\n\n<h2 class=\"wp-block-heading\">Precis\u00e3o do conte\u00fado e dos materiais<\/h2>\n\n\n\n<p>O Conte\u00fado e os Materiais que aparecem no Site Insta Zoom Anonym podem incluir erros t\u00e9cnicos, tipogr\u00e1ficos ou fotogr\u00e1ficos. O Insta Zoom Anonymn\u00e3o garante que qualquer Conte\u00fado e Materiais sejam precisos, completos ou atuais. O Insta Zoom Anonym pode fazer altera\u00e7\u00f5es no Conte\u00fado e Materiais contidos em seu site a qualquer momento, sem aviso pr\u00e9vio.<\/p>\n\n\n\n<h2 class=\"wp-block-heading\">Liga\u00e7\u00f5es<\/h2>\n\n\n\n<p>O Insta Zoom Anonym n\u00e3o tem nenhuma responsabilidade por nenhum dos sites vinculados ao seu site, juntamente com o conte\u00fado deles. A inclus\u00e3o de qualquer link n\u00e3o implica endosso do site pelo Insta Zoom Anonym. O uso de qualquer site vinculado \u00e9 por conta e risco dos Usu\u00e1rios.<\/p>\n\n\n\n<h2 class=\"wp-block-heading\">Privacidade<\/h2>\n\n\n\n<p>N\u00f3s administramos o Insta Zoom Anonym Website em conformidade com nossos princ\u00edpios definidos para garantir que a confidencialidade das informa\u00e7\u00f5es pessoais, incluindo informa\u00e7\u00f5es de nossos Usu\u00e1rios, seja protegida e mantida sem divulga\u00e7\u00e3o a terceiros por quaisquer motivos. Voc\u00ea pode visualizar a\u00a0 p\u00e1gina\u00a0<a href=\"https:\/\/zoomfrei.de\/pt-pt\/privacy-policy\/\">de pol\u00edtica de privacidade<\/a>\u00a0\u00a0.<\/p>\n\n\n<\/section>\n<section class=\"info2\">\n\n\n<h2 class=\"wp-block-heading\">Isen\u00e7\u00e3o de responsabilidade<\/h2>\n\n\n\n<p>O Conte\u00fado e os Materiais no Site Insta Zoom Anonym s\u00e3o fornecidos \u201ccomo est\u00e3o\u201d. O Insta Zoom Anonym n\u00e3o oferece garantias, expressas ou impl\u00edcitas, e por meio deste isenta e nega todas as outras garantias, incluindo, sem limita\u00e7\u00e3o, garantias impl\u00edcitas ou condi\u00e7\u00f5es de comercializa\u00e7\u00e3o, adequa\u00e7\u00e3o a uma finalidade espec\u00edfica ou n\u00e3o viola\u00e7\u00e3o de propriedade intelectual ou outra viola\u00e7\u00e3o de direitos. Al\u00e9m disso, o Site Insta Zoom Anonym n\u00e3o garante ou faz quaisquer representa\u00e7\u00f5es sobre a precis\u00e3o, resultados prov\u00e1veis \u200b\u200bou confiabilidade do uso do Conte\u00fado e Materiais em seu site ou de outra forma relacionados a tal Conte\u00fado e Materiais ou em quaisquer sites vinculados ao site.<\/p>\n\n\n<\/section>\n<section class=\"info2\">\n\n\n<h2 class=\"wp-block-heading\">Condi\u00e7\u00f5es Gerais<\/h2>\n\n\n\n<ul class=\"wp-block-list\">\n<li>O uso do Servi\u00e7o \u00e9 por sua conta e risco. O servi\u00e7o \u00e9 fornecido \u201ccomo est\u00e1\u201d e \u201cconforme dispon\u00edvel\u201d.<\/li>\n\n\n\n<li>Chamamos a aten\u00e7\u00e3o de usu\u00e1rios reais para seu feed, mas n\u00e3o podemos proteg\u00ea-lo de spam, seguidores falsos e inativos. N\u00e3o \u00e9 poss\u00edvel par\u00e1-los, mas voc\u00ea pode remover seguidores indesejados sozinho ou com servi\u00e7os especiais.<\/li>\n\n\n\n<li>N\u00e3o podemos garantir a operabilidade cont\u00ednua, ininterrupta ou livre de erros dos servi\u00e7os.<\/li>\n\n\n\n<li>O suporte para os servi\u00e7os do Insta Zoom Anonym est\u00e1 dispon\u00edvel em v\u00e1rios idiomas por e-mail.<\/li>\n\n\n\n<li>Voc\u00ea n\u00e3o deve modificar, adaptar ou hackear o Servi\u00e7o ou modificar outro site de forma a implicar falsamente que ele est\u00e1 associado aos Servi\u00e7os Insta Zoom Anonym.<\/li>\n\n\n\n<li>Voc\u00ea entende que o Insta Zoom Anonym usa fornecedores terceirizados e parceiros de hospedagem para fornecer o hardware, software, rede, armazenamento e tecnologia relacionada necess\u00e1rios para executar o Servi\u00e7o.<\/li>\n\n\n\n<li>O site Insta Zoom Anonym n\u00e3o garante que (i) o servi\u00e7o atender\u00e1 \u00e0s suas necessidades espec\u00edficas, (ii) o servi\u00e7o ser\u00e1 ininterrupto, oportuno, seguro ou livre de erros, (iii) os resultados que podem ser obtidos com o uso do servi\u00e7o ser\u00e3o precisos ou confi\u00e1veis, (iv) corrigir\u00e1 quaisquer erros no Servi\u00e7o.<\/li>\n\n\n\n<li>Voc\u00ea entende e concorda expressamente que o Insta Zoom Anonym n\u00e3o ser\u00e1 respons\u00e1vel por quaisquer danos diretos ou indiretos.<\/li>\n\n\n\n<li>\u00c9 de sua exclusiva responsabilidade verificar se os Termos foram alterados.<\/li>\n<\/ul>\n\n\n<\/section>\n<section class=\"info2\">\n\n\n<h2 class=\"wp-block-heading\">Altera\u00e7\u00f5es Termos e Condi\u00e7\u00f5es<\/h2>\n\n\n\n<p>Esta pol\u00edtica de uso pode ser alterada pela Insta Zoom Anonym a qualquer momento. Faremos esfor\u00e7os razo\u00e1veis \u200b\u200bpara fornecer aviso antes que quaisquer novos termos entrem em vigor. O que constitui uma altera\u00e7\u00e3o material ser\u00e1 determinado a Nosso exclusivo crit\u00e9rio.<\/p>\n\n\n\n<p>Ao continuar a acessar ou usar Nosso Servi\u00e7o ap\u00f3s essas revis\u00f5es se tornarem efetivas, Voc\u00ea concorda em ficar vinculado aos termos revisados. Se Voc\u00ea n\u00e3o concordar com os novos termos, no todo ou em parte, pare de usar o site e o Servi\u00e7o.<\/p>\n\n\n\n<h2 class=\"wp-block-heading\">Aceita\u00e7\u00e3o da pol\u00edtica de uso<\/h2>\n\n\n\n<p>Ao acessar e usar nosso site, voc\u00ea indica sua aceita\u00e7\u00e3o de nossa pol\u00edtica de Uso. Se voc\u00ea n\u00e3o concordar com qualquer conte\u00fado, por favor, n\u00e3o use nosso site. Seu uso continuado dos Servi\u00e7os ap\u00f3s a publica\u00e7\u00e3o de altera\u00e7\u00f5es a esta pol\u00edtica ser\u00e1 considerado sua aceita\u00e7\u00e3o dessas altera\u00e7\u00f5es.<\/p>\n\n\n\n<h2 class=\"wp-block-heading\">Contate nos<\/h2>\n\n\n\n<p>Se voc\u00ea tiver alguma d\u00favida sobre estes Termos e Condi\u00e7\u00f5es, voc\u00ea pode&nbsp;&nbsp;<a href=\"https:\/\/zoomfrei.de\/pt-pt\/contact-us\/\" target=\"_blank\" rel=\"noreferrer noopener\">entrar em contato conosco<\/a><\/p>\n\n\n<\/section>","protected":false},"excerpt":{"rendered":"<p>Por favor, leia esta Pol\u00edtica de Uso cuidadosamente antes de acessar nosso site. Nossa Pol\u00edtica de Uso pode mudar de tempos<a href=\"https:\/\/zoomfrei.de\/pt-pt\/usage-policy\/\" rel=\"nofollow\">&#8230;see more<\/a><\/p>\n","protected":false},"author":2,"featured_media":0,"parent":0,"menu_order":0,"comment_status":"closed","ping_status":"closed","template":"","meta":{"footnotes":""},"class_list":["post-248","page","type-page","status-publish","hentry"],"yoast_head":"<!-- This site is optimized with the Yoast SEO plugin v26.9 - https:\/\/yoast.com\/product\/yoast-seo-wordpress\/ -->\n<title>Pol\u00edtica uso - Diretrizes para usar o Insta Zoom Anonym<\/title>\n<meta name=\"description\" content=\"Leia nossa Pol\u00edtica uso para entender as diretrizes para usar os servi\u00e7os do Insta Zoom Anonym com seguran\u00e7a e responsabilidade.\" \/>\n<meta name=\"robots\" content=\"index, follow, max-snippet:-1, max-image-preview:large, max-video-preview:-1\" \/>\n<link rel=\"canonical\" href=\"https:\/\/zoomfrei.de\/pt-pt\/usage-policy\/\" \/>\n<meta property=\"og:locale\" content=\"pt_PT\" \/>\n<meta property=\"og:type\" content=\"article\" \/>\n<meta property=\"og:title\" content=\"Pol\u00edtica uso - Diretrizes para usar o Insta Zoom Anonym\" \/>\n<meta property=\"og:description\" content=\"Leia nossa Pol\u00edtica uso para entender as diretrizes para usar os servi\u00e7os do Insta Zoom Anonym com seguran\u00e7a e responsabilidade.\" \/>\n<meta property=\"og:url\" content=\"https:\/\/zoomfrei.de\/pt-pt\/usage-policy\/\" \/>\n<meta property=\"og:site_name\" content=\"Zoom Instagram\" \/>\n<meta property=\"article:modified_time\" content=\"2025-09-04T12:14:32+00:00\" \/>\n<meta name=\"twitter:card\" content=\"summary_large_image\" \/>\n<meta name=\"twitter:label1\" content=\"Tempo estimado de leitura\" \/>\n\t<meta name=\"twitter:data1\" content=\"6 minutos\" \/>\n<script type=\"application\/ld+json\" class=\"yoast-schema-graph\">{\"@context\":\"https:\/\/schema.org\",\"@graph\":[{\"@type\":\"WebPage\",\"@id\":\"https:\/\/zoomfrei.de\/pt-pt\/usage-policy\/\",\"url\":\"https:\/\/zoomfrei.de\/pt-pt\/usage-policy\/\",\"name\":\"Pol\u00edtica uso - Diretrizes para usar o Insta Zoom Anonym\",\"isPartOf\":{\"@id\":\"https:\/\/zoomfrei.de\/pt-pt\/#website\"},\"datePublished\":\"2025-09-01T13:27:00+00:00\",\"dateModified\":\"2025-09-04T12:14:32+00:00\",\"description\":\"Leia nossa Pol\u00edtica uso para entender as diretrizes para usar os servi\u00e7os do Insta Zoom Anonym com seguran\u00e7a e responsabilidade.\",\"breadcrumb\":{\"@id\":\"https:\/\/zoomfrei.de\/pt-pt\/usage-policy\/#breadcrumb\"},\"inLanguage\":\"pt-PT\",\"potentialAction\":[{\"@type\":\"ReadAction\",\"target\":[\"https:\/\/zoomfrei.de\/pt-pt\/usage-policy\/\"]}]},{\"@type\":\"BreadcrumbList\",\"@id\":\"https:\/\/zoomfrei.de\/pt-pt\/usage-policy\/#breadcrumb\",\"itemListElement\":[{\"@type\":\"ListItem\",\"position\":1,\"name\":\"Home\",\"item\":\"https:\/\/zoomfrei.de\/pt-pt\/\"},{\"@type\":\"ListItem\",\"position\":2,\"name\":\"Pol\u00edtica de uso\"}]},{\"@type\":\"WebSite\",\"@id\":\"https:\/\/zoomfrei.de\/pt-pt\/#website\",\"url\":\"https:\/\/zoomfrei.de\/pt-pt\/\",\"name\":\"Zoom Instagram\",\"description\":\"\",\"publisher\":{\"@id\":\"https:\/\/zoomfrei.de\/pt-pt\/#organization\"},\"potentialAction\":[{\"@type\":\"SearchAction\",\"target\":{\"@type\":\"EntryPoint\",\"urlTemplate\":\"https:\/\/zoomfrei.de\/pt-pt\/?s={search_term_string}\"},\"query-input\":{\"@type\":\"PropertyValueSpecification\",\"valueRequired\":true,\"valueName\":\"search_term_string\"}}],\"inLanguage\":\"pt-PT\"},{\"@type\":\"Organization\",\"@id\":\"https:\/\/zoomfrei.de\/pt-pt\/#organization\",\"name\":\"Zoom Instagram\",\"url\":\"https:\/\/zoomfrei.de\/pt-pt\/\",\"logo\":{\"@type\":\"ImageObject\",\"inLanguage\":\"pt-PT\",\"@id\":\"https:\/\/zoomfrei.de\/pt-pt\/#\/schema\/logo\/image\/\",\"url\":\"https:\/\/zoomfrei.de\/wp-content\/uploads\/sites\/3\/2025\/09\/logo_new.png\",\"contentUrl\":\"https:\/\/zoomfrei.de\/wp-content\/uploads\/sites\/3\/2025\/09\/logo_new.png\",\"width\":512,\"height\":512,\"caption\":\"Zoom Instagram\"},\"image\":{\"@id\":\"https:\/\/zoomfrei.de\/pt-pt\/#\/schema\/logo\/image\/\"}}]}<\/script>\n<!-- \/ Yoast SEO plugin. -->","yoast_head_json":{"title":"Pol\u00edtica uso - Diretrizes para usar o Insta Zoom Anonym","description":"Leia nossa Pol\u00edtica uso para entender as diretrizes para usar os servi\u00e7os do Insta Zoom Anonym com seguran\u00e7a e responsabilidade.","robots":{"index":"index","follow":"follow","max-snippet":"max-snippet:-1","max-image-preview":"max-image-preview:large","max-video-preview":"max-video-preview:-1"},"canonical":"https:\/\/zoomfrei.de\/pt-pt\/usage-policy\/","og_locale":"pt_PT","og_type":"article","og_title":"Pol\u00edtica uso - Diretrizes para usar o Insta Zoom Anonym","og_description":"Leia nossa Pol\u00edtica uso para entender as diretrizes para usar os servi\u00e7os do Insta Zoom Anonym com seguran\u00e7a e responsabilidade.","og_url":"https:\/\/zoomfrei.de\/pt-pt\/usage-policy\/","og_site_name":"Zoom Instagram","article_modified_time":"2025-09-04T12:14:32+00:00","twitter_card":"summary_large_image","twitter_misc":{"Tempo estimado de leitura":"6 minutos"},"schema":{"@context":"https:\/\/schema.org","@graph":[{"@type":"WebPage","@id":"https:\/\/zoomfrei.de\/pt-pt\/usage-policy\/","url":"https:\/\/zoomfrei.de\/pt-pt\/usage-policy\/","name":"Pol\u00edtica uso - Diretrizes para usar o Insta Zoom Anonym","isPartOf":{"@id":"https:\/\/zoomfrei.de\/pt-pt\/#website"},"datePublished":"2025-09-01T13:27:00+00:00","dateModified":"2025-09-04T12:14:32+00:00","description":"Leia nossa Pol\u00edtica uso para entender as diretrizes para usar os servi\u00e7os do Insta Zoom Anonym com seguran\u00e7a e responsabilidade.","breadcrumb":{"@id":"https:\/\/zoomfrei.de\/pt-pt\/usage-policy\/#breadcrumb"},"inLanguage":"pt-PT","potentialAction":[{"@type":"ReadAction","target":["https:\/\/zoomfrei.de\/pt-pt\/usage-policy\/"]}]},{"@type":"BreadcrumbList","@id":"https:\/\/zoomfrei.de\/pt-pt\/usage-policy\/#breadcrumb","itemListElement":[{"@type":"ListItem","position":1,"name":"Home","item":"https:\/\/zoomfrei.de\/pt-pt\/"},{"@type":"ListItem","position":2,"name":"Pol\u00edtica de uso"}]},{"@type":"WebSite","@id":"https:\/\/zoomfrei.de\/pt-pt\/#website","url":"https:\/\/zoomfrei.de\/pt-pt\/","name":"Zoom Instagram","description":"","publisher":{"@id":"https:\/\/zoomfrei.de\/pt-pt\/#organization"},"potentialAction":[{"@type":"SearchAction","target":{"@type":"EntryPoint","urlTemplate":"https:\/\/zoomfrei.de\/pt-pt\/?s={search_term_string}"},"query-input":{"@type":"PropertyValueSpecification","valueRequired":true,"valueName":"search_term_string"}}],"inLanguage":"pt-PT"},{"@type":"Organization","@id":"https:\/\/zoomfrei.de\/pt-pt\/#organization","name":"Zoom Instagram","url":"https:\/\/zoomfrei.de\/pt-pt\/","logo":{"@type":"ImageObject","inLanguage":"pt-PT","@id":"https:\/\/zoomfrei.de\/pt-pt\/#\/schema\/logo\/image\/","url":"https:\/\/zoomfrei.de\/wp-content\/uploads\/sites\/3\/2025\/09\/logo_new.png","contentUrl":"https:\/\/zoomfrei.de\/wp-content\/uploads\/sites\/3\/2025\/09\/logo_new.png","width":512,"height":512,"caption":"Zoom Instagram"},"image":{"@id":"https:\/\/zoomfrei.de\/pt-pt\/#\/schema\/logo\/image\/"}}]}},"_links":{"self":[{"href":"https:\/\/zoomfrei.de\/pt-pt\/wp-json\/wp\/v2\/pages\/248","targetHints":{"allow":["GET"]}}],"collection":[{"href":"https:\/\/zoomfrei.de\/pt-pt\/wp-json\/wp\/v2\/pages"}],"about":[{"href":"https:\/\/zoomfrei.de\/pt-pt\/wp-json\/wp\/v2\/types\/page"}],"author":[{"embeddable":true,"href":"https:\/\/zoomfrei.de\/pt-pt\/wp-json\/wp\/v2\/users\/2"}],"replies":[{"embeddable":true,"href":"https:\/\/zoomfrei.de\/pt-pt\/wp-json\/wp\/v2\/comments?post=248"}],"version-history":[{"count":3,"href":"https:\/\/zoomfrei.de\/pt-pt\/wp-json\/wp\/v2\/pages\/248\/revisions"}],"predecessor-version":[{"id":1378,"href":"https:\/\/zoomfrei.de\/pt-pt\/wp-json\/wp\/v2\/pages\/248\/revisions\/1378"}],"wp:attachment":[{"href":"https:\/\/zoomfrei.de\/pt-pt\/wp-json\/wp\/v2\/media?parent=248"}],"curies":[{"name":"wp","href":"https:\/\/api.w.org\/{rel}","templated":true}]}}