{"id":256,"date":"2025-09-01T13:31:00","date_gmt":"2025-09-01T13:31:00","guid":{"rendered":"https:\/\/zoomfrei.zoominsta.de\/cookie-policy\/"},"modified":"2025-10-27T12:29:52","modified_gmt":"2025-10-27T12:29:52","slug":"cookie-policy","status":"publish","type":"page","link":"https:\/\/zoomfrei.de\/pt-pt\/cookie-policy\/","title":{"rendered":"Pol\u00edtica de cookies"},"content":{"rendered":"<section class=\"info2\">\n\n\n<h2 class=\"wp-block-heading\">Sobre esta pol\u00edtica de cookies<\/h2>\n\n\n\n<p>Esta Pol\u00edtica de Cookies explica o que s\u00e3o cookies e como os usamos, os tipos de cookies que usamos, ou seja, as informa\u00e7\u00f5es que coletamos usando cookies e como essas informa\u00e7\u00f5es s\u00e3o usadas e como controlar as prefer\u00eancias de cookies. Para obter mais informa\u00e7\u00f5es sobre como usamos, armazenamos e mantemos seus dados pessoais seguros, consulte nossa Pol\u00edtica de Privacidade. Voc\u00ea pode a qualquer momento alterar ou retirar seu consentimento da Declara\u00e7\u00e3o de Cookie em nosso site Saiba mais sobre quem somos, como voc\u00ea pode nos contatar e como processamos dados pessoais em nossa Pol\u00edtica de Privacidade. Seu consentimento se aplica aos seguintes dom\u00ednios: <a href=\"\/pt-pt\/\">www.zoomfrei.de\/pt-pt\/<\/a><\/p>\n\n\n<\/section>\n<section class=\"info2\">\n\n\n<h3 class=\"wp-block-heading\">O que s\u00e3o biscoitos?<\/h3>\n\n\n\n<p>Cookies s\u00e3o pequenos arquivos de texto usados para armazenar pequenas informa\u00e7\u00f5es. Eles s\u00e3o armazenados no seu dispositivo quando o site \u00e9 carregado no seu navegador. Esses cookies nos ajudam a fazer o site funcionar corretamente, torn\u00e1-lo mais seguro, fornecer uma melhor experi\u00eancia ao usu\u00e1rio e entender como o site funciona e analisar o que funciona e onde precisa ser melhorado.<\/p>\n\n\n\n<h3 class=\"wp-block-heading\">Como usamos cookies?<\/h3>\n\n\n\n<p>Como a maioria dos servi\u00e7os online, nosso site usa cookies prim\u00e1rios e de terceiros para diversos fins. Os cookies prim\u00e1rios s\u00e3o principalmente necess\u00e1rios para que o site funcione da maneira correta e n\u00e3o coletam nenhum dos seus dados de identifica\u00e7\u00e3o pessoal. Os cookies de terceiros usados em nosso site s\u00e3o principalmente para entender como o site funciona, como voc\u00ea interage com nosso site, manter nossos servi\u00e7os seguros, fornecer an\u00fancios relevantes para voc\u00ea e, em suma, fornecer a voc\u00ea um usu\u00e1rio melhor e aprimorado experi\u00eancia e ajudar a acelerar suas futuras intera\u00e7\u00f5es com nosso site.<\/p>\n\n\n<\/section>\n<section class=\"info2\">\n\n\n<h3 class=\"wp-block-heading\">Que tipos de cookies usamos?<\/h3>\n\n\n\n<ul class=\"wp-block-list\">\n<li>Essencial: Alguns cookies s\u00e3o essenciais para que voc\u00ea possa experimentar todas as funcionalidades do nosso site. Eles nos permitem manter sess\u00f5es de usu\u00e1rio e evitar quaisquer amea\u00e7as de seguran\u00e7a. Eles n\u00e3o coletam ou armazenam nenhuma informa\u00e7\u00e3o pessoal. Por exemplo, esses cookies permitem que voc\u00ea fa\u00e7a login em sua conta e adicione produtos \u00e0 sua cesta e fa\u00e7a o checkout com seguran\u00e7a.<\/li>\n\n\n\n<li>Estat\u00edsticas: Esses cookies armazenam informa\u00e7\u00f5es como o n\u00famero de visitantes do site, o n\u00famero de visitantes \u00fanicos, quais p\u00e1ginas do site foram visitadas, a fonte da visita etc. Esses dados nos ajudam a entender e analisar o desempenho do site e onde precisa de melhorias.<\/li>\n\n\n\n<li>Marketing: Nosso site exibe an\u00fancios. Esses cookies s\u00e3o usados para personalizar os an\u00fancios que mostramos a voc\u00ea para que sejam significativos para voc\u00ea. Esses cookies tamb\u00e9m nos ajudam a acompanhar a efici\u00eancia dessas campanhas publicit\u00e1rias. As informa\u00e7\u00f5es armazenadas nesses cookies tamb\u00e9m podem ser usadas pelos provedores de an\u00fancios terceirizados para exibir an\u00fancios em outros sites tamb\u00e9m no navegador.<\/li>\n\n\n\n<li>Funcionais: Estes s\u00e3o os cookies que auxiliam algumas funcionalidades n\u00e3o essenciais em nosso site. Essas funcionalidades incluem incorporar conte\u00fado como v\u00eddeos ou compartilhar conte\u00fado do site em plataformas de m\u00eddia social.<\/li>\n\n\n\n<li>Prefer\u00eancias: Esses cookies nos ajudam a armazenar suas configura\u00e7\u00f5es e prefer\u00eancias de navega\u00e7\u00e3o, como prefer\u00eancias de idioma, para que voc\u00ea tenha uma experi\u00eancia melhor e mais eficiente em futuras visitas ao site.<\/li>\n<\/ul>\n\n\n<\/section>\n<aside class=\"info2\">\n\n\n<h4 class=\"wp-block-heading\">Como posso controlar as prefer\u00eancias de cookies?<\/h4>\n\n\n\n<p>Caso decida alterar suas prefer\u00eancias posteriormente durante sua sess\u00e3o de navega\u00e7\u00e3o, voc\u00ea pode clicar na guia \u201cPrivacidade e Pol\u00edtica de Cookies\u201d na tela. Isso exibir\u00e1 o aviso de consentimento novamente, permitindo que voc\u00ea altere suas prefer\u00eancias ou retire totalmente seu consentimento. Al\u00e9m disso, diferentes navegadores fornecem m\u00e9todos diferentes para bloquear e excluir cookies usados por sites. Voc\u00ea pode alterar as configura\u00e7\u00f5es do seu navegador para bloquear\/excluir os cookies. Para saber mais sobre como gerenciar e excluir cookies, visite <a href=\"http:\/\/wikipedia.org\">wikipedia.org<\/a>, <a href=\"https:\/\/allaboutcookies.org\/\">www.allaboutcookies.org<\/a>.<\/p>\n\n\n<\/aside>","protected":false},"excerpt":{"rendered":"<p>Sobre esta pol\u00edtica de cookies Esta Pol\u00edtica de Cookies explica o que s\u00e3o cookies e como os usamos, os tipos de<a href=\"https:\/\/zoomfrei.de\/pt-pt\/cookie-policy\/\" rel=\"nofollow\">&#8230;see more<\/a><\/p>\n","protected":false},"author":2,"featured_media":0,"parent":0,"menu_order":0,"comment_status":"closed","ping_status":"closed","template":"","meta":{"footnotes":""},"class_list":["post-256","page","type-page","status-publish","hentry"],"yoast_head":"<!-- This site is optimized with the Yoast SEO plugin v26.9 - https:\/\/yoast.com\/product\/yoast-seo-wordpress\/ -->\n<title>Pol\u00edtica de Cookies - Como Usamos Cookies | Zoom Insta<\/title>\n<meta name=\"description\" content=\"Saiba mais sobre nossa Pol\u00edtica de Cookies, como usamos cookies para melhorar sua experi\u00eancia no Zoom Insta.\" \/>\n<meta name=\"robots\" content=\"index, follow, max-snippet:-1, max-image-preview:large, max-video-preview:-1\" \/>\n<link rel=\"canonical\" href=\"https:\/\/zoomfrei.de\/pt-pt\/cookie-policy\/\" \/>\n<meta property=\"og:locale\" content=\"pt_PT\" \/>\n<meta property=\"og:type\" content=\"article\" \/>\n<meta property=\"og:title\" content=\"Pol\u00edtica de Cookies - Como Usamos Cookies | Zoom Insta\" \/>\n<meta property=\"og:description\" content=\"Saiba mais sobre nossa Pol\u00edtica de Cookies, como usamos cookies para melhorar sua experi\u00eancia no Zoom Insta.\" \/>\n<meta property=\"og:url\" content=\"https:\/\/zoomfrei.de\/pt-pt\/cookie-policy\/\" \/>\n<meta property=\"og:site_name\" content=\"Zoom Instagram\" \/>\n<meta property=\"article:modified_time\" content=\"2025-10-27T12:29:52+00:00\" \/>\n<meta name=\"twitter:card\" content=\"summary_large_image\" \/>\n<meta name=\"twitter:label1\" content=\"Tempo estimado de leitura\" \/>\n\t<meta name=\"twitter:data1\" content=\"3 minutos\" \/>\n<script type=\"application\/ld+json\" class=\"yoast-schema-graph\">{\"@context\":\"https:\/\/schema.org\",\"@graph\":[{\"@type\":\"WebPage\",\"@id\":\"https:\/\/zoomfrei.de\/pt-pt\/cookie-policy\/\",\"url\":\"https:\/\/zoomfrei.de\/pt-pt\/cookie-policy\/\",\"name\":\"Pol\u00edtica de Cookies - Como Usamos Cookies | Zoom Insta\",\"isPartOf\":{\"@id\":\"https:\/\/zoomfrei.de\/pt-pt\/#website\"},\"datePublished\":\"2025-09-01T13:31:00+00:00\",\"dateModified\":\"2025-10-27T12:29:52+00:00\",\"description\":\"Saiba mais sobre nossa Pol\u00edtica de Cookies, como usamos cookies para melhorar sua experi\u00eancia no Zoom Insta.\",\"breadcrumb\":{\"@id\":\"https:\/\/zoomfrei.de\/pt-pt\/cookie-policy\/#breadcrumb\"},\"inLanguage\":\"pt-PT\",\"potentialAction\":[{\"@type\":\"ReadAction\",\"target\":[\"https:\/\/zoomfrei.de\/pt-pt\/cookie-policy\/\"]}]},{\"@type\":\"BreadcrumbList\",\"@id\":\"https:\/\/zoomfrei.de\/pt-pt\/cookie-policy\/#breadcrumb\",\"itemListElement\":[{\"@type\":\"ListItem\",\"position\":1,\"name\":\"Home\",\"item\":\"https:\/\/zoomfrei.de\/pt-pt\/\"},{\"@type\":\"ListItem\",\"position\":2,\"name\":\"Pol\u00edtica de cookies\"}]},{\"@type\":\"WebSite\",\"@id\":\"https:\/\/zoomfrei.de\/pt-pt\/#website\",\"url\":\"https:\/\/zoomfrei.de\/pt-pt\/\",\"name\":\"Zoom Instagram\",\"description\":\"\",\"publisher\":{\"@id\":\"https:\/\/zoomfrei.de\/pt-pt\/#organization\"},\"potentialAction\":[{\"@type\":\"SearchAction\",\"target\":{\"@type\":\"EntryPoint\",\"urlTemplate\":\"https:\/\/zoomfrei.de\/pt-pt\/?s={search_term_string}\"},\"query-input\":{\"@type\":\"PropertyValueSpecification\",\"valueRequired\":true,\"valueName\":\"search_term_string\"}}],\"inLanguage\":\"pt-PT\"},{\"@type\":\"Organization\",\"@id\":\"https:\/\/zoomfrei.de\/pt-pt\/#organization\",\"name\":\"Zoom Instagram\",\"url\":\"https:\/\/zoomfrei.de\/pt-pt\/\",\"logo\":{\"@type\":\"ImageObject\",\"inLanguage\":\"pt-PT\",\"@id\":\"https:\/\/zoomfrei.de\/pt-pt\/#\/schema\/logo\/image\/\",\"url\":\"https:\/\/zoomfrei.de\/wp-content\/uploads\/sites\/3\/2025\/09\/logo_new.png\",\"contentUrl\":\"https:\/\/zoomfrei.de\/wp-content\/uploads\/sites\/3\/2025\/09\/logo_new.png\",\"width\":512,\"height\":512,\"caption\":\"Zoom Instagram\"},\"image\":{\"@id\":\"https:\/\/zoomfrei.de\/pt-pt\/#\/schema\/logo\/image\/\"}}]}<\/script>\n<!-- \/ Yoast SEO plugin. -->","yoast_head_json":{"title":"Pol\u00edtica de Cookies - Como Usamos Cookies | Zoom Insta","description":"Saiba mais sobre nossa Pol\u00edtica de Cookies, como usamos cookies para melhorar sua experi\u00eancia no Zoom Insta.","robots":{"index":"index","follow":"follow","max-snippet":"max-snippet:-1","max-image-preview":"max-image-preview:large","max-video-preview":"max-video-preview:-1"},"canonical":"https:\/\/zoomfrei.de\/pt-pt\/cookie-policy\/","og_locale":"pt_PT","og_type":"article","og_title":"Pol\u00edtica de Cookies - Como Usamos Cookies | Zoom Insta","og_description":"Saiba mais sobre nossa Pol\u00edtica de Cookies, como usamos cookies para melhorar sua experi\u00eancia no Zoom Insta.","og_url":"https:\/\/zoomfrei.de\/pt-pt\/cookie-policy\/","og_site_name":"Zoom Instagram","article_modified_time":"2025-10-27T12:29:52+00:00","twitter_card":"summary_large_image","twitter_misc":{"Tempo estimado de leitura":"3 minutos"},"schema":{"@context":"https:\/\/schema.org","@graph":[{"@type":"WebPage","@id":"https:\/\/zoomfrei.de\/pt-pt\/cookie-policy\/","url":"https:\/\/zoomfrei.de\/pt-pt\/cookie-policy\/","name":"Pol\u00edtica de Cookies - Como Usamos Cookies | Zoom Insta","isPartOf":{"@id":"https:\/\/zoomfrei.de\/pt-pt\/#website"},"datePublished":"2025-09-01T13:31:00+00:00","dateModified":"2025-10-27T12:29:52+00:00","description":"Saiba mais sobre nossa Pol\u00edtica de Cookies, como usamos cookies para melhorar sua experi\u00eancia no Zoom Insta.","breadcrumb":{"@id":"https:\/\/zoomfrei.de\/pt-pt\/cookie-policy\/#breadcrumb"},"inLanguage":"pt-PT","potentialAction":[{"@type":"ReadAction","target":["https:\/\/zoomfrei.de\/pt-pt\/cookie-policy\/"]}]},{"@type":"BreadcrumbList","@id":"https:\/\/zoomfrei.de\/pt-pt\/cookie-policy\/#breadcrumb","itemListElement":[{"@type":"ListItem","position":1,"name":"Home","item":"https:\/\/zoomfrei.de\/pt-pt\/"},{"@type":"ListItem","position":2,"name":"Pol\u00edtica de cookies"}]},{"@type":"WebSite","@id":"https:\/\/zoomfrei.de\/pt-pt\/#website","url":"https:\/\/zoomfrei.de\/pt-pt\/","name":"Zoom Instagram","description":"","publisher":{"@id":"https:\/\/zoomfrei.de\/pt-pt\/#organization"},"potentialAction":[{"@type":"SearchAction","target":{"@type":"EntryPoint","urlTemplate":"https:\/\/zoomfrei.de\/pt-pt\/?s={search_term_string}"},"query-input":{"@type":"PropertyValueSpecification","valueRequired":true,"valueName":"search_term_string"}}],"inLanguage":"pt-PT"},{"@type":"Organization","@id":"https:\/\/zoomfrei.de\/pt-pt\/#organization","name":"Zoom Instagram","url":"https:\/\/zoomfrei.de\/pt-pt\/","logo":{"@type":"ImageObject","inLanguage":"pt-PT","@id":"https:\/\/zoomfrei.de\/pt-pt\/#\/schema\/logo\/image\/","url":"https:\/\/zoomfrei.de\/wp-content\/uploads\/sites\/3\/2025\/09\/logo_new.png","contentUrl":"https:\/\/zoomfrei.de\/wp-content\/uploads\/sites\/3\/2025\/09\/logo_new.png","width":512,"height":512,"caption":"Zoom Instagram"},"image":{"@id":"https:\/\/zoomfrei.de\/pt-pt\/#\/schema\/logo\/image\/"}}]}},"_links":{"self":[{"href":"https:\/\/zoomfrei.de\/pt-pt\/wp-json\/wp\/v2\/pages\/256","targetHints":{"allow":["GET"]}}],"collection":[{"href":"https:\/\/zoomfrei.de\/pt-pt\/wp-json\/wp\/v2\/pages"}],"about":[{"href":"https:\/\/zoomfrei.de\/pt-pt\/wp-json\/wp\/v2\/types\/page"}],"author":[{"embeddable":true,"href":"https:\/\/zoomfrei.de\/pt-pt\/wp-json\/wp\/v2\/users\/2"}],"replies":[{"embeddable":true,"href":"https:\/\/zoomfrei.de\/pt-pt\/wp-json\/wp\/v2\/comments?post=256"}],"version-history":[{"count":4,"href":"https:\/\/zoomfrei.de\/pt-pt\/wp-json\/wp\/v2\/pages\/256\/revisions"}],"predecessor-version":[{"id":1725,"href":"https:\/\/zoomfrei.de\/pt-pt\/wp-json\/wp\/v2\/pages\/256\/revisions\/1725"}],"wp:attachment":[{"href":"https:\/\/zoomfrei.de\/pt-pt\/wp-json\/wp\/v2\/media?parent=256"}],"curies":[{"name":"wp","href":"https:\/\/api.w.org\/{rel}","templated":true}]}}