{"id":263,"date":"2025-09-01T13:32:00","date_gmt":"2025-09-01T13:32:00","guid":{"rendered":"https:\/\/zoomfrei.zoominsta.de\/contact-us\/"},"modified":"2026-02-19T06:53:53","modified_gmt":"2026-02-19T06:53:53","slug":"contact-us","status":"publish","type":"page","link":"https:\/\/zoomfrei.de\/pt-pt\/contact-us\/","title":{"rendered":"Contate Nos"},"content":{"rendered":"\n<header class=\"main-header-search\">\n\t<h1 class=\"main-search__title\">Contate Nos<\/h1>\n\t<p class=\"main-search__title-under\">Se voc\u00ea estiver curioso sobre nossos recursos ou precisar de ajuda com nossos servi\u00e7os, nossa equipe est\u00e1 aqui para fornecer as respostas que voc\u00ea precisa sobre o Insta Zoom Anonym.<\/p>\n<\/header>\n\n\n\n<section class=\"info\">\n    <div class=\"background-border\">\n        <div class=\"container\">\n            <div class=\"info__text-block\">\n                <h2 class=\"info__text-block-title-services\">Ficaremos felizes em ouvir de voc\u00ea,<\/h2>\n                <p>\n                    No <a href=\"\/pt-pt\/\">Insta Zoom Anonym<\/a> , estamos aqui para dar suporte a voc\u00ea! Se voc\u00ea tiver d\u00favidas sobre nosso servi\u00e7o de zoom para fotos de perfil do Instagram, precisar de ajuda para visualizar hist\u00f3rias ou postagens ou tiver encontrado um problema com nossas ferramentas, estamos todos ouvidos. Seu feedback nos ajuda a melhorar e garante uma experi\u00eancia perfeita. Preencha o formul\u00e1rio abaixo e nossa equipe entrar\u00e1 em contato com voc\u00ea imediatamente!\n                <\/p>\n                <figure class=\"wp-block-image size-full is-resized\">\n                    <img loading=\"lazy\" decoding=\"async\" width=\"300\" height=\"80\" src=\"\/wp-content\/uploads\/sites\/3\/2025\/09\/support-email.png\" alt=\"support-email\" class=\"wp-image-361\" style=\"width:200px;height:50px\">\n                <\/figure>\n                \n<div class=\"wpcf7 no-js\" id=\"wpcf7-f384-o1\" lang=\"pt-PT\" dir=\"ltr\" data-wpcf7-id=\"384\">\n<div class=\"screen-reader-response\"><p role=\"status\" aria-live=\"polite\" aria-atomic=\"true\"><\/p> <ul><\/ul><\/div>\n<form action=\"\/pt-pt\/wp-json\/wp\/v2\/pages\/263#wpcf7-f384-o1\" method=\"post\" class=\"wpcf7-form init\" aria-label=\"Formul\u00e1rio de contacto\" novalidate=\"novalidate\" data-status=\"init\">\n<fieldset class=\"hidden-fields-container\"><input type=\"hidden\" name=\"_wpcf7\" value=\"384\" \/><input type=\"hidden\" name=\"_wpcf7_version\" value=\"6.1.4\" \/><input type=\"hidden\" name=\"_wpcf7_locale\" value=\"pt_PT\" \/><input type=\"hidden\" name=\"_wpcf7_unit_tag\" value=\"wpcf7-f384-o1\" \/><input type=\"hidden\" name=\"_wpcf7_container_post\" value=\"0\" \/><input type=\"hidden\" name=\"_wpcf7_posted_data_hash\" value=\"\" \/>\n<\/fieldset>\n<p><label> O seu nome<br \/>\n<span class=\"wpcf7-form-control-wrap\" data-name=\"your-name\"><input size=\"40\" maxlength=\"400\" class=\"wpcf7-form-control wpcf7-text wpcf7-validates-as-required\" autocomplete=\"name\" aria-required=\"true\" aria-invalid=\"false\" value=\"\" type=\"text\" name=\"your-name\" \/><\/span> <\/label>\n<\/p>\n<p><label> O seu e-mail<br \/>\n<span class=\"wpcf7-form-control-wrap\" data-name=\"your-email\"><input size=\"40\" maxlength=\"400\" class=\"wpcf7-form-control wpcf7-email wpcf7-validates-as-required wpcf7-text wpcf7-validates-as-email\" autocomplete=\"email\" aria-required=\"true\" aria-invalid=\"false\" value=\"\" type=\"email\" name=\"your-email\" \/><\/span> <\/label>\n<\/p>\n<p><label> Assunto<br \/>\n<span class=\"wpcf7-form-control-wrap\" data-name=\"your-subject\"><input size=\"40\" maxlength=\"400\" class=\"wpcf7-form-control wpcf7-text wpcf7-validates-as-required\" aria-required=\"true\" aria-invalid=\"false\" value=\"\" type=\"text\" name=\"your-subject\" \/><\/span> <\/label>\n<\/p>\n<p><label>A sua mensagem (opcional)<br \/>\n<span class=\"wpcf7-form-control-wrap\" data-name=\"your-message\"><textarea cols=\"40\" rows=\"10\" maxlength=\"2000\" class=\"wpcf7-form-control wpcf7-textarea\" aria-invalid=\"false\" name=\"your-message\"><\/textarea><\/span> <\/label>\n<\/p>\n<p><input class=\"wpcf7-form-control wpcf7-submit has-spinner\" type=\"submit\" value=\"Submeter\" \/>\n<\/p><p style=\"display: none !important;\" class=\"akismet-fields-container\" data-prefix=\"_wpcf7_ak_\"><label>&#916;<textarea name=\"_wpcf7_ak_hp_textarea\" cols=\"45\" rows=\"8\" maxlength=\"100\"><\/textarea><\/label><input type=\"hidden\" id=\"ak_js_1\" name=\"_wpcf7_ak_js\" value=\"33\"\/><script>document.getElementById( \"ak_js_1\" ).setAttribute( \"value\", ( new Date() ).getTime() );<\/script><\/p><div class=\"wpcf7-response-output\" aria-hidden=\"true\"><\/div>\n<\/form>\n<\/div>\n\n            <\/div>\n        <\/div>\n    <\/div>\n<\/section>\n","protected":false},"excerpt":{"rendered":"<p>Contate Nos Se voc\u00ea estiver curioso sobre nossos recursos ou precisar de ajuda com nossos servi\u00e7os, nossa equipe est\u00e1 aqui para<a href=\"https:\/\/zoomfrei.de\/pt-pt\/contact-us\/\" rel=\"nofollow\">&#8230;see more<\/a><\/p>\n","protected":false},"author":2,"featured_media":0,"parent":0,"menu_order":0,"comment_status":"closed","ping_status":"closed","template":"","meta":{"footnotes":""},"class_list":["post-263","page","type-page","status-publish","hentry"],"yoast_head":"<!-- This site is optimized with the Yoast SEO plugin v26.9 - https:\/\/yoast.com\/product\/yoast-seo-wordpress\/ -->\n<title>Contate Nos - - Suporte e assist\u00eancia do Insta Zoom | Zoom Insta<\/title>\n<meta name=\"description\" content=\"Entre em contato conosco hoje mesmo para obter assist\u00eancia com o zoom de fotos de perfil do Instagram, hist\u00f3rias e muito mais.\" \/>\n<meta name=\"robots\" content=\"index, follow, max-snippet:-1, max-image-preview:large, max-video-preview:-1\" \/>\n<link rel=\"canonical\" href=\"https:\/\/zoomfrei.de\/pt-pt\/contact-us\/\" \/>\n<meta property=\"og:locale\" content=\"pt_PT\" \/>\n<meta property=\"og:type\" content=\"article\" \/>\n<meta property=\"og:title\" content=\"Contate Nos - - Suporte e assist\u00eancia do Insta Zoom | Zoom Insta\" \/>\n<meta property=\"og:description\" content=\"Entre em contato conosco hoje mesmo para obter assist\u00eancia com o zoom de fotos de perfil do Instagram, hist\u00f3rias e muito mais.\" \/>\n<meta property=\"og:url\" content=\"https:\/\/zoomfrei.de\/pt-pt\/contact-us\/\" \/>\n<meta property=\"og:site_name\" content=\"Zoom Instagram\" \/>\n<meta property=\"article:modified_time\" content=\"2026-02-19T06:53:53+00:00\" \/>\n<meta name=\"twitter:card\" content=\"summary_large_image\" \/>\n<meta name=\"twitter:label1\" content=\"Tempo estimado de leitura\" \/>\n\t<meta name=\"twitter:data1\" content=\"1 minuto\" \/>\n<script type=\"application\/ld+json\" class=\"yoast-schema-graph\">{\"@context\":\"https:\/\/schema.org\",\"@graph\":[{\"@type\":\"WebPage\",\"@id\":\"https:\/\/zoomfrei.de\/pt-pt\/contact-us\/\",\"url\":\"https:\/\/zoomfrei.de\/pt-pt\/contact-us\/\",\"name\":\"Contate Nos - - Suporte e assist\u00eancia do Insta Zoom | Zoom Insta\",\"isPartOf\":{\"@id\":\"https:\/\/zoomfrei.de\/pt-pt\/#website\"},\"datePublished\":\"2025-09-01T13:32:00+00:00\",\"dateModified\":\"2026-02-19T06:53:53+00:00\",\"description\":\"Entre em contato conosco hoje mesmo para obter assist\u00eancia com o zoom de fotos de perfil do Instagram, hist\u00f3rias e muito mais.\",\"breadcrumb\":{\"@id\":\"https:\/\/zoomfrei.de\/pt-pt\/contact-us\/#breadcrumb\"},\"inLanguage\":\"pt-PT\",\"potentialAction\":[{\"@type\":\"ReadAction\",\"target\":[\"https:\/\/zoomfrei.de\/pt-pt\/contact-us\/\"]}]},{\"@type\":\"BreadcrumbList\",\"@id\":\"https:\/\/zoomfrei.de\/pt-pt\/contact-us\/#breadcrumb\",\"itemListElement\":[{\"@type\":\"ListItem\",\"position\":1,\"name\":\"Home\",\"item\":\"https:\/\/zoomfrei.de\/pt-pt\/\"},{\"@type\":\"ListItem\",\"position\":2,\"name\":\"Contate Nos\"}]},{\"@type\":\"WebSite\",\"@id\":\"https:\/\/zoomfrei.de\/pt-pt\/#website\",\"url\":\"https:\/\/zoomfrei.de\/pt-pt\/\",\"name\":\"Zoom Instagram\",\"description\":\"\",\"publisher\":{\"@id\":\"https:\/\/zoomfrei.de\/pt-pt\/#organization\"},\"potentialAction\":[{\"@type\":\"SearchAction\",\"target\":{\"@type\":\"EntryPoint\",\"urlTemplate\":\"https:\/\/zoomfrei.de\/pt-pt\/?s={search_term_string}\"},\"query-input\":{\"@type\":\"PropertyValueSpecification\",\"valueRequired\":true,\"valueName\":\"search_term_string\"}}],\"inLanguage\":\"pt-PT\"},{\"@type\":\"Organization\",\"@id\":\"https:\/\/zoomfrei.de\/pt-pt\/#organization\",\"name\":\"Zoom Instagram\",\"url\":\"https:\/\/zoomfrei.de\/pt-pt\/\",\"logo\":{\"@type\":\"ImageObject\",\"inLanguage\":\"pt-PT\",\"@id\":\"https:\/\/zoomfrei.de\/pt-pt\/#\/schema\/logo\/image\/\",\"url\":\"https:\/\/zoomfrei.de\/wp-content\/uploads\/sites\/3\/2025\/09\/logo_new.png\",\"contentUrl\":\"https:\/\/zoomfrei.de\/wp-content\/uploads\/sites\/3\/2025\/09\/logo_new.png\",\"width\":512,\"height\":512,\"caption\":\"Zoom Instagram\"},\"image\":{\"@id\":\"https:\/\/zoomfrei.de\/pt-pt\/#\/schema\/logo\/image\/\"}}]}<\/script>\n<!-- \/ Yoast SEO plugin. -->","yoast_head_json":{"title":"Contate Nos - - Suporte e assist\u00eancia do Insta Zoom | Zoom Insta","description":"Entre em contato conosco hoje mesmo para obter assist\u00eancia com o zoom de fotos de perfil do Instagram, hist\u00f3rias e muito mais.","robots":{"index":"index","follow":"follow","max-snippet":"max-snippet:-1","max-image-preview":"max-image-preview:large","max-video-preview":"max-video-preview:-1"},"canonical":"https:\/\/zoomfrei.de\/pt-pt\/contact-us\/","og_locale":"pt_PT","og_type":"article","og_title":"Contate Nos - - Suporte e assist\u00eancia do Insta Zoom | Zoom Insta","og_description":"Entre em contato conosco hoje mesmo para obter assist\u00eancia com o zoom de fotos de perfil do Instagram, hist\u00f3rias e muito mais.","og_url":"https:\/\/zoomfrei.de\/pt-pt\/contact-us\/","og_site_name":"Zoom Instagram","article_modified_time":"2026-02-19T06:53:53+00:00","twitter_card":"summary_large_image","twitter_misc":{"Tempo estimado de leitura":"1 minuto"},"schema":{"@context":"https:\/\/schema.org","@graph":[{"@type":"WebPage","@id":"https:\/\/zoomfrei.de\/pt-pt\/contact-us\/","url":"https:\/\/zoomfrei.de\/pt-pt\/contact-us\/","name":"Contate Nos - - Suporte e assist\u00eancia do Insta Zoom | Zoom Insta","isPartOf":{"@id":"https:\/\/zoomfrei.de\/pt-pt\/#website"},"datePublished":"2025-09-01T13:32:00+00:00","dateModified":"2026-02-19T06:53:53+00:00","description":"Entre em contato conosco hoje mesmo para obter assist\u00eancia com o zoom de fotos de perfil do Instagram, hist\u00f3rias e muito mais.","breadcrumb":{"@id":"https:\/\/zoomfrei.de\/pt-pt\/contact-us\/#breadcrumb"},"inLanguage":"pt-PT","potentialAction":[{"@type":"ReadAction","target":["https:\/\/zoomfrei.de\/pt-pt\/contact-us\/"]}]},{"@type":"BreadcrumbList","@id":"https:\/\/zoomfrei.de\/pt-pt\/contact-us\/#breadcrumb","itemListElement":[{"@type":"ListItem","position":1,"name":"Home","item":"https:\/\/zoomfrei.de\/pt-pt\/"},{"@type":"ListItem","position":2,"name":"Contate Nos"}]},{"@type":"WebSite","@id":"https:\/\/zoomfrei.de\/pt-pt\/#website","url":"https:\/\/zoomfrei.de\/pt-pt\/","name":"Zoom Instagram","description":"","publisher":{"@id":"https:\/\/zoomfrei.de\/pt-pt\/#organization"},"potentialAction":[{"@type":"SearchAction","target":{"@type":"EntryPoint","urlTemplate":"https:\/\/zoomfrei.de\/pt-pt\/?s={search_term_string}"},"query-input":{"@type":"PropertyValueSpecification","valueRequired":true,"valueName":"search_term_string"}}],"inLanguage":"pt-PT"},{"@type":"Organization","@id":"https:\/\/zoomfrei.de\/pt-pt\/#organization","name":"Zoom Instagram","url":"https:\/\/zoomfrei.de\/pt-pt\/","logo":{"@type":"ImageObject","inLanguage":"pt-PT","@id":"https:\/\/zoomfrei.de\/pt-pt\/#\/schema\/logo\/image\/","url":"https:\/\/zoomfrei.de\/wp-content\/uploads\/sites\/3\/2025\/09\/logo_new.png","contentUrl":"https:\/\/zoomfrei.de\/wp-content\/uploads\/sites\/3\/2025\/09\/logo_new.png","width":512,"height":512,"caption":"Zoom Instagram"},"image":{"@id":"https:\/\/zoomfrei.de\/pt-pt\/#\/schema\/logo\/image\/"}}]}},"_links":{"self":[{"href":"https:\/\/zoomfrei.de\/pt-pt\/wp-json\/wp\/v2\/pages\/263","targetHints":{"allow":["GET"]}}],"collection":[{"href":"https:\/\/zoomfrei.de\/pt-pt\/wp-json\/wp\/v2\/pages"}],"about":[{"href":"https:\/\/zoomfrei.de\/pt-pt\/wp-json\/wp\/v2\/types\/page"}],"author":[{"embeddable":true,"href":"https:\/\/zoomfrei.de\/pt-pt\/wp-json\/wp\/v2\/users\/2"}],"replies":[{"embeddable":true,"href":"https:\/\/zoomfrei.de\/pt-pt\/wp-json\/wp\/v2\/comments?post=263"}],"version-history":[{"count":7,"href":"https:\/\/zoomfrei.de\/pt-pt\/wp-json\/wp\/v2\/pages\/263\/revisions"}],"predecessor-version":[{"id":1387,"href":"https:\/\/zoomfrei.de\/pt-pt\/wp-json\/wp\/v2\/pages\/263\/revisions\/1387"}],"wp:attachment":[{"href":"https:\/\/zoomfrei.de\/pt-pt\/wp-json\/wp\/v2\/media?parent=263"}],"curies":[{"name":"wp","href":"https:\/\/api.w.org\/{rel}","templated":true}]}}